{"id":412,"date":"2024-10-10T09:31:22","date_gmt":"2024-10-10T09:31:22","guid":{"rendered":"https:\/\/dev-greekmosaico.pantheonsite.io\/?page_id=412"},"modified":"2024-11-07T21:58:44","modified_gmt":"2024-11-07T21:58:44","slug":"reusability","status":"publish","type":"page","link":"https:\/\/opengovai4d.ellak.gr\/it\/reusability\/","title":{"rendered":"Reusability"},"content":{"rendered":"<div class=\"wp-block-group alignfull has-global-padding is-layout-constrained wp-container-core-group-is-layout-e1df7a91 wp-block-group-is-layout-constrained\" style=\"padding-top:var(--wp--preset--spacing--20);padding-bottom:var(--wp--preset--spacing--20)\">\n<div class=\"wp-block-group alignwide is-layout-flow wp-block-group-is-layout-flow\">\n<h2 class=\"wp-block-heading\" style=\"font-style:normal;font-weight:500\">Riutilizzabilit\u00e0<\/h2>\n<\/div>\n\n\n\n<div class=\"wp-block-group alignwide is-layout-flow wp-block-group-is-layout-flow\">\n<h3 class=\"wp-block-heading\" style=\"font-style:normal;font-weight:500\">Definizione<\/h3>\n\n\n\n<p>Riutilizzare elementi costitutivi e soluzioni significa che gli enti della pubblica amministrazione cercano innanzitutto le soluzioni esistenti disponibili e, se valutate positivamente, vengono riutilizzate. Ci\u00f2 presuppone che gli enti pubblici adottino una politica di apertura alla documentazione, condividendo soluzioni, concetti, quadri, specifiche, strumenti e componenti di interoperabilit\u00e0 attraverso elenchi di interoperabilit\u00e0 settoriali o orizzontali. La riutilizzabilit\u00e0 delle soluzioni TIC (ad esempio componenti software, interfacce di programmazione delle applicazioni, norme), delle informazioni e dei dati contribuisce a promuovere l'interoperabilit\u00e0 estendendo il ciclo di vita di una soluzione, prolungandone ed estendendone l'uso. Inoltre, il riutilizzo contribuisce al risparmio di costi e tempo. Tali norme e specifiche esistenti possono e dovrebbero essere utilizzate in modo pi\u00f9 ampio e al di l\u00e0 del settore per il quale sono state originariamente elaborate.<\/p>\n<\/div>\n\n\n\n<div class=\"wp-block-group alignwide is-layout-flow wp-block-group-is-layout-flow\">\n<h3 class=\"wp-block-heading\" style=\"font-style:normal;font-weight:500\">Benefici della sua attuazione<\/h3>\n\n\n\n<p>Saranno tratti da Mosaico e dai testi di cui sopra dove esistono.<\/p>\n<\/div>\n\n\n\n<div class=\"wp-block-group alignwide is-layout-flow wp-block-group-is-layout-flow\">\n<h3 class=\"wp-block-heading\" style=\"font-style:normal;font-weight:500\">Oggetto quadro istituzionale<\/h3>\n\n\n\n<p><\/p>\n<\/div>\n\n\n\n<div class=\"wp-block-group alignwide is-layout-flow wp-block-group-is-layout-flow\">\n<h3 class=\"wp-block-heading\" style=\"font-style:normal;font-weight:500\">Buone pratiche<\/h3>\n\n\n\n<p><\/p>\n<\/div>\n<\/div>","protected":false},"excerpt":{"rendered":"<p>\u0394\u03c5\u03bd\u03b1\u03c4\u03cc\u03c4\u03b7\u03c4\u03b1 \u03b5\u03c0\u03b1\u03bd\u03b1\u03c7\u03c1\u03b7\u03c3\u03b9\u03bc\u03bf\u03c0\u03bf\u03af\u03b7\u03c3\u03b7\u03c2 \u039f\u03c1\u03b9\u03c3\u03bc\u03cc\u03c2 \u0397 \u03b5\u03c0\u03b1\u03bd\u03b1\u03c7\u03c1\u03b7\u03c3\u03b9\u03bc\u03bf\u03c0\u03bf\u03af\u03b7\u03c3\u03b7 \u03b4\u03bf\u03bc\u03b9\u03ba\u03ce\u03bd \u03c3\u03c4\u03bf\u03b9\u03c7\u03b5\u03af\u03c9\u03bd \u03ba\u03b1\u03b9 \u03bb\u03cd\u03c3\u03b5\u03c9\u03bd \u03c3\u03b7\u03bc\u03b1\u03af\u03bd\u03b5\u03b9 \u03cc\u03c4\u03b9 \u03bf\u03b9 \u03c6\u03bf\u03c1\u03b5\u03af\u03c2 \u03c4\u03b7\u03c2 \u03b4\u03b7\u03bc\u03cc\u03c3\u03b9\u03b1\u03c2 \u03b4\u03b9\u03bf\u03af\u03ba\u03b7\u03c3\u03b7\u03c2 \u03c0\u03c1\u03c9\u03c4\u03af\u03c3\u03c4\u03c9\u03c2 \u03b1\u03bd\u03b1\u03b6\u03b7\u03c4\u03bf\u03cd\u03bd \u03b4\u03b9\u03b1\u03b8\u03ad\u03c3\u03b9\u03bc\u03b5\u03c2 \u03c5\u03c6\u03b9\u03c3\u03c4\u03ac\u03bc\u03b5\u03bd\u03b5\u03c2 \u03bb\u03cd\u03c3\u03b5\u03b9\u03c2 \u03ba\u03b1\u03b9 \u03b5\u03c6\u03cc\u03c3\u03bf\u03bd \u03b1\u03c5\u03c4\u03ad\u03c2 \u03b1\u03be\u03b9\u03bf\u03bb\u03bf\u03b3\u03b7\u03b8\u03bf\u03cd\u03bd \u03b8\u03b5\u03c4\u03b9\u03ba\u03ac, \u03b5\u03c0\u03b1\u03bd\u03b1\u03c7\u03c1\u03b7\u03c3\u03b9\u03bc\u03bf\u03c0\u03bf\u03b9\u03bf\u03cd\u03bd\u03c4\u03b1\u03b9. \u0391\u03c5\u03c4\u03cc \u03c0\u03c1\u03bf\u03cb\u03c0\u03bf\u03b8\u03ad\u03c4\u03b5\u03b9 \u03cc\u03c4\u03b9 \u03bf\u03b9 \u03b4\u03b7\u03bc\u03cc\u03c3\u03b9\u03bf\u03b9 \u03c6\u03bf\u03c1\u03b5\u03af\u03c2 \u03c5\u03b9\u03bf\u03b8\u03b5\u03c4\u03bf\u03cd\u03bd \u03c0\u03bf\u03bb\u03b9\u03c4\u03b9\u03ba\u03ae \u03b1\u03bd\u03bf\u03b9\u03ba\u03c4\u03cc\u03c4\u03b7\u03c4\u03b1\u03c2 \u03c3\u03c4\u03b7\u03bd \u03c4\u03b5\u03ba\u03bc\u03b7\u03c1\u03af\u03c9\u03c3\u03b7, \u03b1\u03bd\u03c4\u03b1\u03bb\u03bb\u03b1\u03b3\u03ae \u03bb\u03cd\u03c3\u03b5\u03c9\u03bd, \u03b5\u03bd\u03bd\u03bf\u03b9\u03ce\u03bd, \u03c0\u03bb\u03b1\u03b9\u03c3\u03af\u03c9\u03bd, \u03c0\u03c1\u03bf\u03b4\u03b9\u03b1\u03b3\u03c1\u03b1\u03c6\u03ce\u03bd, \u03b5\u03c1\u03b3\u03b1\u03bb\u03b5\u03af\u03c9\u03bd \u03ba\u03b1\u03b9 \u03c3\u03c4\u03bf\u03b9\u03c7\u03b5\u03af\u03c9\u03bd \u03b4\u03b9\u03b1\u03bb\u03b5\u03b9\u03c4\u03bf\u03c5\u03c1\u03b3\u03b9\u03ba\u03cc\u03c4\u03b7\u03c4\u03b1\u03c2 \u03bc\u03ad\u03c3\u03c9 \u03ba\u03b1\u03c4\u03b1\u03bb\u03cc\u03b3\u03c9\u03bd \u03b4\u03b9\u03b1\u03bb\u03b5\u03b9\u03c4\u03bf\u03c5\u03c1\u03b3\u03b9\u03ba\u03cc\u03c4\u03b7\u03c4\u03b1\u03c2 \u03c4\u03bf\u03bc\u03b5\u03b1\u03ba\u03bf\u03cd \u03ae \u03bf\u03c1\u03b9\u03b6\u03cc\u03bd\u03c4\u03b9\u03bf\u03c5 \u03c7\u03b1\u03c1\u03b1\u03ba\u03c4\u03ae\u03c1\u03b1. \u0397 [&hellip;]<\/p>","protected":false},"author":1,"featured_media":0,"parent":0,"menu_order":0,"comment_status":"closed","ping_status":"closed","template":"wp-custom-template-different-header","meta":{"_uag_custom_page_level_css":"","footnotes":""},"class_list":["post-412","page","type-page","status-publish","hentry"],"uagb_featured_image_src":{"full":false,"thumbnail":false,"medium":false,"medium_large":false,"large":false,"1536x1536":false,"2048x2048":false,"etm-custom-language-flag":false,"gamipress-points":false,"gamipress-achievement":false,"gamipress-rank":false},"uagb_author_info":{"display_name":"admin","author_link":"https:\/\/opengovai4d.ellak.gr\/it\/author\/admin\/"},"uagb_comment_info":0,"uagb_excerpt":"\u0394\u03c5\u03bd\u03b1\u03c4\u03cc\u03c4\u03b7\u03c4\u03b1 \u03b5\u03c0\u03b1\u03bd\u03b1\u03c7\u03c1\u03b7\u03c3\u03b9\u03bc\u03bf\u03c0\u03bf\u03af\u03b7\u03c3\u03b7\u03c2 \u039f\u03c1\u03b9\u03c3\u03bc\u03cc\u03c2 \u0397 \u03b5\u03c0\u03b1\u03bd\u03b1\u03c7\u03c1\u03b7\u03c3\u03b9\u03bc\u03bf\u03c0\u03bf\u03af\u03b7\u03c3\u03b7 \u03b4\u03bf\u03bc\u03b9\u03ba\u03ce\u03bd \u03c3\u03c4\u03bf\u03b9\u03c7\u03b5\u03af\u03c9\u03bd \u03ba\u03b1\u03b9 \u03bb\u03cd\u03c3\u03b5\u03c9\u03bd \u03c3\u03b7\u03bc\u03b1\u03af\u03bd\u03b5\u03b9 \u03cc\u03c4\u03b9 \u03bf\u03b9 \u03c6\u03bf\u03c1\u03b5\u03af\u03c2 \u03c4\u03b7\u03c2 \u03b4\u03b7\u03bc\u03cc\u03c3\u03b9\u03b1\u03c2 \u03b4\u03b9\u03bf\u03af\u03ba\u03b7\u03c3\u03b7\u03c2 \u03c0\u03c1\u03c9\u03c4\u03af\u03c3\u03c4\u03c9\u03c2 \u03b1\u03bd\u03b1\u03b6\u03b7\u03c4\u03bf\u03cd\u03bd \u03b4\u03b9\u03b1\u03b8\u03ad\u03c3\u03b9\u03bc\u03b5\u03c2 \u03c5\u03c6\u03b9\u03c3\u03c4\u03ac\u03bc\u03b5\u03bd\u03b5\u03c2 \u03bb\u03cd\u03c3\u03b5\u03b9\u03c2 \u03ba\u03b1\u03b9 \u03b5\u03c6\u03cc\u03c3\u03bf\u03bd \u03b1\u03c5\u03c4\u03ad\u03c2 \u03b1\u03be\u03b9\u03bf\u03bb\u03bf\u03b3\u03b7\u03b8\u03bf\u03cd\u03bd \u03b8\u03b5\u03c4\u03b9\u03ba\u03ac, \u03b5\u03c0\u03b1\u03bd\u03b1\u03c7\u03c1\u03b7\u03c3\u03b9\u03bc\u03bf\u03c0\u03bf\u03b9\u03bf\u03cd\u03bd\u03c4\u03b1\u03b9. \u0391\u03c5\u03c4\u03cc \u03c0\u03c1\u03bf\u03cb\u03c0\u03bf\u03b8\u03ad\u03c4\u03b5\u03b9 \u03cc\u03c4\u03b9 \u03bf\u03b9 \u03b4\u03b7\u03bc\u03cc\u03c3\u03b9\u03bf\u03b9 \u03c6\u03bf\u03c1\u03b5\u03af\u03c2 \u03c5\u03b9\u03bf\u03b8\u03b5\u03c4\u03bf\u03cd\u03bd \u03c0\u03bf\u03bb\u03b9\u03c4\u03b9\u03ba\u03ae \u03b1\u03bd\u03bf\u03b9\u03ba\u03c4\u03cc\u03c4\u03b7\u03c4\u03b1\u03c2 \u03c3\u03c4\u03b7\u03bd \u03c4\u03b5\u03ba\u03bc\u03b7\u03c1\u03af\u03c9\u03c3\u03b7, \u03b1\u03bd\u03c4\u03b1\u03bb\u03bb\u03b1\u03b3\u03ae \u03bb\u03cd\u03c3\u03b5\u03c9\u03bd, \u03b5\u03bd\u03bd\u03bf\u03b9\u03ce\u03bd, \u03c0\u03bb\u03b1\u03b9\u03c3\u03af\u03c9\u03bd, \u03c0\u03c1\u03bf\u03b4\u03b9\u03b1\u03b3\u03c1\u03b1\u03c6\u03ce\u03bd, \u03b5\u03c1\u03b3\u03b1\u03bb\u03b5\u03af\u03c9\u03bd \u03ba\u03b1\u03b9 \u03c3\u03c4\u03bf\u03b9\u03c7\u03b5\u03af\u03c9\u03bd \u03b4\u03b9\u03b1\u03bb\u03b5\u03b9\u03c4\u03bf\u03c5\u03c1\u03b3\u03b9\u03ba\u03cc\u03c4\u03b7\u03c4\u03b1\u03c2 \u03bc\u03ad\u03c3\u03c9 \u03ba\u03b1\u03c4\u03b1\u03bb\u03cc\u03b3\u03c9\u03bd \u03b4\u03b9\u03b1\u03bb\u03b5\u03b9\u03c4\u03bf\u03c5\u03c1\u03b3\u03b9\u03ba\u03cc\u03c4\u03b7\u03c4\u03b1\u03c2 \u03c4\u03bf\u03bc\u03b5\u03b1\u03ba\u03bf\u03cd \u03ae \u03bf\u03c1\u03b9\u03b6\u03cc\u03bd\u03c4\u03b9\u03bf\u03c5 \u03c7\u03b1\u03c1\u03b1\u03ba\u03c4\u03ae\u03c1\u03b1. \u0397&hellip;","_links":{"self":[{"href":"https:\/\/opengovai4d.ellak.gr\/it\/wp-json\/wp\/v2\/pages\/412","targetHints":{"allow":["GET"]}}],"collection":[{"href":"https:\/\/opengovai4d.ellak.gr\/it\/wp-json\/wp\/v2\/pages"}],"about":[{"href":"https:\/\/opengovai4d.ellak.gr\/it\/wp-json\/wp\/v2\/types\/page"}],"author":[{"embeddable":true,"href":"https:\/\/opengovai4d.ellak.gr\/it\/wp-json\/wp\/v2\/users\/1"}],"replies":[{"embeddable":true,"href":"https:\/\/opengovai4d.ellak.gr\/it\/wp-json\/wp\/v2\/comments?post=412"}],"version-history":[{"count":1,"href":"https:\/\/opengovai4d.ellak.gr\/it\/wp-json\/wp\/v2\/pages\/412\/revisions"}],"predecessor-version":[{"id":413,"href":"https:\/\/opengovai4d.ellak.gr\/it\/wp-json\/wp\/v2\/pages\/412\/revisions\/413"}],"wp:attachment":[{"href":"https:\/\/opengovai4d.ellak.gr\/it\/wp-json\/wp\/v2\/media?parent=412"}],"curies":[{"name":"wp","href":"https:\/\/api.w.org\/{rel}","templated":true}]}}