{"id":331,"date":"2024-10-10T06:38:48","date_gmt":"2024-10-10T06:38:48","guid":{"rendered":"https:\/\/dev-greekmosaico.pantheonsite.io\/?page_id=331"},"modified":"2024-11-14T08:37:16","modified_gmt":"2024-11-14T08:37:16","slug":"accessibility","status":"publish","type":"page","link":"https:\/\/opengovai4d.ellak.gr\/it\/accessibility\/","title":{"rendered":"Accessibility"},"content":{"rendered":"<div class=\"wp-block-group alignfull has-global-padding is-layout-constrained wp-block-group-is-layout-constrained\">\n<div class=\"wp-block-group alignfull has-global-padding is-layout-constrained wp-container-core-group-is-layout-e1df7a91 wp-block-group-is-layout-constrained\" style=\"padding-top:var(--wp--preset--spacing--20);padding-bottom:var(--wp--preset--spacing--20)\">\n<div class=\"wp-block-group alignwide is-layout-flow wp-block-group-is-layout-flow\">\n<h2 class=\"wp-block-heading\" style=\"font-style:normal;font-weight:500\">Accessibilit\u00e0<\/h2>\n<\/div>\n\n\n\n<div class=\"wp-block-group alignwide is-layout-flow wp-block-group-is-layout-flow\">\n<h3 class=\"wp-block-heading\" style=\"font-style:normal;font-weight:500\">Definizione<\/h3>\n\n\n\n<p><em>(vedi <a href=\"https:\/\/mosaico.gov.pt\/areas-tecnicas\/acessibilidade\">mosaico<\/a>)<\/em><\/p>\n\n\n\n<p>L'accessibilit\u00e0, nel suo senso pi\u00f9 ampio, \u00e8 la qualit\u00e0 che qualcosa pu\u00f2 essere utilizzato da tutti, comprese le persone con disabilit\u00e0. Per quanto riguarda Internet, la sua definizione non cambia molto. L'accessibilit\u00e0 del web \u00e8 la pratica di rendere i siti web utilizzabili dal maggior numero possibile di persone. Cio\u00e8, attraverso la progettazione, lo sviluppo e il contenuto, cerchiamo di offrire a tutti un'esperienza eccellente, indipendentemente dalle loro risorse o da come vengono utilizzati i dispositivi.<\/p>\n\n\n\n<p>Tim Berners-Lee, direttore di <a href=\"https:\/\/www.w3.org\/mission\/accessibility\/\">Consorzio del World Wide Web<\/a> (W3C) e inventore di WWW, il potere del Web sta nella sua universalit\u00e0: L'accesso per tutti, indipendentemente dalla disabilit\u00e0, \u00e8 un aspetto essenziale.<\/p>\n\n\n\n<p>Circa una persona su sette ha una disabilit\u00e0 che influenza il modo in cui interagisce con il mondo e i suoi dispositivi. Le persone possono sperimentare disabilit\u00e0 a qualsiasi et\u00e0, per qualsiasi durata e a diversi livelli di gravit\u00e0. Ad esempio, danni occasionali, come lesioni al polso dovute a cadute o perdita della voce a causa di un uso eccessivo, possono influire sul modo in cui i dispositivi interagiscono in momenti diversi.<\/p>\n\n\n\n<p>Nell'Unione europea, la norma contenente i requisiti di accessibilit\u00e0 applicabili alle applicazioni web e mobili \u00e8 la norma <a href=\"https:\/\/www.etsi.org\/deliver\/etsi_en\/301500_301599\/301549\/02.01.02_60\/en_301549v020102p.pdf\">EN301549<\/a>, copia della norma di conformit\u00e0 <a href=\"https:\/\/www.w3.org\/WAI\/standards-guidelines\/wcag\/\">WCAG 2.1<\/a> \"AA\". In Grecia, questi requisiti sono inclusi nel <a href=\"https:\/\/www.secdigital.gov.gr\/wp-content\/uploads\/2023\/05\/Accessibility_Guide.pdf\">Guida all'accessibilit\u00e0 digitale<\/a>.<\/p>\n<\/div>\n\n\n\n<div class=\"wp-block-group alignwide is-layout-flow wp-block-group-is-layout-flow\">\n<h3 class=\"wp-block-heading\" style=\"font-style:normal;font-weight:500\">Vantaggi dell'utilizzo<\/h3>\n\n\n\n<p><em>(vedi <a href=\"https:\/\/mosaico.gov.pt\/areas-tecnicas\/acessibilidade\">mosaico<\/a>)<\/em><\/p>\n\n\n\n<ul class=\"wp-block-list\">\n<li>Semplificazione del linguaggio di codice (semantica HTML).<\/li>\n\n\n\n<li>Possibilit\u00e0 di raggiungere pi\u00f9 utenti.<\/li>\n\n\n\n<li>Aumento della capacit\u00e0 e del grado di indipendenza dell'utente e, di conseguenza, riduzione dei tempi di esecuzione di un'attivit\u00e0.<\/li>\n\n\n\n<li>Riduzione dei costi di servizio faccia a faccia e possibile rilascio di risorse per altre attivit\u00e0.<\/li>\n\n\n\n<li>Ottimizzazione dei motori di ricerca (SEO).<\/li>\n\n\n\n<li>Facilit\u00e0 di manutenzione, aggiornamento e riprogettazione dei siti web.<\/li>\n\n\n\n<li>Maggiore e migliore compatibilit\u00e0 con altri dispositivi elettronici.<\/li>\n<\/ul>\n<\/div>\n\n\n\n<div class=\"wp-block-group alignwide is-layout-flow wp-block-group-is-layout-flow\">\n<h3 class=\"wp-block-heading\" style=\"font-style:normal;font-weight:500\">Quadro istituzionale<\/h3>\n\n\n\n<ul class=\"wp-block-list\">\n<li style=\"margin-top:var(--wp--preset--spacing--10);margin-bottom:var(--wp--preset--spacing--10)\">Direttiva europea sui requisiti di accessibilit\u00e0 <br>Ravvicinamento delle disposizioni legislative, regolamentari e amministrative degli Stati membri relative ai requisiti di accessibilit\u00e0 dei siti web e delle applicazioni mobili degli enti pubblici, consentendo in tal modo a tali siti web e applicazioni mobili di essere pi\u00f9 accessibili agli utenti, in particolare alle persone con disabilit\u00e0.<br><br>Vedi <a href=\"https:\/\/eur-lex.europa.eu\/legal-content\/EL\/TXT\/PDF\/?uri=CELEX:32016L2102\">Direttiva (UE) 2016\/2102<\/a> sull'accessibilit\u00e0 dei siti web e delle applicazioni mobili degli enti pubblici<br><\/li>\n\n\n\n<li style=\"padding-top:var(--wp--preset--spacing--20);padding-bottom:var(--wp--preset--spacing--20)\">Recepimento nel diritto greco della direttiva (UE) 2016\/2102<br><br>Cfr. \u201c<a href=\"https:\/\/mindigital.gr\/wp-content\/uploads\/2024\/02\/%CE%9D%CE%BF%CC%81%CE%BC%CE%BF%CF%82-4727_2020_%CE%A8%CE%B7%CF%86%CE%B9%CE%B1%CE%BA%CE%B7%CC%81-%CE%94%CE%B9%CE%B1%CE%BA%CF%85%CE%B2%CE%B5%CC%81%CF%81%CE%BD%CE%B7%CF%83%CE%B7.pdf\">NOMOS n. 4727<\/a>\u201d<br><\/li>\n\n\n\n<li style=\"padding-top:var(--wp--preset--spacing--10);padding-bottom:var(--wp--preset--spacing--10)\">Diritto europeo dell'accessibilit\u00e0<br>Recepisce la direttiva (UE) 2019\/882 sui requisiti di accessibilit\u00e0 dei prodotti e dei servizi<br><br>Vedi <a href=\"https:\/\/eur-lex.europa.eu\/legal-content\/EL\/TXT\/HTML\/?uri=CELEX:32019L0882\">Direttiva (UE) 2019\/882<\/a> sui requisiti di accessibilit\u00e0 dei prodotti e dei servizi<\/li>\n<\/ul>\n<\/div>\n\n\n\n<div class=\"wp-block-group alignwide is-layout-flow wp-block-group-is-layout-flow\">\n<h3 class=\"wp-block-heading\" style=\"font-style:normal;font-weight:500\">Buone pratiche<\/h3>\n\n\n\n<p>Sar\u00e0 preso dal mosaico.<\/p>\n<\/div>\n\n\n\n<div class=\"wp-block-group alignwide is-layout-flow wp-block-group-is-layout-flow\">\n<h3 class=\"wp-block-heading\" style=\"font-style:normal;font-weight:500\">Strumenti<\/h3>\n\n\n\n<p>Sar\u00e0 preso dal mosaico.<\/p>\n<\/div>\n<\/div>\n<\/div>","protected":false},"excerpt":{"rendered":"<p>\u03a0\u03c1\u03bf\u03c3\u03b2\u03b1\u03c3\u03b9\u03bc\u03cc\u03c4\u03b7\u03c4\u03b1 \u039f\u03c1\u03b9\u03c3\u03bc\u03cc\u03c2 (\u03b2\u03bb\u03ad\u03c0\u03b5 mosaico) \u0397 \u03c0\u03c1\u03bf\u03c3\u03b2\u03b1\u03c3\u03b9\u03bc\u03cc\u03c4\u03b7\u03c4\u03b1, \u03bc\u03b5 \u03c4\u03b7\u03bd \u03b5\u03c5\u03c1\u03b5\u03af\u03b1 \u03c4\u03b7\u03c2 \u03ad\u03bd\u03bd\u03bf\u03b9\u03b1, \u03b5\u03af\u03bd\u03b1\u03b9 \u03b7 \u03c0\u03bf\u03b9\u03cc\u03c4\u03b7\u03c4\u03b1 \u03cc\u03c4\u03b9 \u03ba\u03ac\u03c4\u03b9 \u03bc\u03c0\u03bf\u03c1\u03b5\u03af \u03bd\u03b1 \u03c7\u03c1\u03b7\u03c3\u03b9\u03bc\u03bf\u03c0\u03bf\u03b9\u03b7\u03b8\u03b5\u03af \u03b1\u03c0\u03cc \u03cc\u03bb\u03bf\u03c5\u03c2, \u03c3\u03c5\u03bc\u03c0\u03b5\u03c1\u03b9\u03bb\u03b1\u03bc\u03b2\u03b1\u03bd\u03bf\u03bc\u03ad\u03bd\u03c9\u03bd \u03c4\u03c9\u03bd \u03b1\u03c4\u03cc\u03bc\u03c9\u03bd \u03bc\u03b5 \u03b1\u03bd\u03b1\u03c0\u03b7\u03c1\u03af\u03b1. \u038c\u03c3\u03bf\u03bd \u03b1\u03c6\u03bf\u03c1\u03ac \u03c4\u03bf \u03b4\u03b9\u03b1\u03b4\u03af\u03ba\u03c4\u03c5\u03bf, \u03bf \u03bf\u03c1\u03b9\u03c3\u03bc\u03cc\u03c2 \u03c4\u03bf\u03c5 \u03b4\u03b5\u03bd \u03b1\u03bb\u03bb\u03ac\u03b6\u03b5\u03b9 \u03c0\u03bf\u03bb\u03cd. \u0397 \u03c0\u03c1\u03bf\u03c3\u03b2\u03b1\u03c3\u03b9\u03bc\u03cc\u03c4\u03b7\u03c4\u03b1 \u03c3\u03c4\u03bf \u03b4\u03b9\u03b1\u03b4\u03af\u03ba\u03c4\u03c5\u03bf \u03b5\u03af\u03bd\u03b1\u03b9 \u03b7 \u03c0\u03c1\u03b1\u03ba\u03c4\u03b9\u03ba\u03ae \u03bd\u03b1 \u03ba\u03b1\u03b8\u03af\u03c3\u03c4\u03b1\u03bd\u03c4\u03b1\u03b9 \u03bf\u03b9 \u03b9\u03c3\u03c4\u03cc\u03c4\u03bf\u03c0\u03bf\u03b9 \u03c7\u03c1\u03b7\u03c3\u03c4\u03b9\u03ba\u03bf\u03af \u03b1\u03c0\u03cc \u03cc\u03c3\u03bf \u03c4\u03bf \u03b4\u03c5\u03bd\u03b1\u03c4\u03cc\u03bd \u03c0\u03b5\u03c1\u03b9\u03c3\u03c3\u03cc\u03c4\u03b5\u03c1\u03b1 \u03ac\u03c4\u03bf\u03bc\u03b1. \u0394\u03b7\u03bb\u03b1\u03b4\u03ae, [&hellip;]<\/p>","protected":false},"author":1,"featured_media":0,"parent":0,"menu_order":0,"comment_status":"closed","ping_status":"closed","template":"wp-custom-template-different-header","meta":{"_uag_custom_page_level_css":"","footnotes":""},"class_list":["post-331","page","type-page","status-publish","hentry"],"uagb_featured_image_src":{"full":false,"thumbnail":false,"medium":false,"medium_large":false,"large":false,"1536x1536":false,"2048x2048":false,"etm-custom-language-flag":false,"gamipress-points":false,"gamipress-achievement":false,"gamipress-rank":false},"uagb_author_info":{"display_name":"admin","author_link":"https:\/\/opengovai4d.ellak.gr\/it\/author\/admin\/"},"uagb_comment_info":0,"uagb_excerpt":"\u03a0\u03c1\u03bf\u03c3\u03b2\u03b1\u03c3\u03b9\u03bc\u03cc\u03c4\u03b7\u03c4\u03b1 \u039f\u03c1\u03b9\u03c3\u03bc\u03cc\u03c2 (\u03b2\u03bb\u03ad\u03c0\u03b5 mosaico) \u0397 \u03c0\u03c1\u03bf\u03c3\u03b2\u03b1\u03c3\u03b9\u03bc\u03cc\u03c4\u03b7\u03c4\u03b1, \u03bc\u03b5 \u03c4\u03b7\u03bd \u03b5\u03c5\u03c1\u03b5\u03af\u03b1 \u03c4\u03b7\u03c2 \u03ad\u03bd\u03bd\u03bf\u03b9\u03b1, \u03b5\u03af\u03bd\u03b1\u03b9 \u03b7 \u03c0\u03bf\u03b9\u03cc\u03c4\u03b7\u03c4\u03b1 \u03cc\u03c4\u03b9 \u03ba\u03ac\u03c4\u03b9 \u03bc\u03c0\u03bf\u03c1\u03b5\u03af \u03bd\u03b1 \u03c7\u03c1\u03b7\u03c3\u03b9\u03bc\u03bf\u03c0\u03bf\u03b9\u03b7\u03b8\u03b5\u03af \u03b1\u03c0\u03cc \u03cc\u03bb\u03bf\u03c5\u03c2, \u03c3\u03c5\u03bc\u03c0\u03b5\u03c1\u03b9\u03bb\u03b1\u03bc\u03b2\u03b1\u03bd\u03bf\u03bc\u03ad\u03bd\u03c9\u03bd \u03c4\u03c9\u03bd \u03b1\u03c4\u03cc\u03bc\u03c9\u03bd \u03bc\u03b5 \u03b1\u03bd\u03b1\u03c0\u03b7\u03c1\u03af\u03b1. \u038c\u03c3\u03bf\u03bd \u03b1\u03c6\u03bf\u03c1\u03ac \u03c4\u03bf \u03b4\u03b9\u03b1\u03b4\u03af\u03ba\u03c4\u03c5\u03bf, \u03bf \u03bf\u03c1\u03b9\u03c3\u03bc\u03cc\u03c2 \u03c4\u03bf\u03c5 \u03b4\u03b5\u03bd \u03b1\u03bb\u03bb\u03ac\u03b6\u03b5\u03b9 \u03c0\u03bf\u03bb\u03cd. \u0397 \u03c0\u03c1\u03bf\u03c3\u03b2\u03b1\u03c3\u03b9\u03bc\u03cc\u03c4\u03b7\u03c4\u03b1 \u03c3\u03c4\u03bf \u03b4\u03b9\u03b1\u03b4\u03af\u03ba\u03c4\u03c5\u03bf \u03b5\u03af\u03bd\u03b1\u03b9 \u03b7 \u03c0\u03c1\u03b1\u03ba\u03c4\u03b9\u03ba\u03ae \u03bd\u03b1 \u03ba\u03b1\u03b8\u03af\u03c3\u03c4\u03b1\u03bd\u03c4\u03b1\u03b9 \u03bf\u03b9 \u03b9\u03c3\u03c4\u03cc\u03c4\u03bf\u03c0\u03bf\u03b9 \u03c7\u03c1\u03b7\u03c3\u03c4\u03b9\u03ba\u03bf\u03af \u03b1\u03c0\u03cc \u03cc\u03c3\u03bf \u03c4\u03bf \u03b4\u03c5\u03bd\u03b1\u03c4\u03cc\u03bd \u03c0\u03b5\u03c1\u03b9\u03c3\u03c3\u03cc\u03c4\u03b5\u03c1\u03b1 \u03ac\u03c4\u03bf\u03bc\u03b1. \u0394\u03b7\u03bb\u03b1\u03b4\u03ae,&hellip;","_links":{"self":[{"href":"https:\/\/opengovai4d.ellak.gr\/it\/wp-json\/wp\/v2\/pages\/331","targetHints":{"allow":["GET"]}}],"collection":[{"href":"https:\/\/opengovai4d.ellak.gr\/it\/wp-json\/wp\/v2\/pages"}],"about":[{"href":"https:\/\/opengovai4d.ellak.gr\/it\/wp-json\/wp\/v2\/types\/page"}],"author":[{"embeddable":true,"href":"https:\/\/opengovai4d.ellak.gr\/it\/wp-json\/wp\/v2\/users\/1"}],"replies":[{"embeddable":true,"href":"https:\/\/opengovai4d.ellak.gr\/it\/wp-json\/wp\/v2\/comments?post=331"}],"version-history":[{"count":10,"href":"https:\/\/opengovai4d.ellak.gr\/it\/wp-json\/wp\/v2\/pages\/331\/revisions"}],"predecessor-version":[{"id":1372,"href":"https:\/\/opengovai4d.ellak.gr\/it\/wp-json\/wp\/v2\/pages\/331\/revisions\/1372"}],"wp:attachment":[{"href":"https:\/\/opengovai4d.ellak.gr\/it\/wp-json\/wp\/v2\/media?parent=331"}],"curies":[{"name":"wp","href":"https:\/\/api.w.org\/{rel}","templated":true}]}}