{"id":1650,"date":"2026-04-15T14:19:30","date_gmt":"2026-04-15T14:19:30","guid":{"rendered":"https:\/\/ai4d-demo.infinityfree.me\/?page_id=1650"},"modified":"2026-04-15T14:20:52","modified_gmt":"2026-04-15T14:20:52","slug":"impact-analysis","status":"publish","type":"page","link":"https:\/\/opengovai4d.ellak.gr\/it\/impact-analysis\/","title":{"rendered":"ANALISI DELLE CONSEGUENZE"},"content":{"rendered":"<div class=\"wp-block-uagb-container uagb-block-29dba77c alignfull uagb-is-root-container\">\n<div class=\"wp-block-uagb-advanced-heading uagb-block-d497f5eb\"><h2 class=\"uagb-heading-text\"><strong>ANALISI DELLE CONSEGUENZE<\/strong><\/h2><\/div>\n\n\n\n<h3 class=\"wp-block-heading\"><strong>1. Quale problema affronta la proposta?<\/strong><\/h3>\n\n\n\n<p>La Grecia partecipa all'Open Government Partnership (OGP) senza avere un Forum multilaterale istituzionalizzato (MSF), come richiesto dagli OGP Participation &amp; Co-Creation Standards 2022. Questa assenza si traduce in: l'incapacit\u00e0 di co-creare efficacemente i piani d'azione nazionali, la mancanza di spazio istituzionale per la cooperazione Stato-societ\u00e0 civile e il riesame procedurale a cui il paese \u00e8 gi\u00e0 stato sottoposto.<\/p>\n\n\n\n<h3 class=\"wp-block-heading\"><strong>2. Perch\u00e9 \u00e8 un problema?<\/strong><\/h3>\n\n\n\n<p>L'esperienza senza tempo della Grecia nell'OGP presenta un \"divario di attuazione\" ricorrente tra impegni e risultati. L'assenza di un meccanismo di dialogo permanente ostacola il monitoraggio dell'attuazione, indebolisce la responsabilit\u00e0 e mina la fiducia tra lo Stato e i cittadini. Senza MSF, i piani d'azione nazionali sono concepiti unilateralmente e non si basano sull'intelligenza collettiva della societ\u00e0 civile.<\/p>\n\n\n\n<h3 class=\"wp-block-heading\"><strong>3. Per chi e'?<\/strong><\/h3>\n\n\n\n<p>La proposta riguarda il ministero della Governance digitale (rappresentante nazionale della Grecia presso l'OGP), altri ministeri ed enti pubblici, organizzazioni non governative attive o interessate a questioni di governance aperta, organismi accademici e di ricerca, associazioni giornalistiche, comunit\u00e0 tecnologiche, organizzazioni giovanili e gruppi vulnerabili, nonch\u00e9 tutti i cittadini.<\/p>\n\n\n\n<h3 class=\"wp-block-heading\"><strong>4. Esperienza internazionale<\/strong><\/h3>\n\n\n\n<p>La proposta si basa su pratiche internazionali basate su dati concreti: il modello italiano (22 membri di MSF, istituzionalizzati dal 2022), l'approccio finlandese (modello di rete degli oltre 100 membri) e la leadership digitale estone.<\/p>\n\n\n\n<h3 class=\"wp-block-heading\"><strong>5. Risultati attesi<\/strong><\/h3>\n\n\n\n<p>L'istituzione di MSF dovrebbe soddisfare i requisiti dell'OGP e revocare la valutazione procedurale, creare un'istituzione permanente di cooperazione Stato-societ\u00e0 civile, migliorare la qualit\u00e0 dei piani d'azione nazionali attraverso la co-creazione e, infine, rafforzare la responsabilit\u00e0 e la fiducia dei cittadini-Stati.<\/p>\n\n\n\n<h3 class=\"wp-block-heading\"><strong>6. Quadro giuridico e istituzionale<\/strong><\/h3>\n\n\n\n<p><strong>Legislazione greca:<\/strong><\/p>\n\n\n\n<ul class=\"wp-block-list\">\n<li>Legge 4727\/2020 sulla governance digitale (Gazzetta ufficiale, serie I, n. 184\/23.9.2020)<\/li>\n\n\n\n<li>Legge 4622\/2019 \u2013 Stato esecutivo: organizzazione, funzionamento e trasparenza del governo (Gazzetta ufficiale, serie I, n. 133, 7.8.2019) \u2013 disciplina, tra l'altro, la consultazione pubblica tramite opengov.gr<\/li>\n\n\n\n<li>Legge 4624\/2019 - Protezione dei dati personali (applicazione GDPR)<\/li>\n\n\n\n<li>Legge 3861\/2010 \u2014 Programma Diavgeia<\/li>\n\n\n\n<li>Legge 4305\/2014 \u2013 Apertura dei dati pubblici<\/li>\n<\/ul>\n\n\n\n<p><strong>Quadro europeo:<\/strong><\/p>\n\n\n\n<ul class=\"wp-block-list\">\n<li>Regolamento (UE) 2016\/679 \u2013 Regolamento generale sulla protezione dei dati (GDPR)<\/li>\n\n\n\n<li>Regolamento (UE) 2024\/1689 \u2013 Legge sull'intelligenza artificiale<\/li>\n\n\n\n<li>Direttiva (UE) 2019\/1024 \u2013 Open Data<\/li>\n\n\n\n<li>Raccomandazione dell'OCSE sulla governance aperta (2017)<\/li>\n<\/ul>\n\n\n\n<p><strong>Norma di OGP:<\/strong><\/p>\n\n\n\n<ul class=\"wp-block-list\">\n<li>OGP Participation &amp; Standard di co-creazione (2022)<\/li>\n\n\n\n<li>Manuale del forum multilaterale OGP<\/li>\n\n\n\n<li>Orientamenti del piano d'azione nazionale dell'OGP<\/li>\n<\/ul>\n\n\n\n<p>La presente proposta non richiede alcuna legislazione. Il forum multilaterale pu\u00f2 essere istituito mediante decisione ministeriale o atto del Consiglio dei ministri, in linea con la prassi internazionale (ad esempio l'Italia: Regolamento MSF luglio 2022, Spagna: Decisione ministeriale HFP\/134\/2018, Australia: Mandato 2024).<\/p>\n\n\n\n<hr class=\"wp-block-separator has-alpha-channel-opacity\"\/>\n\n\n\n<h3 class=\"wp-block-heading\"><strong>7. Confronto dei modelli internazionali<\/strong><\/h3>\n\n\n\n<figure class=\"wp-block-table\"><table class=\"has-fixed-layout\"><tbody><tr><td><strong>Paese<\/strong><\/td><td><strong>Dimensioni di MSF<\/strong><\/td><td><strong>Base istituzionale<\/strong><\/td><td><strong>Valutazione IRM<\/strong><\/td><td><strong>Principali innovazioni<\/strong><\/td><\/tr><tr><td><strong>Italia<\/strong><\/td><td>22 (11+11)<\/td><td>Regolamento 2022<\/td><td>Positivo<\/td><td>Una comunit\u00e0 pi\u00f9 ampia di oltre 100 membri<\/td><\/tr><tr><td><strong>Australia<\/strong><\/td><td>18 (9+9)<\/td><td>Mandato<\/td><td>Positivo<\/td><td>Chatham House Rule in sessioni a porte chiuse<\/td><\/tr><tr><td><strong>Finlandia<\/strong><\/td><td>Rete 100+<\/td><td>Strategia nazionale<\/td><td>Positivo<\/td><td>Modello a doppia struttura, Open Government Academy<\/td><\/tr><tr><td><strong>Estonia<\/strong><\/td><td>Variabile<\/td><td>Quadro di e-Governance<\/td><td>Positivo<\/td><td>Integrazione digitale completa<\/td><\/tr><tr><td><strong>Regno Unito<\/strong><\/td><td>~20<\/td><td>MSF strutturato<\/td><td>Moderato<\/td><td>Riunioni ibride trimestrali<\/td><\/tr><tr><td><strong>Spagna<\/strong><\/td><td>~30<\/td><td>Ministero delle Finanze Decisione 2018<\/td><td>Moderato<\/td><td>Integrazione multilivello (nazionale\/regionale\/locale)<\/td><\/tr><\/tbody><\/table><\/figure>\n\n\n\n<p><strong>Lezioni chiave per la Grecia:<\/strong><\/p>\n\n\n\n<ul class=\"wp-block-list\">\n<li>La rappresentazione bilanciata (50-50) \u00e8 un denominatore comune in tutti i modelli di successo<\/li>\n\n\n\n<li>Il ridimensionamento graduale (piccolo \u2192 grande) \u00e8 fattibile e raccomandato<\/li>\n\n\n\n<li>La presenza regolare di rappresentanti del governo \u00e8 fondamentale (lezione australiana)<\/li>\n\n\n\n<li>L'esistenza di un segretariato misto rafforza la memoria istituzionale<\/li>\n<\/ul>\n\n\n\n<hr class=\"wp-block-separator has-alpha-channel-opacity\"\/>\n\n\n\n<h3 class=\"wp-block-heading\"><strong>8. Valutazione d'impatto<\/strong><\/h3>\n\n\n\n<p><strong>Impatto positivo:<\/strong><\/p>\n\n\n\n<ul class=\"wp-block-list\">\n<li>Rispondere agli obblighi OGP e alla potenziale revoca della valutazione procedurale<\/li>\n\n\n\n<li>Istituzione di uno spazio istituzionale permanente per il dialogo Stato-societ\u00e0 civile<\/li>\n\n\n\n<li>Migliorare la qualit\u00e0 dei piani d'azione nazionali attraverso la co-creazione<\/li>\n\n\n\n<li>Rafforzare la memoria istituzionale e la continuit\u00e0 delle politiche di governo aperto<\/li>\n<\/ul>\n\n\n\n<p><strong>Costi di attuazione:<\/strong><\/p>\n\n\n\n<ul class=\"wp-block-list\">\n<li>Costi diretti minimi: l'operazione si basa sulla partecipazione volontaria e sulle infrastrutture esistenti<\/li>\n\n\n\n<li>Tempo dei dipendenti pubblici: impegno stimato ~2-4 ore\/mese per membro<\/li>\n\n\n\n<li>Sostegno del segretariato: necessit\u00e0 stimata di 0,5-1 posti di lavoro a tempo pieno<\/li>\n<\/ul>\n\n\n\n<p><strong>Rischi:<\/strong><\/p>\n\n\n\n<ul class=\"wp-block-list\">\n<li>Mancata risposta degli organi governativi alle riunioni (misurata attraverso i deputati e la presenza politica)<\/li>\n\n\n\n<li>Mancanza di finanziamenti del segretariato a medio termine (attenuazione attraverso un'escalation graduale e un sostegno volontario)<\/li>\n\n\n\n<li>Funzione tipica di influenza non sostanziale (misurata mediante relazioni pubbliche sui progressi compiuti e valutazione IRM)<\/li>\n<\/ul>\n<\/div>","protected":false},"excerpt":{"rendered":"<p>\u0391\u039d\u0391\u039b\u03a5\u03a3\u0397 \u03a3\u03a5\u039d\u0395\u03a0\u0395\u0399\u03a9\u039d 1. \u03a0\u03bf\u03b9\u03bf \u03b6\u03ae\u03c4\u03b7\u03bc\u03b1 \u03b1\u03bd\u03c4\u03b9\u03bc\u03b5\u03c4\u03c9\u03c0\u03af\u03b6\u03b5\u03b9 \u03b7 \u03c0\u03c1\u03cc\u03c4\u03b1\u03c3\u03b7; \u0397 \u0395\u03bb\u03bb\u03ac\u03b4\u03b1 \u03c3\u03c5\u03bc\u03bc\u03b5\u03c4\u03ad\u03c7\u03b5\u03b9 \u03c3\u03c4\u03b7\u03bd \u03a3\u03cd\u03bc\u03c0\u03c1\u03b1\u03be\u03b7 \u03b3\u03b9\u03b1 \u03c4\u03b7\u03bd \u0391\u03bd\u03bf\u03b9\u03c7\u03c4\u03ae \u0394\u03b9\u03b1\u03ba\u03c5\u03b2\u03ad\u03c1\u03bd\u03b7\u03c3\u03b7 (OGP) \u03c7\u03c9\u03c1\u03af\u03c2 \u03bd\u03b1 \u03b4\u03b9\u03b1\u03b8\u03ad\u03c4\u03b5\u03b9 \u03b8\u03b5\u03c3\u03bc\u03bf\u03b8\u03b5\u03c4\u03b7\u03bc\u03ad\u03bd\u03bf \u03a0\u03bf\u03bb\u03c5\u03bc\u03b5\u03c1\u03ad\u03c2 \u03a6\u03cc\u03c1\u03bf\u03c5\u03bc (Multistakeholder Forum \u2014 MSF), \u03cc\u03c0\u03c9\u03c2 \u03b1\u03c0\u03b1\u03b9\u03c4\u03b5\u03af\u03c4\u03b1\u03b9 \u03b1\u03c0\u03cc \u03c4\u03b1 \u03c0\u03c1\u03cc\u03c4\u03c5\u03c0\u03b1 \u03c3\u03c5\u03bc\u03bc\u03b5\u03c4\u03bf\u03c7\u03ae\u03c2 \u03ba\u03b1\u03b9 \u03c3\u03c5\u03bd-\u03b4\u03b7\u03bc\u03b9\u03bf\u03c5\u03c1\u03b3\u03af\u03b1\u03c2 \u03c4\u03bf\u03c5 OGP (OGP Participation &amp; Co-Creation Standards 2022). \u0397 \u03b1\u03c0\u03bf\u03c5\u03c3\u03af\u03b1 \u03b1\u03c5\u03c4\u03ae \u03ad\u03c7\u03b5\u03b9 \u03c9\u03c2 \u03b1\u03c0\u03bf\u03c4\u03ad\u03bb\u03b5\u03c3\u03bc\u03b1: \u03c4\u03b7\u03bd \u03b1\u03b4\u03c5\u03bd\u03b1\u03bc\u03af\u03b1 \u03bf\u03c5\u03c3\u03b9\u03b1\u03c3\u03c4\u03b9\u03ba\u03ae\u03c2 \u03c3\u03c5\u03bd-\u03b4\u03b7\u03bc\u03b9\u03bf\u03c5\u03c1\u03b3\u03af\u03b1\u03c2 \u03c4\u03c9\u03bd [&hellip;]<\/p>","protected":false},"author":1,"featured_media":0,"parent":0,"menu_order":0,"comment_status":"closed","ping_status":"closed","template":"wp-custom-template-different-header","meta":{"_uag_custom_page_level_css":"","footnotes":""},"class_list":["post-1650","page","type-page","status-publish","hentry"],"uagb_featured_image_src":{"full":false,"thumbnail":false,"medium":false,"medium_large":false,"large":false,"1536x1536":false,"2048x2048":false,"etm-custom-language-flag":false,"gamipress-points":false,"gamipress-achievement":false,"gamipress-rank":false},"uagb_author_info":{"display_name":"admin","author_link":"https:\/\/opengovai4d.ellak.gr\/it\/author\/admin\/"},"uagb_comment_info":0,"uagb_excerpt":"\u0391\u039d\u0391\u039b\u03a5\u03a3\u0397 \u03a3\u03a5\u039d\u0395\u03a0\u0395\u0399\u03a9\u039d 1. \u03a0\u03bf\u03b9\u03bf \u03b6\u03ae\u03c4\u03b7\u03bc\u03b1 \u03b1\u03bd\u03c4\u03b9\u03bc\u03b5\u03c4\u03c9\u03c0\u03af\u03b6\u03b5\u03b9 \u03b7 \u03c0\u03c1\u03cc\u03c4\u03b1\u03c3\u03b7; \u0397 \u0395\u03bb\u03bb\u03ac\u03b4\u03b1 \u03c3\u03c5\u03bc\u03bc\u03b5\u03c4\u03ad\u03c7\u03b5\u03b9 \u03c3\u03c4\u03b7\u03bd \u03a3\u03cd\u03bc\u03c0\u03c1\u03b1\u03be\u03b7 \u03b3\u03b9\u03b1 \u03c4\u03b7\u03bd \u0391\u03bd\u03bf\u03b9\u03c7\u03c4\u03ae \u0394\u03b9\u03b1\u03ba\u03c5\u03b2\u03ad\u03c1\u03bd\u03b7\u03c3\u03b7 (OGP) \u03c7\u03c9\u03c1\u03af\u03c2 \u03bd\u03b1 \u03b4\u03b9\u03b1\u03b8\u03ad\u03c4\u03b5\u03b9 \u03b8\u03b5\u03c3\u03bc\u03bf\u03b8\u03b5\u03c4\u03b7\u03bc\u03ad\u03bd\u03bf \u03a0\u03bf\u03bb\u03c5\u03bc\u03b5\u03c1\u03ad\u03c2 \u03a6\u03cc\u03c1\u03bf\u03c5\u03bc (Multistakeholder Forum \u2014 MSF), \u03cc\u03c0\u03c9\u03c2 \u03b1\u03c0\u03b1\u03b9\u03c4\u03b5\u03af\u03c4\u03b1\u03b9 \u03b1\u03c0\u03cc \u03c4\u03b1 \u03c0\u03c1\u03cc\u03c4\u03c5\u03c0\u03b1 \u03c3\u03c5\u03bc\u03bc\u03b5\u03c4\u03bf\u03c7\u03ae\u03c2 \u03ba\u03b1\u03b9 \u03c3\u03c5\u03bd-\u03b4\u03b7\u03bc\u03b9\u03bf\u03c5\u03c1\u03b3\u03af\u03b1\u03c2 \u03c4\u03bf\u03c5 OGP (OGP Participation &amp; Co-Creation Standards 2022). \u0397 \u03b1\u03c0\u03bf\u03c5\u03c3\u03af\u03b1 \u03b1\u03c5\u03c4\u03ae \u03ad\u03c7\u03b5\u03b9 \u03c9\u03c2 \u03b1\u03c0\u03bf\u03c4\u03ad\u03bb\u03b5\u03c3\u03bc\u03b1: \u03c4\u03b7\u03bd \u03b1\u03b4\u03c5\u03bd\u03b1\u03bc\u03af\u03b1 \u03bf\u03c5\u03c3\u03b9\u03b1\u03c3\u03c4\u03b9\u03ba\u03ae\u03c2 \u03c3\u03c5\u03bd-\u03b4\u03b7\u03bc\u03b9\u03bf\u03c5\u03c1\u03b3\u03af\u03b1\u03c2 \u03c4\u03c9\u03bd&hellip;","_links":{"self":[{"href":"https:\/\/opengovai4d.ellak.gr\/it\/wp-json\/wp\/v2\/pages\/1650","targetHints":{"allow":["GET"]}}],"collection":[{"href":"https:\/\/opengovai4d.ellak.gr\/it\/wp-json\/wp\/v2\/pages"}],"about":[{"href":"https:\/\/opengovai4d.ellak.gr\/it\/wp-json\/wp\/v2\/types\/page"}],"author":[{"embeddable":true,"href":"https:\/\/opengovai4d.ellak.gr\/it\/wp-json\/wp\/v2\/users\/1"}],"replies":[{"embeddable":true,"href":"https:\/\/opengovai4d.ellak.gr\/it\/wp-json\/wp\/v2\/comments?post=1650"}],"version-history":[{"count":2,"href":"https:\/\/opengovai4d.ellak.gr\/it\/wp-json\/wp\/v2\/pages\/1650\/revisions"}],"predecessor-version":[{"id":1653,"href":"https:\/\/opengovai4d.ellak.gr\/it\/wp-json\/wp\/v2\/pages\/1650\/revisions\/1653"}],"wp:attachment":[{"href":"https:\/\/opengovai4d.ellak.gr\/it\/wp-json\/wp\/v2\/media?parent=1650"}],"curies":[{"name":"wp","href":"https:\/\/api.w.org\/{rel}","templated":true}]}}