{"id":585,"date":"2024-10-17T12:23:03","date_gmt":"2024-10-17T12:23:03","guid":{"rendered":"https:\/\/dev-greekmosaico.pantheonsite.io\/?page_id=585"},"modified":"2024-11-07T21:55:40","modified_gmt":"2024-11-07T21:55:40","slug":"585-2","status":"publish","type":"page","link":"https:\/\/opengovai4d.ellak.gr\/de\/585-2\/","title":{"rendered":"\u03a0\u03bf\u03bb\u03af\u03c4\u03b5\u03c2 \u03ba\u03b1\u03b9 \u03b5\u03c0\u03b9\u03c7\u03b5\u03b9\u03c1\u03ae\u03c3\u03b5\u03b9\u03c2"},"content":{"rendered":"<div class=\"wp-block-group alignfull has-global-padding is-layout-constrained wp-block-group-is-layout-constrained\" style=\"padding-top:var(--wp--preset--spacing--50);padding-bottom:var(--wp--preset--spacing--50)\">\n<div class=\"wp-block-group alignwide is-layout-flow wp-block-group-is-layout-flow\">\n<h4 class=\"wp-block-heading\"><strong>B\u00fcrger und Unternehmen<\/strong><\/h4>\n\n\n\n<p>W\u00e4hrend der Phase 1:<\/p>\n\n\n\n<ul class=\"wp-block-list\">\n<li>B\u00fcrger und Unternehmen sind aktiv an der Festlegung der Strategie eines digitalen \u00f6ffentlichen Dienstes beteiligt und formulieren ihre Bed\u00fcrfnisse durch spezifische Prozesse.<\/li>\n\n\n\n<li>Aktive Teilnahme an der Konsultation der einschl\u00e4gigen Bestimmungen des Gesetzes, durch die der Dienst institutionalisiert wird<\/li>\n<\/ul>\n\n\n\n<p>W\u00e4hrend der Phase 3:<\/p>\n\n\n\n<ul class=\"wp-block-list\">\n<li>Sie wenden sich an die erste Version des Dienstes und \u00e4u\u00dfern sich zu Verbesserungen, \u00c4nderungen und Korrekturen.<\/li>\n<\/ul>\n\n\n\n<p>In den Phasen 4 und 5:<\/p>\n\n\n\n<ul class=\"wp-block-list\">\n<li>Ihr Beitrag ist von entscheidender Bedeutung, da sie durch Feedback aktiv an der kontinuierlichen Verbesserung der Dienstleistungen beteiligt sind.<\/li>\n<\/ul>\n<\/div>\n<\/div>","protected":false},"excerpt":{"rendered":"<p>\u03a0\u03bf\u03bb\u03af\u03c4\u03b5\u03c2 \u03ba\u03b1\u03b9 \u0395\u03c0\u03b9\u03c7\u03b5\u03b9\u03c1\u03ae\u03c3\u03b5\u03b9\u03c2 \u039a\u03b1\u03c4\u03ac \u03c4\u03bf \u03c3\u03c4\u03ac\u03b4\u03b9\u03bf 1: \u039a\u03b1\u03c4\u03ac \u03c4\u03bf \u03a3\u03c4\u03ac\u03b4\u03b9\u03bf 3: \u039a\u03b1\u03c4\u03ac \u03c4\u03b1 \u03a3\u03c4\u03ac\u03b4\u03b9\u03b1 4 \u03ba\u03b1\u03b9 5:<\/p>","protected":false},"author":1,"featured_media":0,"parent":0,"menu_order":0,"comment_status":"closed","ping_status":"closed","template":"wp-custom-template-different-header","meta":{"_uag_custom_page_level_css":"","footnotes":""},"class_list":["post-585","page","type-page","status-publish","hentry"],"uagb_featured_image_src":{"full":false,"thumbnail":false,"medium":false,"medium_large":false,"large":false,"1536x1536":false,"2048x2048":false,"etm-custom-language-flag":false,"gamipress-points":false,"gamipress-achievement":false,"gamipress-rank":false},"uagb_author_info":{"display_name":"admin","author_link":"https:\/\/opengovai4d.ellak.gr\/de\/author\/admin\/"},"uagb_comment_info":0,"uagb_excerpt":"\u03a0\u03bf\u03bb\u03af\u03c4\u03b5\u03c2 \u03ba\u03b1\u03b9 \u0395\u03c0\u03b9\u03c7\u03b5\u03b9\u03c1\u03ae\u03c3\u03b5\u03b9\u03c2 \u039a\u03b1\u03c4\u03ac \u03c4\u03bf \u03c3\u03c4\u03ac\u03b4\u03b9\u03bf 1: \u039a\u03b1\u03c4\u03ac \u03c4\u03bf \u03a3\u03c4\u03ac\u03b4\u03b9\u03bf 3: \u039a\u03b1\u03c4\u03ac \u03c4\u03b1 \u03a3\u03c4\u03ac\u03b4\u03b9\u03b1 4 \u03ba\u03b1\u03b9 5:","_links":{"self":[{"href":"https:\/\/opengovai4d.ellak.gr\/de\/wp-json\/wp\/v2\/pages\/585","targetHints":{"allow":["GET"]}}],"collection":[{"href":"https:\/\/opengovai4d.ellak.gr\/de\/wp-json\/wp\/v2\/pages"}],"about":[{"href":"https:\/\/opengovai4d.ellak.gr\/de\/wp-json\/wp\/v2\/types\/page"}],"author":[{"embeddable":true,"href":"https:\/\/opengovai4d.ellak.gr\/de\/wp-json\/wp\/v2\/users\/1"}],"replies":[{"embeddable":true,"href":"https:\/\/opengovai4d.ellak.gr\/de\/wp-json\/wp\/v2\/comments?post=585"}],"version-history":[{"count":2,"href":"https:\/\/opengovai4d.ellak.gr\/de\/wp-json\/wp\/v2\/pages\/585\/revisions"}],"predecessor-version":[{"id":587,"href":"https:\/\/opengovai4d.ellak.gr\/de\/wp-json\/wp\/v2\/pages\/585\/revisions\/587"}],"wp:attachment":[{"href":"https:\/\/opengovai4d.ellak.gr\/de\/wp-json\/wp\/v2\/media?parent=585"}],"curies":[{"name":"wp","href":"https:\/\/api.w.org\/{rel}","templated":true}]}}