{"id":47,"date":"2024-10-05T07:52:33","date_gmt":"2024-10-05T07:52:33","guid":{"rendered":"http:\/\/localhost:8000\/?page_id=47"},"modified":"2026-04-08T10:07:51","modified_gmt":"2026-04-08T10:07:51","slug":"gamification-plugins","status":"publish","type":"page","link":"https:\/\/opengovai4d.ellak.gr\/de\/gamification-plugins\/","title":{"rendered":"Gamification"},"content":{"rendered":"<div class=\"wp-block-group alignwide is-layout-flow wp-block-group-is-layout-flow\" style=\"padding-top:24px;padding-bottom:48px\">\n<p class=\"has-custom-primary-color has-text-color has-link-color wp-elements-2dbeb474597b68517fe18f0fa11026e8\" style=\"font-size:clamp(27.894px, 1.743rem + ((1vw - 3.2px) * 2.094), 48px);\"><strong>Gamification<\/strong><\/p>\n\n\n\n<p>Dieses Plugin verwendet keine k\u00fcnstliche Intelligenz. Es wurde mit dem Ziel geschaffen, die Beteiligung der Nutzer an Konsultationen zu verbessern. Es bietet Funktionen wie Aufgaben, Nivellierungssystem, Upvote \/ Downvote sowie Badges.<\/p>\n<\/div>\n\n\n\n<div class=\"wp-block-group alignfull has-base-2-background-color has-background uag-hide-tab uag-hide-mob has-global-padding is-layout-constrained wp-container-core-group-is-layout-125d59e7 wp-block-group-is-layout-constrained\" style=\"border-top-color:#b3b2b5;border-top-width:1px;padding-top:48px;padding-right:128px;padding-bottom:80px;padding-left:128px\">\n<div class=\"wp-block-group alignwide is-layout-flow wp-block-group-is-layout-flow\">\n<p class=\"has-text-align-center\" style=\"font-size:clamp(22.041px, 1.378rem + ((1vw - 3.2px) * 1.454), 36px);\"><strong>Wie es funktioniert <mark style=\"background-color:#ffdd00\" class=\"has-inline-color\">Gamification<\/mark>;<\/strong><\/p>\n\n\n\n<p>Das Gamification-Plugin nutzt keine F\u00e4higkeiten der k\u00fcnstlichen Intelligenz, schafft jedoch Anreize f\u00fcr die aktive Teilnahme der Nutzer an \u00f6ffentlichen Konsultationen durch die folgenden Funktionen:<\/p>\n\n\n\n<p>1. Es erm\u00f6glicht Benutzern, die Kommentare anderer Benutzer positiv oder negativ zu bewerten.<br>2. Durch ein Punktesystem sammeln Benutzer Punkte und erh\u00f6hen die Levels.<br>3. Der Administrator (Admin) kann den Benutzern Missionen (Aufgaben) zuweisen, so dass sie zus\u00e4tzliche Punkte sammeln k\u00f6nnen.<br>4. Auf der pers\u00f6nlichen Seite jedes Benutzers werden sein Level, seine Badges und seine aktiven Aufgaben angezeigt.<\/p>\n\n\n\n<p>Beispiele f\u00fcr Abzeichen und Nivellierungssystem:<br><strong>\ud83c\udfc5 Badges basierend auf Kommentare:<\/strong><\/p>\n\n\n\n<ul class=\"wp-block-list\">\n<li>\ud83c\udf31 <strong>Die neue Stimme<\/strong> (1 Kommentar)<\/li>\n\n\n\n<li>\ud83d\udcac <strong>Regelm\u00e4\u00dfiger Kommentator<\/strong> (20 Kommentare)<\/li>\n\n\n\n<li>\ud83d\udde3\ufe0f <strong>Aktiver B\u00fcrger<\/strong> (50 Kommentare)<\/li>\n\n\n\n<li>\ud83d\udce2 <strong>Stimme der Gemeinschaft<\/strong> (100 Kommentare)<\/li>\n<\/ul>\n\n\n\n<p><strong>\u2b50 Badges basierend auf Karma:<\/strong><\/p>\n\n\n\n<ul class=\"wp-block-list\">\n<li>\ud83d\udc4d <strong>Zuverl\u00e4ssig<\/strong> (Karma +50)<\/li>\n\n\n\n<li>\ud83d\udd25 <strong>Einflussreich<\/strong> (Karma +200)<\/li>\n\n\n\n<li>\ud83c\udfdb\ufe0f <strong>S\u00e4ule der Konsultation<\/strong> (Karma +500)<\/li>\n<\/ul>\n\n\n\n<p><strong>\u2705 Badges basierend auf Aufgaben:<\/strong><\/p>\n\n\n\n<ul class=\"wp-block-list\">\n<li>\ud83c\udfaf <strong>Erster Schritt<\/strong> (1. Aufgabe)<\/li>\n\n\n\n<li>\ud83d\ude80 <strong>Mission erf\u00fcllt<\/strong> (5 Aufgaben)<\/li>\n<\/ul>\n\n\n\n<p><strong>\ud83c\udf96\ufe0f-Kombinationen (levelbasiert):<\/strong><\/p>\n\n\n\n<p>\u26aa <strong>Beobachter<\/strong> \u2192 \ud83d\udfe2 <strong>Teilnehmer<\/strong> \u2192 \ud83d\udd35 <strong>Exekutive<\/strong> \u2192 \ud83d\udfe3 <strong>Analyst<\/strong> \u2192 \ud83d\udfe1 <strong>Berater<\/strong> \u2192 \ud83d\udd34 <strong>Sachverst\u00e4ndiger<\/strong><\/p>\n<\/div>\n<\/div>\n\n\n\n<div class=\"wp-block-group alignfull has-base-2-background-color has-background uag-hide-desktop has-global-padding is-layout-constrained wp-container-core-group-is-layout-830faeff wp-block-group-is-layout-constrained\" style=\"border-top-color:#b3b2b5;border-top-width:1px;padding-top:48px;padding-right:40px;padding-bottom:80px;padding-left:40px\">\n<div class=\"wp-block-group alignwide is-layout-flow wp-block-group-is-layout-flow\">\n<p class=\"has-text-align-center\" style=\"font-size:clamp(22.041px, 1.378rem + ((1vw - 3.2px) * 1.454), 36px);\"><strong>Entdecken Sie sie <mark style=\"background-color:#ffdd00\" class=\"has-inline-color\">technische Bereiche<\/mark><\/strong><\/p>\n<\/div>\n\n\n\n<div class=\"wp-block-group alignwide is-layout-grid wp-container-core-group-is-layout-0d42194f wp-block-group-is-layout-grid\"><a style=\"--color-bkg-hover:#cdccce33;\" href=\"https:\/\/opengovai4d.ellak.gr\/de\/accessibility\/\"    class=\"hyperlink wp-block-tiptip-hyperlink-group-block\" >\n<div class=\"wp-block-group custom-card has-global-padding is-layout-constrained wp-block-group-is-layout-constrained\" style=\"border-radius:8px\">\n<div class=\"wp-block-group has-global-padding is-layout-constrained wp-block-group-is-layout-constrained\">\n<p style=\"font-size:clamp(22.041px, 1.378rem + ((1vw - 3.2px) * 1.454), 36px);font-style:normal;font-weight:700\">01<\/p>\n\n\n\n<p style=\"font-size:clamp(14px, 0.875rem + ((1vw - 3.2px) * 0.521), 19px);font-style:normal;font-weight:400\">Barrierefreiheit<\/p>\n<\/div>\n<\/div>\n<\/a>\n\n<a style=\"--color-bkg-hover:#cdccce33;\" href=\"https:\/\/opengovai4d.ellak.gr\/de\/agile-methods\/\"    class=\"hyperlink wp-block-tiptip-hyperlink-group-block\" >\n<div class=\"wp-block-group custom-card has-global-padding is-layout-constrained wp-block-group-is-layout-constrained\" style=\"border-radius:8px\">\n<div class=\"wp-block-group has-global-padding is-layout-constrained wp-block-group-is-layout-constrained\">\n<p style=\"font-size:clamp(22.041px, 1.378rem + ((1vw - 3.2px) * 1.454), 36px);font-style:normal;font-weight:700\">02<\/p>\n\n\n\n<p style=\"font-size:clamp(14px, 0.875rem + ((1vw - 3.2px) * 0.521), 19px);font-style:normal;font-weight:400\">Flexible Methoden<\/p>\n<\/div>\n<\/div>\n<\/a>\n\n<a style=\"--color-bkg-hover:#cdccce33;\" href=\"https:\/\/opengovai4d.ellak.gr\/de\/artificial-intelligence\/\"    class=\"hyperlink wp-block-tiptip-hyperlink-group-block\" >\n<div class=\"wp-block-group custom-card has-global-padding is-layout-constrained wp-block-group-is-layout-constrained\" style=\"border-radius:8px\">\n<div class=\"wp-block-group has-global-padding is-layout-constrained wp-block-group-is-layout-constrained\">\n<p style=\"font-size:clamp(22.041px, 1.378rem + ((1vw - 3.2px) * 1.454), 36px);font-style:normal;font-weight:700\">03<\/p>\n\n\n\n<p style=\"font-size:clamp(14px, 0.875rem + ((1vw - 3.2px) * 0.521), 19px);font-style:normal;font-weight:400\">K\u00fcnstliche Intelligenz<\/p>\n<\/div>\n<\/div>\n<\/a>\n\n<a style=\"--color-bkg-hover:#cdccce33;\" href=\"https:\/\/opengovai4d.ellak.gr\/de\/usability\/\"    class=\"hyperlink wp-block-tiptip-hyperlink-group-block\" >\n<div class=\"wp-block-group custom-card has-global-padding is-layout-constrained wp-block-group-is-layout-constrained\" style=\"border-radius:8px\">\n<div class=\"wp-block-group has-global-padding is-layout-constrained wp-block-group-is-layout-constrained\">\n<p style=\"font-size:clamp(22.041px, 1.378rem + ((1vw - 3.2px) * 1.454), 36px);font-style:normal;font-weight:700\">04<\/p>\n\n\n\n<p style=\"font-size:clamp(14px, 0.875rem + ((1vw - 3.2px) * 0.521), 19px);font-style:normal;font-weight:400\">Benutzerfreundlichkeit<\/p>\n<\/div>\n<\/div>\n<\/a>\n\n<a style=\"--color-bkg-hover:#cdccce33;\" href=\"https:\/\/opengovai4d.ellak.gr\/de\/interoperability\/\"    class=\"hyperlink wp-block-tiptip-hyperlink-group-block\" >\n<div class=\"wp-block-group custom-card has-global-padding is-layout-constrained wp-block-group-is-layout-constrained\" style=\"border-radius:8px\">\n<div class=\"wp-block-group has-global-padding is-layout-constrained wp-block-group-is-layout-constrained\">\n<p style=\"font-size:clamp(22.041px, 1.378rem + ((1vw - 3.2px) * 1.454), 36px);font-style:normal;font-weight:700\">05<\/p>\n\n\n\n<p style=\"font-size:clamp(14px, 0.875rem + ((1vw - 3.2px) * 0.521), 19px);font-style:normal;font-weight:400\">Interoperabilit\u00e4t<\/p>\n<\/div>\n<\/div>\n<\/a>\n\n<a style=\"--color-bkg-hover:#cdccce33;\" href=\"#\"    class=\"hyperlink wp-block-tiptip-hyperlink-group-block\" >\n<div class=\"wp-block-group custom-card has-global-padding is-layout-constrained wp-block-group-is-layout-constrained\" style=\"border-radius:8px\">\n<div class=\"wp-block-group has-global-padding is-layout-constrained wp-block-group-is-layout-constrained\">\n<p style=\"font-size:clamp(22.041px, 1.378rem + ((1vw - 3.2px) * 1.454), 36px);font-style:normal;font-weight:700\">06<\/p>\n\n\n\n<p style=\"font-size:clamp(14px, 0.875rem + ((1vw - 3.2px) * 0.521), 19px);font-style:normal;font-weight:400\">Cloud<\/p>\n<\/div>\n<\/div>\n<\/a>\n\n<a style=\"--color-bkg-hover:#cdccce33;\" href=\"#\"    class=\"hyperlink wp-block-tiptip-hyperlink-group-block\" >\n<div class=\"wp-block-group custom-card has-global-padding is-layout-constrained wp-block-group-is-layout-constrained\" style=\"border-radius:8px\">\n<div class=\"wp-block-group has-global-padding is-layout-constrained wp-block-group-is-layout-constrained\">\n<p style=\"font-size:clamp(22.041px, 1.378rem + ((1vw - 3.2px) * 1.454), 36px);font-style:normal;font-weight:700\">07<\/p>\n\n\n\n<p style=\"font-size:clamp(14px, 0.875rem + ((1vw - 3.2px) * 0.521), 19px);font-style:normal;font-weight:400\">Informationssicherheit<\/p>\n<\/div>\n<\/div>\n<\/a><\/div>\n<\/div>\n\n\n\n<div class=\"wp-block-group alignfull uag-hide-desktop uag-hide-tab uag-hide-mob has-global-padding is-layout-constrained wp-container-core-group-is-layout-fe4a28bd wp-block-group-is-layout-constrained\" style=\"padding-top:var(--wp--preset--spacing--40);padding-right:var(--wp--preset--spacing--60);padding-bottom:var(--wp--preset--spacing--40);padding-left:var(--wp--preset--spacing--60)\">\n<div class=\"wp-block-group alignwide is-content-justification-space-between is-nowrap is-layout-flex wp-container-core-group-is-layout-4d6718bc wp-block-group-is-layout-flex\">\n<div class=\"wp-block-group has-global-padding is-layout-constrained wp-block-group-is-layout-constrained\">\n<h3 class=\"wp-block-heading\" style=\"font-style:normal;font-weight:500\">\u00dcber die technischen Bereiche<\/h3>\n\n\n\n<p>Es gibt spezifische technische Bereiche, die den notwendigen Wissenshintergrund bieten, um Regierungsteams, die an der Entwicklung digitaler Dienste arbeiten, auszubilden und zu bef\u00e4higen. Diese Bereiche sind untrennbar sowohl mit den Phasen als auch mit den Grunds\u00e4tzen der Entwicklung digitaler \u00f6ffentlicher Dienste verbunden, sowohl in Bezug auf ihren theoretischen Hintergrund als auch auf die bew\u00e4hrten Verfahren und Instrumente, die sie begleiten.<\/p>\n<\/div>\n\n\n\n<div class=\"wp-block-uagb-image alignleft uagb-block-1dc979cd wp-block-uagb-image--layout-default wp-block-uagb-image--effect-static wp-block-uagb-image--align-left\"><figure class=\"wp-block-uagb-image__figure\"><img decoding=\"async\" srcset=\"https:\/\/opengovai4d.ellak.gr\/wp-content\/uploads\/2024\/10\/coding-difference-1-1024x576.jpg ,https:\/\/opengovai4d.ellak.gr\/wp-content\/uploads\/2024\/10\/coding-difference-1.jpg 780w, https:\/\/opengovai4d.ellak.gr\/wp-content\/uploads\/2024\/10\/coding-difference-1.jpg 360w\" sizes=\"auto, (max-width: 480px) 150px\" src=\"https:\/\/opengovai4d.ellak.gr\/wp-content\/uploads\/2024\/10\/coding-difference-1-1024x576.jpg\" alt=\"\" class=\"uag-image-118\" width=\"561\" height=\"137\" title=\"Kodierungsdifferenz-1\" loading=\"lazy\" role=\"img\"\/><\/figure><\/div>\n<\/div>\n<\/div>\n\n\n\n<div class=\"wp-block-group alignfull uag-hide-desktop uag-hide-tab uag-hide-mob has-global-padding is-layout-constrained wp-container-core-group-is-layout-fe4a28bd wp-block-group-is-layout-constrained\" style=\"padding-top:var(--wp--preset--spacing--40);padding-right:var(--wp--preset--spacing--60);padding-bottom:var(--wp--preset--spacing--40);padding-left:var(--wp--preset--spacing--60)\">\n<div class=\"wp-block-group alignwide is-vertical is-content-justification-center is-layout-flex wp-container-core-group-is-layout-81423f52 wp-block-group-is-layout-flex\">\n<div class=\"wp-block-group has-global-padding is-layout-constrained wp-block-group-is-layout-constrained\">\n<h3 class=\"wp-block-heading\" style=\"font-style:normal;font-weight:500\">\u00dcber die technischen Bereiche<\/h3>\n\n\n\n<p>Es gibt spezifische technische Bereiche, die den notwendigen Wissenshintergrund bieten, um Regierungsteams, die an der Entwicklung digitaler Dienste arbeiten, auszubilden und zu bef\u00e4higen. Diese Bereiche sind untrennbar sowohl mit den Phasen als auch mit den Grunds\u00e4tzen der Entwicklung digitaler \u00f6ffentlicher Dienste verbunden, sowohl in Bezug auf ihren theoretischen Hintergrund als auch auf die bew\u00e4hrten Verfahren und Instrumente, die sie begleiten.<\/p>\n<\/div>\n<\/div>\n<\/div>\n\n\n\n<div class=\"wp-block-group alignfull uag-hide-desktop uag-hide-tab uag-hide-mob has-global-padding is-layout-constrained wp-container-core-group-is-layout-85df1735 wp-block-group-is-layout-constrained\" id=\"mosaico-fields\" style=\"padding-top:var(--wp--preset--spacing--30);padding-right:var(--wp--preset--spacing--60);padding-bottom:var(--wp--preset--spacing--30);padding-left:var(--wp--preset--spacing--60)\">\n<div class=\"wp-block-group alignwide is-layout-flow wp-block-group-is-layout-flow\">\n<h3 class=\"wp-block-heading\" style=\"font-style:normal;font-weight:500\">Technische Bereiche des gemeinsamen Dienstleistungsrahmens<\/h3>\n\n\n\n<p>Alle grundlegenden technischen Bereiche f\u00fcr den Bau und die Entwicklung der digitalen \u00f6ffentlichen Dienste der Zukunft.<\/p>\n\n\n\n<div style=\"height:76px\" aria-hidden=\"true\" class=\"wp-block-spacer\"><\/div>\n\n\n\n<div class=\"wp-block-group is-layout-grid wp-container-core-group-is-layout-5539d00d wp-block-group-is-layout-grid\">\n<div class=\"wp-block-group hvr-shadow has-border-color has-custom-primary-border-color wp-container-content-6459b8ee is-layout-flow wp-block-group-is-layout-flow\" style=\"border-width:1px;border-radius:19px;padding-top:var(--wp--preset--spacing--10);padding-right:var(--wp--preset--spacing--20);padding-bottom:var(--wp--preset--spacing--10);padding-left:var(--wp--preset--spacing--20)\">\n<h4 class=\"wp-block-heading has-text-align-center\" style=\"font-size:clamp(14px, 0.875rem + ((1vw - 3.2px) * 0.521), 19px);font-style:normal;font-weight:500;letter-spacing:1px\"><a href=\"https:\/\/opengovai4d.ellak.gr\/de\/accessibility\/\" data-type=\"page\" data-id=\"331\">1. Barrierefreiheit<\/a><\/h4>\n<\/div>\n\n\n\n<div class=\"wp-block-group hvr-shadow has-border-color has-custom-primary-border-color wp-container-content-6459b8ee has-global-padding is-layout-constrained wp-container-core-group-is-layout-6ebb2501 wp-block-group-is-layout-constrained\" style=\"border-width:1px;border-radius:19px;padding-top:var(--wp--preset--spacing--10);padding-right:var(--wp--preset--spacing--20);padding-bottom:var(--wp--preset--spacing--10);padding-left:var(--wp--preset--spacing--20)\">\n<h4 class=\"wp-block-heading has-text-align-center\" style=\"font-size:clamp(14px, 0.875rem + ((1vw - 3.2px) * 0.521), 19px);font-style:normal;font-weight:500;letter-spacing:1px\"><a href=\"https:\/\/opengovai4d.ellak.gr\/de\/agile-methods\/\" data-type=\"page\" data-id=\"336\">2. Flexible Methoden<\/a><\/h4>\n<\/div>\n\n\n\n<div class=\"wp-block-group hvr-shadow has-border-color has-custom-primary-border-color wp-container-content-6459b8ee has-global-padding is-layout-constrained wp-container-core-group-is-layout-6ebb2501 wp-block-group-is-layout-constrained\" style=\"border-width:1px;border-radius:19px;padding-top:var(--wp--preset--spacing--10);padding-right:var(--wp--preset--spacing--20);padding-bottom:var(--wp--preset--spacing--10);padding-left:var(--wp--preset--spacing--20)\">\n<h4 class=\"wp-block-heading has-text-align-center\" style=\"font-size:clamp(14px, 0.875rem + ((1vw - 3.2px) * 0.521), 19px);font-style:normal;font-weight:500;letter-spacing:1px\"><a href=\"https:\/\/opengovai4d.ellak.gr\/de\/artificial-intelligence\/\" data-type=\"page\" data-id=\"340\">3. K\u00fcnstliche Intelligenz<\/a><\/h4>\n<\/div>\n\n\n\n<div class=\"wp-block-group hvr-shadow has-border-color has-custom-primary-border-color wp-container-content-6459b8ee has-global-padding is-layout-constrained wp-container-core-group-is-layout-6ebb2501 wp-block-group-is-layout-constrained\" style=\"border-width:1px;border-radius:19px;padding-top:var(--wp--preset--spacing--10);padding-right:var(--wp--preset--spacing--20);padding-bottom:var(--wp--preset--spacing--10);padding-left:var(--wp--preset--spacing--20)\">\n<h4 class=\"wp-block-heading has-text-align-center\" style=\"font-size:clamp(14px, 0.875rem + ((1vw - 3.2px) * 0.521), 19px);font-style:normal;font-weight:500;letter-spacing:1px\"><a href=\"https:\/\/opengovai4d.ellak.gr\/de\/usability\/\" data-type=\"page\" data-id=\"342\">4. Benutzerfreundlichkeit<\/a><\/h4>\n<\/div>\n\n\n\n<div class=\"wp-block-group hvr-shadow has-border-color has-custom-primary-border-color wp-container-content-6459b8ee has-global-padding is-layout-constrained wp-container-core-group-is-layout-6ebb2501 wp-block-group-is-layout-constrained\" style=\"border-width:1px;border-radius:19px;padding-top:var(--wp--preset--spacing--10);padding-right:var(--wp--preset--spacing--20);padding-bottom:var(--wp--preset--spacing--10);padding-left:var(--wp--preset--spacing--20)\">\n<h4 class=\"wp-block-heading has-text-align-center\" style=\"font-size:clamp(14px, 0.875rem + ((1vw - 3.2px) * 0.521), 19px);font-style:normal;font-weight:500;letter-spacing:1px\"><a href=\"https:\/\/opengovai4d.ellak.gr\/de\/interoperability\/\" data-type=\"page\" data-id=\"344\">5. \u00a0Interoperabilit\u00e4t<\/a><\/h4>\n<\/div>\n\n\n\n<div class=\"wp-block-group hvr-shadow has-border-color has-custom-primary-border-color wp-container-content-6459b8ee has-global-padding is-layout-constrained wp-container-core-group-is-layout-6ebb2501 wp-block-group-is-layout-constrained\" style=\"border-width:1px;border-radius:19px;padding-top:var(--wp--preset--spacing--10);padding-right:var(--wp--preset--spacing--20);padding-bottom:var(--wp--preset--spacing--10);padding-left:var(--wp--preset--spacing--20)\">\n<h4 class=\"wp-block-heading has-text-align-center\" style=\"font-size:clamp(14px, 0.875rem + ((1vw - 3.2px) * 0.521), 19px);font-style:normal;font-weight:500;letter-spacing:1px\"><a href=\"#\">6. Cloud<\/a><\/h4>\n<\/div>\n\n\n\n<div class=\"wp-block-group hvr-shadow has-border-color has-custom-primary-border-color wp-container-content-6459b8ee has-global-padding is-layout-constrained wp-container-core-group-is-layout-6ebb2501 wp-block-group-is-layout-constrained\" style=\"border-width:1px;border-radius:19px;padding-top:var(--wp--preset--spacing--10);padding-right:var(--wp--preset--spacing--20);padding-bottom:var(--wp--preset--spacing--10);padding-left:var(--wp--preset--spacing--20)\">\n<h4 class=\"wp-block-heading has-text-align-center\" style=\"font-size:clamp(14px, 0.875rem + ((1vw - 3.2px) * 0.521), 19px);font-style:normal;font-weight:500;letter-spacing:1px\"><a href=\"\/de\/\">7. Informationssicherheit<\/a><\/h4>\n<\/div>\n<\/div>\n<\/div>\n<\/div>","protected":false},"excerpt":{"rendered":"<p>Gamification \u03a4\u03bf \u03c3\u03c5\u03b3\u03ba\u03b5\u03ba\u03c1\u03b9\u03bc\u03ad\u03bd\u03bf plugin \u03b4\u03b5\u03bd \u03c7\u03c1\u03b7\u03c3\u03b9\u03bc\u03bf\u03c0\u03bf\u03b9\u03b5\u03af \u03c4\u03b5\u03c7\u03bd\u03b7\u03c4\u03ae \u03bd\u03bf\u03b7\u03bc\u03bf\u03c3\u03cd\u03bd\u03b7. \u0394\u03b7\u03bc\u03b9\u03bf\u03c5\u03c1\u03b3\u03ae\u03b8\u03b7\u03ba\u03b5 \u03bc\u03b5 \u03c3\u03c4\u03cc\u03c7\u03bf \u03c4\u03b7\u03bd \u03b5\u03bd\u03af\u03c3\u03c7\u03c5\u03c3\u03b7 \u03c4\u03b7\u03c2 \u03c3\u03c5\u03bc\u03bc\u03b5\u03c4\u03bf\u03c7\u03ae\u03c2 \u03c4\u03c9\u03bd \u03c7\u03c1\u03b7\u03c3\u03c4\u03ce\u03bd \u03c3\u03c4\u03b9\u03c2 \u03b4\u03b9\u03b1\u03b2\u03bf\u03c5\u03bb\u03b5\u03cd\u03c3\u03b5\u03b9\u03c2. \u03a0\u03c1\u03bf\u03c3\u03c6\u03ad\u03c1\u03b5\u03b9 \u03bb\u03b5\u03b9\u03c4\u03bf\u03c5\u03c1\u03b3\u03af\u03b5\u03c2 \u03cc\u03c0\u03c9\u03c2 \u03b1\u03c0\u03bf\u03c3\u03c4\u03bf\u03bb\u03ad\u03c2 (tasks), \u03c3\u03cd\u03c3\u03c4\u03b7\u03bc\u03b1 \u03b5\u03c0\u03b9\u03c0\u03ad\u03b4\u03c9\u03bd (leveling system), \u03b4\u03c5\u03bd\u03b1\u03c4\u03cc\u03c4\u03b7\u03c4\u03b1 \u03c8\u03ae\u03c6\u03bf\u03c5 (upvote\/downvote), \u03ba\u03b1\u03b8\u03ce\u03c2 \u03ba\u03b1\u03b9 \u03b1\u03c0\u03bf\u03bd\u03bf\u03bc\u03ae \u03b4\u03b9\u03b1\u03ba\u03c1\u03b9\u03c4\u03b9\u03ba\u03ce\u03bd (badges). \u03a0\u03c9\u03c2 \u03bb\u03b5\u03b9\u03c4\u03bf\u03c5\u03c1\u03b3\u03b5\u03af \u03c4\u03bf Gamification; \u03a4\u03bf plugin gamification \u03b4\u03b5\u03bd \u03b1\u03be\u03b9\u03bf\u03c0\u03bf\u03b9\u03b5\u03af \u03b4\u03c5\u03bd\u03b1\u03c4\u03cc\u03c4\u03b7\u03c4\u03b5\u03c2 \u03c4\u03b5\u03c7\u03bd\u03b7\u03c4\u03ae\u03c2 \u03bd\u03bf\u03b7\u03bc\u03bf\u03c3\u03cd\u03bd\u03b7\u03c2, \u03c9\u03c3\u03c4\u03cc\u03c3\u03bf \u03c0\u03b1\u03c1\u03ad\u03c7\u03b5\u03b9 \u03ba\u03af\u03bd\u03b7\u03c4\u03c1\u03b1 \u03b3\u03b9\u03b1 \u03c4\u03b7\u03bd \u03b5\u03bd\u03b5\u03c1\u03b3\u03ae \u03c3\u03c5\u03bc\u03bc\u03b5\u03c4\u03bf\u03c7\u03ae [&hellip;]<\/p>","protected":false},"author":1,"featured_media":0,"parent":0,"menu_order":0,"comment_status":"closed","ping_status":"closed","template":"wp-custom-template-different-header","meta":{"_uag_custom_page_level_css":"","footnotes":""},"class_list":["post-47","page","type-page","status-publish","hentry"],"uagb_featured_image_src":{"full":false,"thumbnail":false,"medium":false,"medium_large":false,"large":false,"1536x1536":false,"2048x2048":false,"etm-custom-language-flag":false,"gamipress-points":false,"gamipress-achievement":false,"gamipress-rank":false},"uagb_author_info":{"display_name":"admin","author_link":"https:\/\/opengovai4d.ellak.gr\/de\/author\/admin\/"},"uagb_comment_info":0,"uagb_excerpt":"Gamification \u03a4\u03bf \u03c3\u03c5\u03b3\u03ba\u03b5\u03ba\u03c1\u03b9\u03bc\u03ad\u03bd\u03bf plugin \u03b4\u03b5\u03bd \u03c7\u03c1\u03b7\u03c3\u03b9\u03bc\u03bf\u03c0\u03bf\u03b9\u03b5\u03af \u03c4\u03b5\u03c7\u03bd\u03b7\u03c4\u03ae \u03bd\u03bf\u03b7\u03bc\u03bf\u03c3\u03cd\u03bd\u03b7. \u0394\u03b7\u03bc\u03b9\u03bf\u03c5\u03c1\u03b3\u03ae\u03b8\u03b7\u03ba\u03b5 \u03bc\u03b5 \u03c3\u03c4\u03cc\u03c7\u03bf \u03c4\u03b7\u03bd \u03b5\u03bd\u03af\u03c3\u03c7\u03c5\u03c3\u03b7 \u03c4\u03b7\u03c2 \u03c3\u03c5\u03bc\u03bc\u03b5\u03c4\u03bf\u03c7\u03ae\u03c2 \u03c4\u03c9\u03bd \u03c7\u03c1\u03b7\u03c3\u03c4\u03ce\u03bd \u03c3\u03c4\u03b9\u03c2 \u03b4\u03b9\u03b1\u03b2\u03bf\u03c5\u03bb\u03b5\u03cd\u03c3\u03b5\u03b9\u03c2. \u03a0\u03c1\u03bf\u03c3\u03c6\u03ad\u03c1\u03b5\u03b9 \u03bb\u03b5\u03b9\u03c4\u03bf\u03c5\u03c1\u03b3\u03af\u03b5\u03c2 \u03cc\u03c0\u03c9\u03c2 \u03b1\u03c0\u03bf\u03c3\u03c4\u03bf\u03bb\u03ad\u03c2 (tasks), \u03c3\u03cd\u03c3\u03c4\u03b7\u03bc\u03b1 \u03b5\u03c0\u03b9\u03c0\u03ad\u03b4\u03c9\u03bd (leveling system), \u03b4\u03c5\u03bd\u03b1\u03c4\u03cc\u03c4\u03b7\u03c4\u03b1 \u03c8\u03ae\u03c6\u03bf\u03c5 (upvote\/downvote), \u03ba\u03b1\u03b8\u03ce\u03c2 \u03ba\u03b1\u03b9 \u03b1\u03c0\u03bf\u03bd\u03bf\u03bc\u03ae \u03b4\u03b9\u03b1\u03ba\u03c1\u03b9\u03c4\u03b9\u03ba\u03ce\u03bd (badges). \u03a0\u03c9\u03c2 \u03bb\u03b5\u03b9\u03c4\u03bf\u03c5\u03c1\u03b3\u03b5\u03af \u03c4\u03bf Gamification; \u03a4\u03bf plugin gamification \u03b4\u03b5\u03bd \u03b1\u03be\u03b9\u03bf\u03c0\u03bf\u03b9\u03b5\u03af \u03b4\u03c5\u03bd\u03b1\u03c4\u03cc\u03c4\u03b7\u03c4\u03b5\u03c2 \u03c4\u03b5\u03c7\u03bd\u03b7\u03c4\u03ae\u03c2 \u03bd\u03bf\u03b7\u03bc\u03bf\u03c3\u03cd\u03bd\u03b7\u03c2, \u03c9\u03c3\u03c4\u03cc\u03c3\u03bf \u03c0\u03b1\u03c1\u03ad\u03c7\u03b5\u03b9 \u03ba\u03af\u03bd\u03b7\u03c4\u03c1\u03b1 \u03b3\u03b9\u03b1 \u03c4\u03b7\u03bd \u03b5\u03bd\u03b5\u03c1\u03b3\u03ae \u03c3\u03c5\u03bc\u03bc\u03b5\u03c4\u03bf\u03c7\u03ae&hellip;","_links":{"self":[{"href":"https:\/\/opengovai4d.ellak.gr\/de\/wp-json\/wp\/v2\/pages\/47","targetHints":{"allow":["GET"]}}],"collection":[{"href":"https:\/\/opengovai4d.ellak.gr\/de\/wp-json\/wp\/v2\/pages"}],"about":[{"href":"https:\/\/opengovai4d.ellak.gr\/de\/wp-json\/wp\/v2\/types\/page"}],"author":[{"embeddable":true,"href":"https:\/\/opengovai4d.ellak.gr\/de\/wp-json\/wp\/v2\/users\/1"}],"replies":[{"embeddable":true,"href":"https:\/\/opengovai4d.ellak.gr\/de\/wp-json\/wp\/v2\/comments?post=47"}],"version-history":[{"count":31,"href":"https:\/\/opengovai4d.ellak.gr\/de\/wp-json\/wp\/v2\/pages\/47\/revisions"}],"predecessor-version":[{"id":1475,"href":"https:\/\/opengovai4d.ellak.gr\/de\/wp-json\/wp\/v2\/pages\/47\/revisions\/1475"}],"wp:attachment":[{"href":"https:\/\/opengovai4d.ellak.gr\/de\/wp-json\/wp\/v2\/media?parent=47"}],"curies":[{"name":"wp","href":"https:\/\/api.w.org\/{rel}","templated":true}]}}