{"id":428,"date":"2024-10-10T09:36:39","date_gmt":"2024-10-10T09:36:39","guid":{"rendered":"https:\/\/dev-greekmosaico.pantheonsite.io\/?page_id=428"},"modified":"2024-11-07T22:00:02","modified_gmt":"2024-11-07T22:00:02","slug":"evaluation-of-effectiveness-and-efficiency","status":"publish","type":"page","link":"https:\/\/opengovai4d.ellak.gr\/de\/evaluation-of-effectiveness-and-efficiency\/","title":{"rendered":"Evaluation of effectiveness and efficiency"},"content":{"rendered":"<div class=\"wp-block-group alignfull has-global-padding is-layout-constrained wp-container-core-group-is-layout-e1df7a91 wp-block-group-is-layout-constrained\" style=\"padding-top:var(--wp--preset--spacing--20);padding-bottom:var(--wp--preset--spacing--20)\">\n<div class=\"wp-block-group alignwide is-layout-flow wp-block-group-is-layout-flow\">\n<h2 class=\"wp-block-heading\" style=\"font-style:normal;font-weight:500\">Bewertung der Wirksamkeit und Effizienz<\/h2>\n<\/div>\n\n\n\n<div class=\"wp-block-group alignwide is-layout-flow wp-block-group-is-layout-flow\">\n<h3 class=\"wp-block-heading\" style=\"font-style:normal;font-weight:500\">Definition<\/h3>\n\n\n\n<p>Es gibt viele M\u00f6glichkeiten, den Wert digitaler \u00f6ffentlicher Dienste zu bewerten, z. B. Kapitalrendite, Gesamtbetriebskosten, Grad an Flexibilit\u00e4t und Anpassungsf\u00e4higkeit, geringerer Verwaltungsaufwand, Effizienz, geringeres Risiko, Transparenz, Vereinfachung, verbesserte Arbeitsmethoden und Grad der Nutzerzufriedenheit. Weitere Informationen finden Sie unter Interoperabilit\u00e4tsrahmen.<\/p>\n<\/div>\n\n\n\n<div class=\"wp-block-group alignwide is-layout-flow wp-block-group-is-layout-flow\">\n<h3 class=\"wp-block-heading\" style=\"font-style:normal;font-weight:500\">Vorteile seiner Umsetzung<\/h3>\n\n\n\n<p>Sie werden aus Mosaico und den oben genannten Texten, wo sie existieren, gezogen.<\/p>\n<\/div>\n\n\n\n<div class=\"wp-block-group alignwide is-layout-flow wp-block-group-is-layout-flow\">\n<h3 class=\"wp-block-heading\" style=\"font-style:normal;font-weight:500\">Sachlicher institutioneller Rahmen<\/h3>\n\n\n\n<p><\/p>\n<\/div>\n\n\n\n<div class=\"wp-block-group alignwide is-layout-flow wp-block-group-is-layout-flow\">\n<h3 class=\"wp-block-heading\" style=\"font-style:normal;font-weight:500\">Bew\u00e4hrte Verfahren<\/h3>\n\n\n\n<p><\/p>\n<\/div>\n<\/div>","protected":false},"excerpt":{"rendered":"<p>\u0391\u03be\u03b9\u03bf\u03bb\u03cc\u03b3\u03b7\u03c3\u03b7 \u03c4\u03b7\u03c2 \u03b1\u03c0\u03bf\u03c4\u03b5\u03bb\u03b5\u03c3\u03bc\u03b1\u03c4\u03b9\u03ba\u03cc\u03c4\u03b7\u03c4\u03b1\u03c2 \u03ba\u03b1\u03b9 \u03c4\u03b7\u03c2 \u03b1\u03c0\u03bf\u03b4\u03bf\u03c4\u03b9\u03ba\u03cc\u03c4\u03b7\u03c4\u03b1\u03c2 \u039f\u03c1\u03b9\u03c3\u03bc\u03cc\u03c2 \u03a5\u03c0\u03ac\u03c1\u03c7\u03bf\u03c5\u03bd \u03c0\u03bf\u03bb\u03bb\u03bf\u03af \u03c4\u03c1\u03cc\u03c0\u03bf\u03b9 \u03bd\u03b1 \u03b1\u03c0\u03bf\u03c4\u03b9\u03bc\u03b7\u03b8\u03b5\u03af \u03b7 \u03b1\u03be\u03af\u03b1 \u03c4\u03c9\u03bd \u03c8\u03b7\u03c6\u03b9\u03b1\u03ba\u03ce\u03bd \u03b4\u03b7\u03bc\u03bf\u03c3\u03af\u03c9\u03bd \u03c5\u03c0\u03b7\u03c1\u03b5\u03c3\u03b9\u03ce\u03bd, \u03cc\u03c0\u03c9\u03c2 \u03b7 \u03b1\u03c0\u03cc\u03b4\u03bf\u03c3\u03b7 \u03c4\u03b7\u03c2 \u03b5\u03c0\u03ad\u03bd\u03b4\u03c5\u03c3\u03b7\u03c2, \u03c4\u03bf \u03c3\u03c5\u03bd\u03bf\u03bb\u03b9\u03ba\u03cc \u03ba\u03cc\u03c3\u03c4\u03bf\u03c2 \u03ba\u03c5\u03c1\u03b9\u03cc\u03c4\u03b7\u03c4\u03b1\u03c2, \u03c4\u03bf \u03b5\u03c0\u03af\u03c0\u03b5\u03b4\u03bf \u03b5\u03c5\u03b5\u03bb\u03b9\u03be\u03af\u03b1\u03c2 \u03ba\u03b1\u03b9 \u03c0\u03c1\u03bf\u03c3\u03b1\u03c1\u03bc\u03bf\u03c3\u03c4\u03b9\u03ba\u03cc\u03c4\u03b7\u03c4\u03b1\u03c2, \u03b7 \u03bc\u03b5\u03b9\u03c9\u03bc\u03ad\u03bd\u03b7 \u03b4\u03b9\u03bf\u03b9\u03ba\u03b7\u03c4\u03b9\u03ba\u03ae \u03b5\u03c0\u03b9\u03b2\u03ac\u03c1\u03c5\u03bd\u03c3\u03b7, \u03b7 \u03b1\u03c0\u03bf\u03b4\u03bf\u03c4\u03b9\u03ba\u03cc\u03c4\u03b7\u03c4\u03b1, \u03bf \u03bc\u03b5\u03b9\u03c9\u03bc\u03ad\u03bd\u03bf\u03c2 \u03ba\u03af\u03bd\u03b4\u03c5\u03bd\u03bf\u03c2, \u03b7 \u03b4\u03b9\u03b1\u03c6\u03ac\u03bd\u03b5\u03b9\u03b1, \u03b7 \u03b1\u03c0\u03bb\u03bf\u03cd\u03c3\u03c4\u03b5\u03c5\u03c3\u03b7, \u03bf\u03b9 \u03b2\u03b5\u03bb\u03c4\u03b9\u03c9\u03bc\u03ad\u03bd\u03b5\u03c2 \u03bc\u03ad\u03b8\u03bf\u03b4\u03bf\u03b9 \u03b5\u03c1\u03b3\u03b1\u03c3\u03af\u03b1\u03c2 \u03ba\u03b1\u03b9 \u03c4\u03bf \u03b5\u03c0\u03af\u03c0\u03b5\u03b4\u03bf \u03b9\u03ba\u03b1\u03bd\u03bf\u03c0\u03bf\u03af\u03b7\u03c3\u03b7\u03c2 \u03c4\u03c9\u03bd \u03c7\u03c1\u03b7\u03c3\u03c4\u03ce\u03bd. [&hellip;]<\/p>","protected":false},"author":1,"featured_media":0,"parent":0,"menu_order":0,"comment_status":"closed","ping_status":"closed","template":"wp-custom-template-different-header","meta":{"_uag_custom_page_level_css":"","footnotes":""},"class_list":["post-428","page","type-page","status-publish","hentry"],"uagb_featured_image_src":{"full":false,"thumbnail":false,"medium":false,"medium_large":false,"large":false,"1536x1536":false,"2048x2048":false,"etm-custom-language-flag":false,"gamipress-points":false,"gamipress-achievement":false,"gamipress-rank":false},"uagb_author_info":{"display_name":"admin","author_link":"https:\/\/opengovai4d.ellak.gr\/de\/author\/admin\/"},"uagb_comment_info":0,"uagb_excerpt":"\u0391\u03be\u03b9\u03bf\u03bb\u03cc\u03b3\u03b7\u03c3\u03b7 \u03c4\u03b7\u03c2 \u03b1\u03c0\u03bf\u03c4\u03b5\u03bb\u03b5\u03c3\u03bc\u03b1\u03c4\u03b9\u03ba\u03cc\u03c4\u03b7\u03c4\u03b1\u03c2 \u03ba\u03b1\u03b9 \u03c4\u03b7\u03c2 \u03b1\u03c0\u03bf\u03b4\u03bf\u03c4\u03b9\u03ba\u03cc\u03c4\u03b7\u03c4\u03b1\u03c2 \u039f\u03c1\u03b9\u03c3\u03bc\u03cc\u03c2 \u03a5\u03c0\u03ac\u03c1\u03c7\u03bf\u03c5\u03bd \u03c0\u03bf\u03bb\u03bb\u03bf\u03af \u03c4\u03c1\u03cc\u03c0\u03bf\u03b9 \u03bd\u03b1 \u03b1\u03c0\u03bf\u03c4\u03b9\u03bc\u03b7\u03b8\u03b5\u03af \u03b7 \u03b1\u03be\u03af\u03b1 \u03c4\u03c9\u03bd \u03c8\u03b7\u03c6\u03b9\u03b1\u03ba\u03ce\u03bd \u03b4\u03b7\u03bc\u03bf\u03c3\u03af\u03c9\u03bd \u03c5\u03c0\u03b7\u03c1\u03b5\u03c3\u03b9\u03ce\u03bd, \u03cc\u03c0\u03c9\u03c2 \u03b7 \u03b1\u03c0\u03cc\u03b4\u03bf\u03c3\u03b7 \u03c4\u03b7\u03c2 \u03b5\u03c0\u03ad\u03bd\u03b4\u03c5\u03c3\u03b7\u03c2, \u03c4\u03bf \u03c3\u03c5\u03bd\u03bf\u03bb\u03b9\u03ba\u03cc \u03ba\u03cc\u03c3\u03c4\u03bf\u03c2 \u03ba\u03c5\u03c1\u03b9\u03cc\u03c4\u03b7\u03c4\u03b1\u03c2, \u03c4\u03bf \u03b5\u03c0\u03af\u03c0\u03b5\u03b4\u03bf \u03b5\u03c5\u03b5\u03bb\u03b9\u03be\u03af\u03b1\u03c2 \u03ba\u03b1\u03b9 \u03c0\u03c1\u03bf\u03c3\u03b1\u03c1\u03bc\u03bf\u03c3\u03c4\u03b9\u03ba\u03cc\u03c4\u03b7\u03c4\u03b1\u03c2, \u03b7 \u03bc\u03b5\u03b9\u03c9\u03bc\u03ad\u03bd\u03b7 \u03b4\u03b9\u03bf\u03b9\u03ba\u03b7\u03c4\u03b9\u03ba\u03ae \u03b5\u03c0\u03b9\u03b2\u03ac\u03c1\u03c5\u03bd\u03c3\u03b7, \u03b7 \u03b1\u03c0\u03bf\u03b4\u03bf\u03c4\u03b9\u03ba\u03cc\u03c4\u03b7\u03c4\u03b1, \u03bf \u03bc\u03b5\u03b9\u03c9\u03bc\u03ad\u03bd\u03bf\u03c2 \u03ba\u03af\u03bd\u03b4\u03c5\u03bd\u03bf\u03c2, \u03b7 \u03b4\u03b9\u03b1\u03c6\u03ac\u03bd\u03b5\u03b9\u03b1, \u03b7 \u03b1\u03c0\u03bb\u03bf\u03cd\u03c3\u03c4\u03b5\u03c5\u03c3\u03b7, \u03bf\u03b9 \u03b2\u03b5\u03bb\u03c4\u03b9\u03c9\u03bc\u03ad\u03bd\u03b5\u03c2 \u03bc\u03ad\u03b8\u03bf\u03b4\u03bf\u03b9 \u03b5\u03c1\u03b3\u03b1\u03c3\u03af\u03b1\u03c2 \u03ba\u03b1\u03b9 \u03c4\u03bf \u03b5\u03c0\u03af\u03c0\u03b5\u03b4\u03bf \u03b9\u03ba\u03b1\u03bd\u03bf\u03c0\u03bf\u03af\u03b7\u03c3\u03b7\u03c2 \u03c4\u03c9\u03bd \u03c7\u03c1\u03b7\u03c3\u03c4\u03ce\u03bd.&hellip;","_links":{"self":[{"href":"https:\/\/opengovai4d.ellak.gr\/de\/wp-json\/wp\/v2\/pages\/428","targetHints":{"allow":["GET"]}}],"collection":[{"href":"https:\/\/opengovai4d.ellak.gr\/de\/wp-json\/wp\/v2\/pages"}],"about":[{"href":"https:\/\/opengovai4d.ellak.gr\/de\/wp-json\/wp\/v2\/types\/page"}],"author":[{"embeddable":true,"href":"https:\/\/opengovai4d.ellak.gr\/de\/wp-json\/wp\/v2\/users\/1"}],"replies":[{"embeddable":true,"href":"https:\/\/opengovai4d.ellak.gr\/de\/wp-json\/wp\/v2\/comments?post=428"}],"version-history":[{"count":1,"href":"https:\/\/opengovai4d.ellak.gr\/de\/wp-json\/wp\/v2\/pages\/428\/revisions"}],"predecessor-version":[{"id":429,"href":"https:\/\/opengovai4d.ellak.gr\/de\/wp-json\/wp\/v2\/pages\/428\/revisions\/429"}],"wp:attachment":[{"href":"https:\/\/opengovai4d.ellak.gr\/de\/wp-json\/wp\/v2\/media?parent=428"}],"curies":[{"name":"wp","href":"https:\/\/api.w.org\/{rel}","templated":true}]}}