{"id":422,"date":"2024-10-10T09:34:54","date_gmt":"2024-10-10T09:34:54","guid":{"rendered":"https:\/\/dev-greekmosaico.pantheonsite.io\/?page_id=422"},"modified":"2024-11-07T21:57:53","modified_gmt":"2024-11-07T21:57:53","slug":"multilingualism","status":"publish","type":"page","link":"https:\/\/opengovai4d.ellak.gr\/de\/multilingualism\/","title":{"rendered":"Multilingualism"},"content":{"rendered":"<div class=\"wp-block-group alignfull has-global-padding is-layout-constrained wp-container-core-group-is-layout-e1df7a91 wp-block-group-is-layout-constrained\" style=\"padding-top:var(--wp--preset--spacing--20);padding-bottom:var(--wp--preset--spacing--20)\">\n<div class=\"wp-block-group alignwide is-layout-flow wp-block-group-is-layout-flow\">\n<h2 class=\"wp-block-heading\" style=\"font-style:normal;font-weight:500\">Mehrsprachigkeit<\/h2>\n<\/div>\n\n\n\n<div class=\"wp-block-group alignwide is-layout-flow wp-block-group-is-layout-flow\">\n<h3 class=\"wp-block-heading\" style=\"font-style:normal;font-weight:500\">Definition<\/h3>\n\n\n\n<p>Digitale \u00f6ffentliche Dienste k\u00f6nnen von B\u00fcrgern und Unternehmen mit Wohnsitz\/Betrieb in Griechenland mit einer anderen Muttersprache als Griechisch sowie von B\u00fcrgern, Unternehmen und \u00f6ffentlichen Einrichtungen aus anderen Mitgliedstaaten genutzt werden (grenz\u00fcberschreitende Nutzung). Die Mehrsprachigkeit bei der Bereitstellung digitaler \u00f6ffentlicher Dienste wird ihre Nutzung weithin f\u00f6rdern, weshalb \u00f6ffentliche Verwaltungsbeh\u00f6rden sie bei der Konzeption, Umsetzung, Bereitstellung und Unterst\u00fctzung solcher Dienste unterst\u00fctzen sollten. Weitere Informationen finden Sie unter Interoperabilit\u00e4tsrahmen.<\/p>\n<\/div>\n\n\n\n<div class=\"wp-block-group alignwide is-layout-flow wp-block-group-is-layout-flow\">\n<h3 class=\"wp-block-heading\" style=\"font-style:normal;font-weight:500\">Vorteile seiner Umsetzung<\/h3>\n\n\n\n<p>Sie werden aus Mosaico und den oben genannten Texten, wo sie existieren, gezogen.<\/p>\n<\/div>\n\n\n\n<div class=\"wp-block-group alignwide is-layout-flow wp-block-group-is-layout-flow\">\n<h3 class=\"wp-block-heading\" style=\"font-style:normal;font-weight:500\">Sachlicher institutioneller Rahmen<\/h3>\n\n\n\n<p><\/p>\n<\/div>\n\n\n\n<div class=\"wp-block-group alignwide is-layout-flow wp-block-group-is-layout-flow\">\n<h3 class=\"wp-block-heading\" style=\"font-style:normal;font-weight:500\">Bew\u00e4hrte Verfahren<\/h3>\n\n\n\n<p><\/p>\n<\/div>\n<\/div>","protected":false},"excerpt":{"rendered":"<p>\u03a0\u03bf\u03bb\u03c5\u03b3\u03bb\u03c9\u03c3\u03c3\u03af\u03b1 \u039f\u03c1\u03b9\u03c3\u03bc\u03cc\u03c2 \u039f\u03b9 \u03c8\u03b7\u03c6\u03b9\u03b1\u03ba\u03ad\u03c2 \u03b4\u03b7\u03bc\u03cc\u03c3\u03b9\u03b5\u03c2 \u03c5\u03c0\u03b7\u03c1\u03b5\u03c3\u03af\u03b5\u03c2 \u03b4\u03cd\u03bd\u03b1\u03bd\u03c4\u03b1\u03b9 \u03bd\u03b1 \u03c7\u03c1\u03b7\u03c3\u03b9\u03bc\u03bf\u03c0\u03bf\u03b9\u03b7\u03b8\u03bf\u03cd\u03bd \u03b1\u03c0\u03cc \u03c0\u03bf\u03bb\u03af\u03c4\u03b5\u03c2 \u03ba\u03b1\u03b9 \u03b5\u03c0\u03b9\u03c7\u03b5\u03b9\u03c1\u03ae\u03c3\u03b5\u03b9\u03c2 \u03c0\u03bf\u03c5 \u03ba\u03b1\u03c4\u03bf\u03b9\u03ba\u03bf\u03cd\u03bd \/ \u03b4\u03c1\u03b1\u03c3\u03c4\u03b7\u03c1\u03b9\u03bf\u03c0\u03bf\u03b9\u03bf\u03cd\u03bd\u03c4\u03b1\u03b9 \u03c3\u03c4\u03b7\u03bd \u0395\u03bb\u03bb\u03ac\u03b4\u03b1 \u03bc\u03b5 \u03bc\u03b7\u03c4\u03c1\u03b9\u03ba\u03ae \u03b3\u03bb\u03ce\u03c3\u03c3\u03b1 \u03ac\u03bb\u03bb\u03b7 \u03c0\u03ad\u03c1\u03b1\u03bd \u03c4\u03b7\u03c2 \u0395\u03bb\u03bb\u03b7\u03bd\u03b9\u03ba\u03ae\u03c2 \u03ba\u03b1\u03b8\u03ce\u03c2 \u03ba\u03b1\u03b9 \u03b1\u03c0\u03cc \u03c0\u03bf\u03bb\u03af\u03c4\u03b5\u03c2, \u03b5\u03c0\u03b9\u03c7\u03b5\u03b9\u03c1\u03ae\u03c3\u03b5\u03b9\u03c2 \u03ba\u03b1\u03b9 \u03b4\u03b7\u03bc\u03cc\u03c3\u03b9\u03bf\u03c5\u03c2 \u03c6\u03bf\u03c1\u03b5\u03af\u03c2 \u03b1\u03c0\u03cc \u03ac\u03bb\u03bb\u03b1 \u03ba\u03c1\u03ac\u03c4\u03b7-\u03bc\u03ad\u03bb\u03b7 (\u03b4\u03b9\u03b1\u03c3\u03c5\u03bd\u03bf\u03c1\u03b9\u03b1\u03ba\u03ae \u03c7\u03c1\u03ae\u03c3\u03b7). \u0397 \u03c0\u03bf\u03bb\u03c5\u03b3\u03bb\u03c9\u03c3\u03c3\u03af\u03b1 \u03c3\u03c4\u03b7\u03bd \u03c0\u03b1\u03c1\u03bf\u03c7\u03ae \u03c8\u03b7\u03c6\u03b9\u03b1\u03ba\u03ce\u03bd \u03b4\u03b7\u03bc\u03bf\u03c3\u03af\u03c9\u03bd \u03c5\u03c0\u03b7\u03c1\u03b5\u03c3\u03b9\u03ce\u03bd \u03b8\u03b1 \u03c0\u03c1\u03bf\u03c9\u03b8\u03ae\u03c3\u03b5\u03b9 \u03b5\u03c5\u03c1\u03ad\u03c9\u03c2 \u03c4\u03b7 \u03c7\u03c1\u03ae\u03c3\u03b7 \u03c4\u03bf\u03c5\u03c2 \u03ba\u03b1\u03b9 \u03b3\u03b9\u03b1 \u03b1\u03c5\u03c4\u03cc [&hellip;]<\/p>","protected":false},"author":1,"featured_media":0,"parent":0,"menu_order":0,"comment_status":"closed","ping_status":"closed","template":"wp-custom-template-different-header","meta":{"_uag_custom_page_level_css":"","footnotes":""},"class_list":["post-422","page","type-page","status-publish","hentry"],"uagb_featured_image_src":{"full":false,"thumbnail":false,"medium":false,"medium_large":false,"large":false,"1536x1536":false,"2048x2048":false,"etm-custom-language-flag":false,"gamipress-points":false,"gamipress-achievement":false,"gamipress-rank":false},"uagb_author_info":{"display_name":"admin","author_link":"https:\/\/opengovai4d.ellak.gr\/de\/author\/admin\/"},"uagb_comment_info":0,"uagb_excerpt":"\u03a0\u03bf\u03bb\u03c5\u03b3\u03bb\u03c9\u03c3\u03c3\u03af\u03b1 \u039f\u03c1\u03b9\u03c3\u03bc\u03cc\u03c2 \u039f\u03b9 \u03c8\u03b7\u03c6\u03b9\u03b1\u03ba\u03ad\u03c2 \u03b4\u03b7\u03bc\u03cc\u03c3\u03b9\u03b5\u03c2 \u03c5\u03c0\u03b7\u03c1\u03b5\u03c3\u03af\u03b5\u03c2 \u03b4\u03cd\u03bd\u03b1\u03bd\u03c4\u03b1\u03b9 \u03bd\u03b1 \u03c7\u03c1\u03b7\u03c3\u03b9\u03bc\u03bf\u03c0\u03bf\u03b9\u03b7\u03b8\u03bf\u03cd\u03bd \u03b1\u03c0\u03cc \u03c0\u03bf\u03bb\u03af\u03c4\u03b5\u03c2 \u03ba\u03b1\u03b9 \u03b5\u03c0\u03b9\u03c7\u03b5\u03b9\u03c1\u03ae\u03c3\u03b5\u03b9\u03c2 \u03c0\u03bf\u03c5 \u03ba\u03b1\u03c4\u03bf\u03b9\u03ba\u03bf\u03cd\u03bd \/ \u03b4\u03c1\u03b1\u03c3\u03c4\u03b7\u03c1\u03b9\u03bf\u03c0\u03bf\u03b9\u03bf\u03cd\u03bd\u03c4\u03b1\u03b9 \u03c3\u03c4\u03b7\u03bd \u0395\u03bb\u03bb\u03ac\u03b4\u03b1 \u03bc\u03b5 \u03bc\u03b7\u03c4\u03c1\u03b9\u03ba\u03ae \u03b3\u03bb\u03ce\u03c3\u03c3\u03b1 \u03ac\u03bb\u03bb\u03b7 \u03c0\u03ad\u03c1\u03b1\u03bd \u03c4\u03b7\u03c2 \u0395\u03bb\u03bb\u03b7\u03bd\u03b9\u03ba\u03ae\u03c2 \u03ba\u03b1\u03b8\u03ce\u03c2 \u03ba\u03b1\u03b9 \u03b1\u03c0\u03cc \u03c0\u03bf\u03bb\u03af\u03c4\u03b5\u03c2, \u03b5\u03c0\u03b9\u03c7\u03b5\u03b9\u03c1\u03ae\u03c3\u03b5\u03b9\u03c2 \u03ba\u03b1\u03b9 \u03b4\u03b7\u03bc\u03cc\u03c3\u03b9\u03bf\u03c5\u03c2 \u03c6\u03bf\u03c1\u03b5\u03af\u03c2 \u03b1\u03c0\u03cc \u03ac\u03bb\u03bb\u03b1 \u03ba\u03c1\u03ac\u03c4\u03b7-\u03bc\u03ad\u03bb\u03b7 (\u03b4\u03b9\u03b1\u03c3\u03c5\u03bd\u03bf\u03c1\u03b9\u03b1\u03ba\u03ae \u03c7\u03c1\u03ae\u03c3\u03b7). \u0397 \u03c0\u03bf\u03bb\u03c5\u03b3\u03bb\u03c9\u03c3\u03c3\u03af\u03b1 \u03c3\u03c4\u03b7\u03bd \u03c0\u03b1\u03c1\u03bf\u03c7\u03ae \u03c8\u03b7\u03c6\u03b9\u03b1\u03ba\u03ce\u03bd \u03b4\u03b7\u03bc\u03bf\u03c3\u03af\u03c9\u03bd \u03c5\u03c0\u03b7\u03c1\u03b5\u03c3\u03b9\u03ce\u03bd \u03b8\u03b1 \u03c0\u03c1\u03bf\u03c9\u03b8\u03ae\u03c3\u03b5\u03b9 \u03b5\u03c5\u03c1\u03ad\u03c9\u03c2 \u03c4\u03b7 \u03c7\u03c1\u03ae\u03c3\u03b7 \u03c4\u03bf\u03c5\u03c2 \u03ba\u03b1\u03b9 \u03b3\u03b9\u03b1 \u03b1\u03c5\u03c4\u03cc&hellip;","_links":{"self":[{"href":"https:\/\/opengovai4d.ellak.gr\/de\/wp-json\/wp\/v2\/pages\/422","targetHints":{"allow":["GET"]}}],"collection":[{"href":"https:\/\/opengovai4d.ellak.gr\/de\/wp-json\/wp\/v2\/pages"}],"about":[{"href":"https:\/\/opengovai4d.ellak.gr\/de\/wp-json\/wp\/v2\/types\/page"}],"author":[{"embeddable":true,"href":"https:\/\/opengovai4d.ellak.gr\/de\/wp-json\/wp\/v2\/users\/1"}],"replies":[{"embeddable":true,"href":"https:\/\/opengovai4d.ellak.gr\/de\/wp-json\/wp\/v2\/comments?post=422"}],"version-history":[{"count":1,"href":"https:\/\/opengovai4d.ellak.gr\/de\/wp-json\/wp\/v2\/pages\/422\/revisions"}],"predecessor-version":[{"id":423,"href":"https:\/\/opengovai4d.ellak.gr\/de\/wp-json\/wp\/v2\/pages\/422\/revisions\/423"}],"wp:attachment":[{"href":"https:\/\/opengovai4d.ellak.gr\/de\/wp-json\/wp\/v2\/media?parent=422"}],"curies":[{"name":"wp","href":"https:\/\/api.w.org\/{rel}","templated":true}]}}