{"id":418,"date":"2024-10-10T09:33:46","date_gmt":"2024-10-10T09:33:46","guid":{"rendered":"https:\/\/dev-greekmosaico.pantheonsite.io\/?page_id=418"},"modified":"2024-11-07T22:00:18","modified_gmt":"2024-11-07T22:00:18","slug":"inclusion-and-accessibility","status":"publish","type":"page","link":"https:\/\/opengovai4d.ellak.gr\/de\/inclusion-and-accessibility\/","title":{"rendered":"Inclusion and accessibility"},"content":{"rendered":"<div class=\"wp-block-group alignfull has-global-padding is-layout-constrained wp-container-core-group-is-layout-e1df7a91 wp-block-group-is-layout-constrained\" style=\"padding-top:var(--wp--preset--spacing--20);padding-bottom:var(--wp--preset--spacing--20)\">\n<div class=\"wp-block-group alignwide is-layout-flow wp-block-group-is-layout-flow\">\n<h2 class=\"wp-block-heading\" style=\"font-style:normal;font-weight:500\">Inklusion und Barrierefreiheit<\/h2>\n<\/div>\n\n\n\n<div class=\"wp-block-group alignwide is-layout-flow wp-block-group-is-layout-flow\">\n<h3 class=\"wp-block-heading\" style=\"font-style:normal;font-weight:500\">Definition<\/h3>\n\n\n\n<p>Die digitale Barrierefreiheit erm\u00f6glicht es der gesamten Bev\u00f6lkerung, digitale \u00f6ffentliche Dienste in Anspruch zu nehmen, darunter Menschen mit Behinderungen jeglicher Art, \u00e4ltere Menschen oder Menschen, die anderen schutzbed\u00fcrftigen Gruppen angeh\u00f6ren. Die digitale Barrierefreiheit tr\u00e4gt zu ihrer Inklusion und Teilhabe an den Chancen der neuen Technologien bei und verringert die soziale und wirtschaftliche Kluft, die durch ihre Ausgrenzung entsteht. Weitere Informationen finden Sie unter Interoperabilit\u00e4tsrahmen.<\/p>\n<\/div>\n\n\n\n<div class=\"wp-block-group alignwide is-layout-flow wp-block-group-is-layout-flow\">\n<h3 class=\"wp-block-heading\" style=\"font-style:normal;font-weight:500\">Vorteile seiner Umsetzung<\/h3>\n\n\n\n<p>Sie werden aus Mosaico und den oben genannten Texten, wo sie existieren, gezogen.<\/p>\n<\/div>\n\n\n\n<div class=\"wp-block-group alignwide is-layout-flow wp-block-group-is-layout-flow\">\n<h3 class=\"wp-block-heading\" style=\"font-style:normal;font-weight:500\">Sachlicher institutioneller Rahmen<\/h3>\n\n\n\n<p><\/p>\n<\/div>\n\n\n\n<div class=\"wp-block-group alignwide is-layout-flow wp-block-group-is-layout-flow\">\n<h3 class=\"wp-block-heading\" style=\"font-style:normal;font-weight:500\">Bew\u00e4hrte Verfahren<\/h3>\n\n\n\n<p><\/p>\n<\/div>\n<\/div>","protected":false},"excerpt":{"rendered":"<p>\u0388\u03bd\u03c4\u03b1\u03be\u03b7 \u03ba\u03b1\u03b9 \u03c0\u03c1\u03bf\u03c3\u03b2\u03b1\u03c3\u03b9\u03bc\u03cc\u03c4\u03b7\u03c4\u03b1 \u039f\u03c1\u03b9\u03c3\u03bc\u03cc\u03c2 \u0397 \u03c8\u03b7\u03c6\u03b9\u03b1\u03ba\u03ae \u03c0\u03c1\u03bf\u03c3\u03b2\u03b1\u03c3\u03b9\u03bc\u03cc\u03c4\u03b7\u03c4\u03b1 \u03b4\u03af\u03bd\u03b5\u03b9 \u03c4\u03b7 \u03b4\u03c5\u03bd\u03b1\u03c4\u03cc\u03c4\u03b7\u03c4\u03b1 \u03b1\u03be\u03b9\u03bf\u03c0\u03bf\u03af\u03b7\u03c3\u03b7\u03c2 \u03c4\u03c9\u03bd \u03c8\u03b7\u03c6\u03b9\u03b1\u03ba\u03ce\u03bd \u03b4\u03b7\u03bc\u03bf\u03c3\u03af\u03c9\u03bd \u03c5\u03c0\u03b7\u03c1\u03b5\u03c3\u03b9\u03ce\u03bd \u03b1\u03c0\u03cc \u03c4\u03bf \u03c3\u03cd\u03bd\u03bf\u03bb\u03bf \u03c4\u03bf\u03c5 \u03c0\u03bb\u03b7\u03b8\u03c5\u03c3\u03bc\u03bf\u03cd, \u03c3\u03c5\u03bc\u03c0\u03b5\u03c1\u03b9\u03bb\u03b1\u03bc\u03b2\u03b1\u03bd\u03bf\u03bc\u03ad\u03bd\u03c9\u03bd \u03b1\u03c4\u03cc\u03bc\u03c9\u03bd \u03bc\u03b5 \u03bf\u03c0\u03bf\u03b9\u03b1\u03b4\u03ae\u03c0\u03bf\u03c4\u03b5 \u03bc\u03bf\u03c1\u03c6\u03ae \u03b1\u03bd\u03b1\u03c0\u03b7\u03c1\u03af\u03b1\u03c2, \u03b7\u03bb\u03b9\u03ba\u03b9\u03c9\u03bc\u03ad\u03bd\u03c9\u03bd \u03ae \u03b1\u03c4\u03cc\u03bc\u03c9\u03bd \u03c0\u03bf\u03c5 \u03b1\u03bd\u03ae\u03ba\u03bf\u03c5\u03bd \u03c3\u03b5 \u03ac\u03bb\u03bb\u03b5\u03c2 \u03b5\u03c5\u03ac\u03bb\u03c9\u03c4\u03b5\u03c2 \u03bf\u03bc\u03ac\u03b4\u03b5\u03c2. \u0397 \u03c8\u03b7\u03c6\u03b9\u03b1\u03ba\u03ae \u03c0\u03c1\u03bf\u03c3\u03b2\u03b1\u03c3\u03b9\u03bc\u03cc\u03c4\u03b7\u03c4\u03b1 \u03c3\u03c5\u03bc\u03b2\u03ac\u03bb\u03bb\u03b5\u03b9 \u03c3\u03c4\u03b7\u03bd \u03ad\u03bd\u03c4\u03b1\u03be\u03b7 \u03c4\u03c9\u03bd \u03b1\u03bd\u03c9\u03c4\u03ad\u03c1\u03c9 \u03ba\u03b1\u03b9 \u03c4\u03b7 \u03c3\u03c5\u03bc\u03bc\u03b5\u03c4\u03bf\u03c7\u03ae \u03c4\u03bf\u03c5\u03c2 \u03c3\u03c4\u03b9\u03c2 \u03b5\u03c5\u03ba\u03b1\u03b9\u03c1\u03af\u03b5\u03c2 \u03c0\u03bf\u03c5 \u03c0\u03b1\u03c1\u03ad\u03c7\u03bf\u03c5\u03bd \u03bf\u03b9 \u03bd\u03ad\u03b5\u03c2 \u03c4\u03b5\u03c7\u03bd\u03bf\u03bb\u03bf\u03b3\u03af\u03b5\u03c2, \u03bc\u03b5\u03b9\u03ce\u03bd\u03bf\u03bd\u03c4\u03b1\u03c2 [&hellip;]<\/p>","protected":false},"author":1,"featured_media":0,"parent":0,"menu_order":0,"comment_status":"closed","ping_status":"closed","template":"wp-custom-template-different-header","meta":{"_uag_custom_page_level_css":"","footnotes":""},"class_list":["post-418","page","type-page","status-publish","hentry"],"uagb_featured_image_src":{"full":false,"thumbnail":false,"medium":false,"medium_large":false,"large":false,"1536x1536":false,"2048x2048":false,"etm-custom-language-flag":false,"gamipress-points":false,"gamipress-achievement":false,"gamipress-rank":false},"uagb_author_info":{"display_name":"admin","author_link":"https:\/\/opengovai4d.ellak.gr\/de\/author\/admin\/"},"uagb_comment_info":0,"uagb_excerpt":"\u0388\u03bd\u03c4\u03b1\u03be\u03b7 \u03ba\u03b1\u03b9 \u03c0\u03c1\u03bf\u03c3\u03b2\u03b1\u03c3\u03b9\u03bc\u03cc\u03c4\u03b7\u03c4\u03b1 \u039f\u03c1\u03b9\u03c3\u03bc\u03cc\u03c2 \u0397 \u03c8\u03b7\u03c6\u03b9\u03b1\u03ba\u03ae \u03c0\u03c1\u03bf\u03c3\u03b2\u03b1\u03c3\u03b9\u03bc\u03cc\u03c4\u03b7\u03c4\u03b1 \u03b4\u03af\u03bd\u03b5\u03b9 \u03c4\u03b7 \u03b4\u03c5\u03bd\u03b1\u03c4\u03cc\u03c4\u03b7\u03c4\u03b1 \u03b1\u03be\u03b9\u03bf\u03c0\u03bf\u03af\u03b7\u03c3\u03b7\u03c2 \u03c4\u03c9\u03bd \u03c8\u03b7\u03c6\u03b9\u03b1\u03ba\u03ce\u03bd \u03b4\u03b7\u03bc\u03bf\u03c3\u03af\u03c9\u03bd \u03c5\u03c0\u03b7\u03c1\u03b5\u03c3\u03b9\u03ce\u03bd \u03b1\u03c0\u03cc \u03c4\u03bf \u03c3\u03cd\u03bd\u03bf\u03bb\u03bf \u03c4\u03bf\u03c5 \u03c0\u03bb\u03b7\u03b8\u03c5\u03c3\u03bc\u03bf\u03cd, \u03c3\u03c5\u03bc\u03c0\u03b5\u03c1\u03b9\u03bb\u03b1\u03bc\u03b2\u03b1\u03bd\u03bf\u03bc\u03ad\u03bd\u03c9\u03bd \u03b1\u03c4\u03cc\u03bc\u03c9\u03bd \u03bc\u03b5 \u03bf\u03c0\u03bf\u03b9\u03b1\u03b4\u03ae\u03c0\u03bf\u03c4\u03b5 \u03bc\u03bf\u03c1\u03c6\u03ae \u03b1\u03bd\u03b1\u03c0\u03b7\u03c1\u03af\u03b1\u03c2, \u03b7\u03bb\u03b9\u03ba\u03b9\u03c9\u03bc\u03ad\u03bd\u03c9\u03bd \u03ae \u03b1\u03c4\u03cc\u03bc\u03c9\u03bd \u03c0\u03bf\u03c5 \u03b1\u03bd\u03ae\u03ba\u03bf\u03c5\u03bd \u03c3\u03b5 \u03ac\u03bb\u03bb\u03b5\u03c2 \u03b5\u03c5\u03ac\u03bb\u03c9\u03c4\u03b5\u03c2 \u03bf\u03bc\u03ac\u03b4\u03b5\u03c2. \u0397 \u03c8\u03b7\u03c6\u03b9\u03b1\u03ba\u03ae \u03c0\u03c1\u03bf\u03c3\u03b2\u03b1\u03c3\u03b9\u03bc\u03cc\u03c4\u03b7\u03c4\u03b1 \u03c3\u03c5\u03bc\u03b2\u03ac\u03bb\u03bb\u03b5\u03b9 \u03c3\u03c4\u03b7\u03bd \u03ad\u03bd\u03c4\u03b1\u03be\u03b7 \u03c4\u03c9\u03bd \u03b1\u03bd\u03c9\u03c4\u03ad\u03c1\u03c9 \u03ba\u03b1\u03b9 \u03c4\u03b7 \u03c3\u03c5\u03bc\u03bc\u03b5\u03c4\u03bf\u03c7\u03ae \u03c4\u03bf\u03c5\u03c2 \u03c3\u03c4\u03b9\u03c2 \u03b5\u03c5\u03ba\u03b1\u03b9\u03c1\u03af\u03b5\u03c2 \u03c0\u03bf\u03c5 \u03c0\u03b1\u03c1\u03ad\u03c7\u03bf\u03c5\u03bd \u03bf\u03b9 \u03bd\u03ad\u03b5\u03c2 \u03c4\u03b5\u03c7\u03bd\u03bf\u03bb\u03bf\u03b3\u03af\u03b5\u03c2, \u03bc\u03b5\u03b9\u03ce\u03bd\u03bf\u03bd\u03c4\u03b1\u03c2&hellip;","_links":{"self":[{"href":"https:\/\/opengovai4d.ellak.gr\/de\/wp-json\/wp\/v2\/pages\/418","targetHints":{"allow":["GET"]}}],"collection":[{"href":"https:\/\/opengovai4d.ellak.gr\/de\/wp-json\/wp\/v2\/pages"}],"about":[{"href":"https:\/\/opengovai4d.ellak.gr\/de\/wp-json\/wp\/v2\/types\/page"}],"author":[{"embeddable":true,"href":"https:\/\/opengovai4d.ellak.gr\/de\/wp-json\/wp\/v2\/users\/1"}],"replies":[{"embeddable":true,"href":"https:\/\/opengovai4d.ellak.gr\/de\/wp-json\/wp\/v2\/comments?post=418"}],"version-history":[{"count":1,"href":"https:\/\/opengovai4d.ellak.gr\/de\/wp-json\/wp\/v2\/pages\/418\/revisions"}],"predecessor-version":[{"id":419,"href":"https:\/\/opengovai4d.ellak.gr\/de\/wp-json\/wp\/v2\/pages\/418\/revisions\/419"}],"wp:attachment":[{"href":"https:\/\/opengovai4d.ellak.gr\/de\/wp-json\/wp\/v2\/media?parent=418"}],"curies":[{"name":"wp","href":"https:\/\/api.w.org\/{rel}","templated":true}]}}