{"id":410,"date":"2024-10-10T09:30:32","date_gmt":"2024-10-10T09:30:32","guid":{"rendered":"https:\/\/dev-greekmosaico.pantheonsite.io\/?page_id=410"},"modified":"2024-11-07T21:57:40","modified_gmt":"2024-11-07T21:57:40","slug":"transparency","status":"publish","type":"page","link":"https:\/\/opengovai4d.ellak.gr\/de\/transparency\/","title":{"rendered":"Transparency"},"content":{"rendered":"<div class=\"wp-block-group alignfull has-global-padding is-layout-constrained wp-container-core-group-is-layout-e1df7a91 wp-block-group-is-layout-constrained\" style=\"padding-top:var(--wp--preset--spacing--20);padding-bottom:var(--wp--preset--spacing--20)\">\n<div class=\"wp-block-group alignwide is-layout-flow wp-block-group-is-layout-flow\">\n<h2 class=\"wp-block-heading\" style=\"font-style:normal;font-weight:500\">Transparenz<\/h2>\n<\/div>\n\n\n\n<div class=\"wp-block-group alignwide is-layout-flow wp-block-group-is-layout-flow\">\n<h3 class=\"wp-block-heading\" style=\"font-style:normal;font-weight:500\">Definition<\/h3>\n\n\n\n<p>Transparenz im EIF bezieht sich auf: a) die Verfahren und Verwaltungsvorschriften f\u00fcr \u00f6ffentliche Dienstleistungen zu verstehen, unabh\u00e4ngig davon, ob sie von einer oder mehreren Einrichtungen angeboten werden. Aus diesem Grund m\u00fcssen die Verfahren zur Unterst\u00fctzung der Dienste systematisch widergespiegelt und allen interessierten Parteien offen zug\u00e4nglich gemacht werden. b) Die Ver\u00f6ffentlichung der Schnittstellen der beteiligten Informationssysteme muss sichergestellt werden, damit verst\u00e4ndlich ist, welche Daten im Rahmen der Erbringung eines \u00f6ffentlichen Dienstes ausgetauscht werden. \u00d6ffentliche Stellen verf\u00fcgen \u00fcber eine Vielzahl heterogener und verstreuter Informationssysteme, die ihre Prozesse unterst\u00fctzen. Die Interoperabilit\u00e4t h\u00e4ngt davon ab, dass Schnittstellen zu diesen Systemen und den von ihnen verarbeiteten Daten vorhanden sind.<\/p>\n<\/div>\n\n\n\n<div class=\"wp-block-group alignwide is-layout-flow wp-block-group-is-layout-flow\">\n<h3 class=\"wp-block-heading\" style=\"font-style:normal;font-weight:500\">Vorteile seiner Umsetzung<\/h3>\n\n\n\n<p>Sie werden aus Mosaico und den oben genannten Texten, wo sie existieren, gezogen.<\/p>\n<\/div>\n\n\n\n<div class=\"wp-block-group alignwide is-layout-flow wp-block-group-is-layout-flow\">\n<h3 class=\"wp-block-heading\" style=\"font-style:normal;font-weight:500\">Sachlicher institutioneller Rahmen<\/h3>\n\n\n\n<p><\/p>\n<\/div>\n\n\n\n<div class=\"wp-block-group alignwide is-layout-flow wp-block-group-is-layout-flow\">\n<h3 class=\"wp-block-heading\" style=\"font-style:normal;font-weight:500\">Bew\u00e4hrte Verfahren<\/h3>\n\n\n\n<p><\/p>\n<\/div>\n<\/div>","protected":false},"excerpt":{"rendered":"<p>\u0394\u03b9\u03b1\u03c6\u03ac\u03bd\u03b5\u03b9\u03b1 \u039f\u03c1\u03b9\u03c3\u03bc\u03cc\u03c2 \u0397 \u03b4\u03b9\u03b1\u03c6\u03ac\u03bd\u03b5\u03b9\u03b1 \u03c3\u03c4\u03bf \u03c0\u03bb\u03b1\u03af\u03c3\u03b9\u03bf \u03c4\u03bf\u03c5 \u0395\u03a0\u0394 \u03b1\u03bd\u03b1\u03c6\u03ad\u03c1\u03b5\u03c4\u03b1\u03b9 \u03c3\u03c4\u03b1 \u03b5\u03be\u03ae\u03c2: \u03b1) \u03a3\u03c4\u03b7\u03bd \u03ba\u03b1\u03c4\u03b1\u03bd\u03cc\u03b7\u03c3\u03b7 \u03c4\u03c9\u03bd \u03b4\u03b9\u03b1\u03b4\u03b9\u03ba\u03b1\u03c3\u03b9\u03ce\u03bd \u03ba\u03b1\u03b9 \u03c4\u03c9\u03bd \u03b4\u03b9\u03bf\u03b9\u03ba\u03b7\u03c4\u03b9\u03ba\u03ce\u03bd \u03ba\u03b1\u03bd\u03cc\u03bd\u03c9\u03bd \u03c0\u03bf\u03c5 \u03b4\u03b9\u03ad\u03c0\u03bf\u03c5\u03bd \u03c4\u03b9\u03c2 \u03b4\u03b7\u03bc\u03cc\u03c3\u03b9\u03b5\u03c2 \u03c5\u03c0\u03b7\u03c1\u03b5\u03c3\u03af\u03b5\u03c2, \u03b1\u03bd\u03b5\u03be\u03ac\u03c1\u03c4\u03b7\u03c4\u03b1 \u03b1\u03c0\u03cc \u03c4\u03bf \u03b1\u03bd \u03b1\u03c5\u03c4\u03ad\u03c2 \u03c0\u03c1\u03bf\u03c3\u03c6\u03ad\u03c1\u03bf\u03bd\u03c4\u03b1\u03b9 \u03b1\u03c0\u03cc \u03ad\u03bd\u03b1\u03bd \u03ae \u03c0\u03b5\u03c1\u03b9\u03c3\u03c3\u03cc\u03c4\u03b5\u03c1\u03bf\u03c5\u03c2 \u03c6\u03bf\u03c1\u03b5\u03af\u03c2. \u0393\u03b9\u03b1 \u03c4\u03bf\u03bd \u03bb\u03cc\u03b3\u03bf \u03b1\u03c5\u03c4\u03cc \u03b1\u03c0\u03b1\u03b9\u03c4\u03b5\u03af\u03c4\u03b1\u03b9 \u03b7 \u03c3\u03c5\u03c3\u03c4\u03b7\u03bc\u03b1\u03c4\u03b9\u03ba\u03ae \u03b1\u03c0\u03bf\u03c4\u03cd\u03c0\u03c9\u03c3\u03b7 \u03c4\u03c9\u03bd \u03b4\u03b9\u03b1\u03b4\u03b9\u03ba\u03b1\u03c3\u03b9\u03ce\u03bd \u03c0\u03bf\u03c5 \u03c5\u03c0\u03bf\u03c3\u03c4\u03b7\u03c1\u03af\u03b6\u03bf\u03c5\u03bd \u03c4\u03b9\u03c2 \u03c5\u03c0\u03b7\u03c1\u03b5\u03c3\u03af\u03b5\u03c2 \u03ba\u03b1\u03b9 \u03b7 \u03b1\u03bd\u03bf\u03b9\u03ba\u03c4\u03ae \u03c4\u03bf\u03c5\u03c2 \u03b4\u03b9\u03ac\u03b8\u03b5\u03c3\u03b7 [&hellip;]<\/p>","protected":false},"author":1,"featured_media":0,"parent":0,"menu_order":0,"comment_status":"closed","ping_status":"closed","template":"wp-custom-template-different-header","meta":{"_uag_custom_page_level_css":"","footnotes":""},"class_list":["post-410","page","type-page","status-publish","hentry"],"uagb_featured_image_src":{"full":false,"thumbnail":false,"medium":false,"medium_large":false,"large":false,"1536x1536":false,"2048x2048":false,"etm-custom-language-flag":false,"gamipress-points":false,"gamipress-achievement":false,"gamipress-rank":false},"uagb_author_info":{"display_name":"admin","author_link":"https:\/\/opengovai4d.ellak.gr\/de\/author\/admin\/"},"uagb_comment_info":0,"uagb_excerpt":"\u0394\u03b9\u03b1\u03c6\u03ac\u03bd\u03b5\u03b9\u03b1 \u039f\u03c1\u03b9\u03c3\u03bc\u03cc\u03c2 \u0397 \u03b4\u03b9\u03b1\u03c6\u03ac\u03bd\u03b5\u03b9\u03b1 \u03c3\u03c4\u03bf \u03c0\u03bb\u03b1\u03af\u03c3\u03b9\u03bf \u03c4\u03bf\u03c5 \u0395\u03a0\u0394 \u03b1\u03bd\u03b1\u03c6\u03ad\u03c1\u03b5\u03c4\u03b1\u03b9 \u03c3\u03c4\u03b1 \u03b5\u03be\u03ae\u03c2: \u03b1) \u03a3\u03c4\u03b7\u03bd \u03ba\u03b1\u03c4\u03b1\u03bd\u03cc\u03b7\u03c3\u03b7 \u03c4\u03c9\u03bd \u03b4\u03b9\u03b1\u03b4\u03b9\u03ba\u03b1\u03c3\u03b9\u03ce\u03bd \u03ba\u03b1\u03b9 \u03c4\u03c9\u03bd \u03b4\u03b9\u03bf\u03b9\u03ba\u03b7\u03c4\u03b9\u03ba\u03ce\u03bd \u03ba\u03b1\u03bd\u03cc\u03bd\u03c9\u03bd \u03c0\u03bf\u03c5 \u03b4\u03b9\u03ad\u03c0\u03bf\u03c5\u03bd \u03c4\u03b9\u03c2 \u03b4\u03b7\u03bc\u03cc\u03c3\u03b9\u03b5\u03c2 \u03c5\u03c0\u03b7\u03c1\u03b5\u03c3\u03af\u03b5\u03c2, \u03b1\u03bd\u03b5\u03be\u03ac\u03c1\u03c4\u03b7\u03c4\u03b1 \u03b1\u03c0\u03cc \u03c4\u03bf \u03b1\u03bd \u03b1\u03c5\u03c4\u03ad\u03c2 \u03c0\u03c1\u03bf\u03c3\u03c6\u03ad\u03c1\u03bf\u03bd\u03c4\u03b1\u03b9 \u03b1\u03c0\u03cc \u03ad\u03bd\u03b1\u03bd \u03ae \u03c0\u03b5\u03c1\u03b9\u03c3\u03c3\u03cc\u03c4\u03b5\u03c1\u03bf\u03c5\u03c2 \u03c6\u03bf\u03c1\u03b5\u03af\u03c2. \u0393\u03b9\u03b1 \u03c4\u03bf\u03bd \u03bb\u03cc\u03b3\u03bf \u03b1\u03c5\u03c4\u03cc \u03b1\u03c0\u03b1\u03b9\u03c4\u03b5\u03af\u03c4\u03b1\u03b9 \u03b7 \u03c3\u03c5\u03c3\u03c4\u03b7\u03bc\u03b1\u03c4\u03b9\u03ba\u03ae \u03b1\u03c0\u03bf\u03c4\u03cd\u03c0\u03c9\u03c3\u03b7 \u03c4\u03c9\u03bd \u03b4\u03b9\u03b1\u03b4\u03b9\u03ba\u03b1\u03c3\u03b9\u03ce\u03bd \u03c0\u03bf\u03c5 \u03c5\u03c0\u03bf\u03c3\u03c4\u03b7\u03c1\u03af\u03b6\u03bf\u03c5\u03bd \u03c4\u03b9\u03c2 \u03c5\u03c0\u03b7\u03c1\u03b5\u03c3\u03af\u03b5\u03c2 \u03ba\u03b1\u03b9 \u03b7 \u03b1\u03bd\u03bf\u03b9\u03ba\u03c4\u03ae \u03c4\u03bf\u03c5\u03c2 \u03b4\u03b9\u03ac\u03b8\u03b5\u03c3\u03b7&hellip;","_links":{"self":[{"href":"https:\/\/opengovai4d.ellak.gr\/de\/wp-json\/wp\/v2\/pages\/410","targetHints":{"allow":["GET"]}}],"collection":[{"href":"https:\/\/opengovai4d.ellak.gr\/de\/wp-json\/wp\/v2\/pages"}],"about":[{"href":"https:\/\/opengovai4d.ellak.gr\/de\/wp-json\/wp\/v2\/types\/page"}],"author":[{"embeddable":true,"href":"https:\/\/opengovai4d.ellak.gr\/de\/wp-json\/wp\/v2\/users\/1"}],"replies":[{"embeddable":true,"href":"https:\/\/opengovai4d.ellak.gr\/de\/wp-json\/wp\/v2\/comments?post=410"}],"version-history":[{"count":1,"href":"https:\/\/opengovai4d.ellak.gr\/de\/wp-json\/wp\/v2\/pages\/410\/revisions"}],"predecessor-version":[{"id":411,"href":"https:\/\/opengovai4d.ellak.gr\/de\/wp-json\/wp\/v2\/pages\/410\/revisions\/411"}],"wp:attachment":[{"href":"https:\/\/opengovai4d.ellak.gr\/de\/wp-json\/wp\/v2\/media?parent=410"}],"curies":[{"name":"wp","href":"https:\/\/api.w.org\/{rel}","templated":true}]}}