{"id":344,"date":"2024-10-10T07:00:48","date_gmt":"2024-10-10T07:00:48","guid":{"rendered":"https:\/\/dev-greekmosaico.pantheonsite.io\/?page_id=344"},"modified":"2024-11-07T22:00:27","modified_gmt":"2024-11-07T22:00:27","slug":"interoperability","status":"publish","type":"page","link":"https:\/\/opengovai4d.ellak.gr\/de\/interoperability\/","title":{"rendered":"Interoperability"},"content":{"rendered":"<div class=\"wp-block-group alignfull has-global-padding is-layout-constrained wp-container-core-group-is-layout-e1df7a91 wp-block-group-is-layout-constrained\" style=\"padding-top:var(--wp--preset--spacing--20);padding-bottom:var(--wp--preset--spacing--20)\">\n<div class=\"wp-block-group alignwide is-layout-flow wp-block-group-is-layout-flow\">\n<h2 class=\"wp-block-heading\" style=\"font-style:normal;font-weight:500\">Interoperabilit\u00e4t<\/h2>\n<\/div>\n\n\n\n<div class=\"wp-block-group alignwide is-layout-flow wp-block-group-is-layout-flow\">\n<h3 class=\"wp-block-heading\" style=\"font-style:normal;font-weight:500\">Definition<\/h3>\n\n\n\n<p><em>(siehe <a href=\"https:\/\/www.e-gif.gov.gr\/wp-content\/uploads\/2022\/06\/%CE%A01_%CE%A0%CE%BB%CE%B1%CE%AF%CF%83%CE%B9%CE%BF_%CE%94%CE%B9%CE%B1%CE%BB%CE%B5%CE%B9%CF%84%CE%BF%CF%85%CF%81%CE%B3%CE%B9%CE%BA%CF%8C%CF%84%CE%B7%CF%84%CE%B1%CF%82_v1.1_new.pdf\">Interoperabilit\u00e4tsrahmen f\u00fcr \u00f6ffentliche Dienste<\/a>, S. 10)<\/em><\/p>\n\n\n\n<p>Gem\u00e4\u00df der Weisung des EIF bedeutet Interoperabilit\u00e4t die F\u00e4higkeit von Organisationen, im Hinblick auf f\u00fcr beide Seiten vorteilhafte Ziele in Bezug auf den Austausch von Informationen und Wissen zwischen diesen Organisationen \u00fcber die von ihnen unterst\u00fctzten Gesch\u00e4ftsprozesse zu interagieren, wobei ihre Informations- und Kommunikationssysteme zum Austausch von Daten untereinander genutzt werden.<\/p>\n<\/div>\n\n\n\n<div class=\"wp-block-group alignwide is-layout-flow wp-block-group-is-layout-flow\">\n<h3 class=\"wp-block-heading\" style=\"font-style:normal;font-weight:500\">Vorteile der Verwendung<\/h3>\n\n\n\n<p>(siehe <a href=\"https:\/\/mosaico.gov.pt\/areas-tecnicas\/interoperabilidade#benefits\">Mosaik<\/a>)<\/p>\n\n\n\n<ul class=\"wp-block-list\">\n<li>Es beschleunigt die Verfahrenseffizienz bei Verwaltungsfunktionen, die den Austausch und die \u00dcbermittlung manueller Informationen zwischen verschiedenen Einrichtungen und Organisationen erfordern.<\/li>\n\n\n\n<li>Verbessert die Transparenz bei der Verwendung personenbezogener Daten auf ethische und rechtm\u00e4\u00dfige Weise.<\/li>\n\n\n\n<li>Sie st\u00e4rkt das Vertrauen der B\u00fcrger, indem sie effizientere und schnellere Dienste bereitstellt.<\/li>\n\n\n\n<li>Es reduziert Informationssilos und erh\u00f6ht die F\u00e4higkeit, Daten in der \u00f6ffentlichen Verwaltung wiederzuverwenden.<\/li>\n\n\n\n<li>Sie vereinheitlicht die Art und Weise, wie digitale \u00f6ffentliche Dienste f\u00fcr verschiedene Einrichtungen und Organisationen bereitgestellt werden, und erleichtert so den Zugang der Nutzer.<\/li>\n\n\n\n<li>Tr\u00e4gt zur einfachen Datenerfassung bei.<\/li>\n\n\n\n<li>Es verringert die Abh\u00e4ngigkeit von externen Lieferanten und erleichtert den \u00dcbergang zu technologisch fortschrittlicheren oder kosteng\u00fcnstigeren L\u00f6sungen.<\/li>\n\n\n\n<li>Reduziert die Kosten f\u00fcr die Entwicklung individueller L\u00f6sungen f\u00fcr jedes Unternehmen.<\/li>\n\n\n\n<li>Es erm\u00f6glicht die Entwicklung einer gr\u00f6\u00dferen Anzahl gemeinsamer Dienste zwischen der \u00f6ffentlichen Verwaltung (und privaten Einrichtungen).<\/li>\n<\/ul>\n<\/div>\n\n\n\n<div class=\"wp-block-group alignwide is-layout-flow wp-block-group-is-layout-flow\">\n<h3 class=\"wp-block-heading\" style=\"font-style:normal;font-weight:500\">Institutioneller Rahmen<\/h3>\n<\/div>\n\n\n\n<div class=\"wp-block-group alignwide is-layout-flow wp-block-group-is-layout-flow\">\n<h3 class=\"wp-block-heading\" style=\"font-style:normal;font-weight:500\">Bew\u00e4hrte Verfahren<\/h3>\n\n\n\n<p>Siehe 77 Anforderungen von <a href=\"https:\/\/www.e-gif.gov.gr\/wp-content\/uploads\/2022\/06\/%CE%A01_%CE%A0%CE%BB%CE%B1%CE%AF%CF%83%CE%B9%CE%BF_%CE%94%CE%B9%CE%B1%CE%BB%CE%B5%CE%B9%CF%84%CE%BF%CF%85%CF%81%CE%B3%CE%B9%CE%BA%CF%8C%CF%84%CE%B7%CF%84%CE%B1%CF%82_v1.1_new.pdf\">den Interoperabilit\u00e4tsrahmen f\u00fcr \u00f6ffentliche Dienste<\/a>.<\/p>\n<\/div>\n\n\n\n<div class=\"wp-block-group alignwide is-layout-flow wp-block-group-is-layout-flow\">\n<h3 class=\"wp-block-heading\" style=\"font-style:normal;font-weight:500\">Werkzeuge<\/h3>\n\n\n\n<p>Siehe <a href=\"https:\/\/www.e-gif.gov.gr\/wp-content\/uploads\/2022\/06\/%CE%A01_%CE%A0%CE%BB%CE%B1%CE%AF%CF%83%CE%B9%CE%BF_%CE%94%CE%B9%CE%B1%CE%BB%CE%B5%CE%B9%CF%84%CE%BF%CF%85%CF%81%CE%B3%CE%B9%CE%BA%CF%8C%CF%84%CE%B7%CF%84%CE%B1%CF%82_v1.1_new.pdf\">Interoperabilit\u00e4tsrahmen f\u00fcr \u00f6ffentliche Dienste<\/a>, S. 37.<\/p>\n<\/div>\n<\/div>","protected":false},"excerpt":{"rendered":"<p>\u0394\u03b9\u03b1\u03bb\u03b5\u03b9\u03c4\u03bf\u03c5\u03c1\u03b3\u03b9\u03ba\u03cc\u03c4\u03b7\u03c4\u03b1 \u039f\u03c1\u03b9\u03c3\u03bc\u03cc\u03c2 (\u03b2\u03bb\u03ad\u03c0\u03b5 \u03a0\u03bb\u03b1\u03af\u03c3\u03b9\u03bf \u0394\u03b9\u03b1\u03bb\u03b5\u03b9\u03c4\u03bf\u03c5\u03c1\u03b3\u03b9\u03ba\u03cc\u03c4\u03b7\u03c4\u03b1\u03c2 \u0394\u03b7\u03bc\u03bf\u03c3\u03af\u03c9\u03bd \u03a5\u03c0\u03b7\u03c1\u03b5\u03c3\u03b9\u03ce\u03bd, \u03c3\u03b5\u03bb. 10) \u0391\u03ba\u03bf\u03bb\u03bf\u03c5\u03b8\u03ce\u03bd\u03c4\u03b1\u03c2 \u03c4\u03b7\u03bd \u03ba\u03b1\u03c4\u03b5\u03cd\u03b8\u03c5\u03bd\u03c3\u03b7 \u03c4\u03bf\u03c5 EIF, \u03c9\u03c2 \u03b4\u03b9\u03b1\u03bb\u03b5\u03b9\u03c4\u03bf\u03c5\u03c1\u03b3\u03b9\u03ba\u03cc\u03c4\u03b7\u03c4\u03b1 \u03bd\u03bf\u03b5\u03af\u03c4\u03b1\u03b9 \u03b7 \u03b9\u03ba\u03b1\u03bd\u03cc\u03c4\u03b7\u03c4\u03b1 \u03c4\u03c9\u03bd \u03bf\u03c1\u03b3\u03b1\u03bd\u03b9\u03c3\u03bc\u03ce\u03bd \u03bd\u03b1 \u03b1\u03bb\u03bb\u03b7\u03bb\u03b5\u03c0\u03b9\u03b4\u03c1\u03bf\u03cd\u03bd \u03c0\u03c1\u03bf\u03c2 \u03c4\u03b7\u03bd \u03ba\u03b1\u03c4\u03b5\u03cd\u03b8\u03c5\u03bd\u03c3\u03b7 \u03c4\u03b7\u03c2 \u03b5\u03c0\u03af\u03c4\u03b5\u03c5\u03be\u03b7\u03c2 \u03b1\u03bc\u03bf\u03b9\u03b2\u03b1\u03af\u03c9\u03c2 \u03c9\u03c6\u03ad\u03bb\u03b9\u03bc\u03c9\u03bd \u03c3\u03c4\u03cc\u03c7\u03c9\u03bd, \u03bf\u03b9 \u03bf\u03c0\u03bf\u03af\u03bf\u03b9 \u03b1\u03c6\u03bf\u03c1\u03bf\u03cd\u03bd \u03c3\u03c4\u03b7\u03bd \u03b1\u03bd\u03c4\u03b1\u03bb\u03bb\u03b1\u03b3\u03ae \u03c0\u03bb\u03b7\u03c1\u03bf\u03c6\u03bf\u03c1\u03b9\u03ce\u03bd \u03ba\u03b1\u03b9 \u03b3\u03bd\u03ce\u03c3\u03b7\u03c2 \u03bc\u03b5\u03c4\u03b1\u03be\u03cd \u03c4\u03c9\u03bd \u03b5\u03bd \u03bb\u03cc\u03b3\u03c9 \u03bf\u03c1\u03b3\u03b1\u03bd\u03b9\u03c3\u03bc\u03ce\u03bd \u03b4\u03b9\u03ac \u03bc\u03ad\u03c3\u03bf\u03c5 \u03c4\u03c9\u03bd \u03b5\u03c0\u03b9\u03c7\u03b5\u03b9\u03c1\u03b7\u03c3\u03b9\u03b1\u03ba\u03ce\u03bd \u03b4\u03b9\u03b1\u03b4\u03b9\u03ba\u03b1\u03c3\u03b9\u03ce\u03bd \u03c0\u03bf\u03c5 \u03c5\u03c0\u03bf\u03c3\u03c4\u03b7\u03c1\u03af\u03b6\u03bf\u03c5\u03bd, \u03bc\u03b5 \u03b1\u03be\u03b9\u03bf\u03c0\u03bf\u03af\u03b7\u03c3\u03b7 \u03c4\u03c9\u03bd \u03bf\u03b9\u03ba\u03b5\u03af\u03c9\u03bd [&hellip;]<\/p>","protected":false},"author":1,"featured_media":0,"parent":0,"menu_order":0,"comment_status":"closed","ping_status":"closed","template":"wp-custom-template-different-header","meta":{"_uag_custom_page_level_css":"","footnotes":""},"class_list":["post-344","page","type-page","status-publish","hentry"],"uagb_featured_image_src":{"full":false,"thumbnail":false,"medium":false,"medium_large":false,"large":false,"1536x1536":false,"2048x2048":false,"etm-custom-language-flag":false,"gamipress-points":false,"gamipress-achievement":false,"gamipress-rank":false},"uagb_author_info":{"display_name":"admin","author_link":"https:\/\/opengovai4d.ellak.gr\/de\/author\/admin\/"},"uagb_comment_info":0,"uagb_excerpt":"\u0394\u03b9\u03b1\u03bb\u03b5\u03b9\u03c4\u03bf\u03c5\u03c1\u03b3\u03b9\u03ba\u03cc\u03c4\u03b7\u03c4\u03b1 \u039f\u03c1\u03b9\u03c3\u03bc\u03cc\u03c2 (\u03b2\u03bb\u03ad\u03c0\u03b5 \u03a0\u03bb\u03b1\u03af\u03c3\u03b9\u03bf \u0394\u03b9\u03b1\u03bb\u03b5\u03b9\u03c4\u03bf\u03c5\u03c1\u03b3\u03b9\u03ba\u03cc\u03c4\u03b7\u03c4\u03b1\u03c2 \u0394\u03b7\u03bc\u03bf\u03c3\u03af\u03c9\u03bd \u03a5\u03c0\u03b7\u03c1\u03b5\u03c3\u03b9\u03ce\u03bd, \u03c3\u03b5\u03bb. 10) \u0391\u03ba\u03bf\u03bb\u03bf\u03c5\u03b8\u03ce\u03bd\u03c4\u03b1\u03c2 \u03c4\u03b7\u03bd \u03ba\u03b1\u03c4\u03b5\u03cd\u03b8\u03c5\u03bd\u03c3\u03b7 \u03c4\u03bf\u03c5 EIF, \u03c9\u03c2 \u03b4\u03b9\u03b1\u03bb\u03b5\u03b9\u03c4\u03bf\u03c5\u03c1\u03b3\u03b9\u03ba\u03cc\u03c4\u03b7\u03c4\u03b1 \u03bd\u03bf\u03b5\u03af\u03c4\u03b1\u03b9 \u03b7 \u03b9\u03ba\u03b1\u03bd\u03cc\u03c4\u03b7\u03c4\u03b1 \u03c4\u03c9\u03bd \u03bf\u03c1\u03b3\u03b1\u03bd\u03b9\u03c3\u03bc\u03ce\u03bd \u03bd\u03b1 \u03b1\u03bb\u03bb\u03b7\u03bb\u03b5\u03c0\u03b9\u03b4\u03c1\u03bf\u03cd\u03bd \u03c0\u03c1\u03bf\u03c2 \u03c4\u03b7\u03bd \u03ba\u03b1\u03c4\u03b5\u03cd\u03b8\u03c5\u03bd\u03c3\u03b7 \u03c4\u03b7\u03c2 \u03b5\u03c0\u03af\u03c4\u03b5\u03c5\u03be\u03b7\u03c2 \u03b1\u03bc\u03bf\u03b9\u03b2\u03b1\u03af\u03c9\u03c2 \u03c9\u03c6\u03ad\u03bb\u03b9\u03bc\u03c9\u03bd \u03c3\u03c4\u03cc\u03c7\u03c9\u03bd, \u03bf\u03b9 \u03bf\u03c0\u03bf\u03af\u03bf\u03b9 \u03b1\u03c6\u03bf\u03c1\u03bf\u03cd\u03bd \u03c3\u03c4\u03b7\u03bd \u03b1\u03bd\u03c4\u03b1\u03bb\u03bb\u03b1\u03b3\u03ae \u03c0\u03bb\u03b7\u03c1\u03bf\u03c6\u03bf\u03c1\u03b9\u03ce\u03bd \u03ba\u03b1\u03b9 \u03b3\u03bd\u03ce\u03c3\u03b7\u03c2 \u03bc\u03b5\u03c4\u03b1\u03be\u03cd \u03c4\u03c9\u03bd \u03b5\u03bd \u03bb\u03cc\u03b3\u03c9 \u03bf\u03c1\u03b3\u03b1\u03bd\u03b9\u03c3\u03bc\u03ce\u03bd \u03b4\u03b9\u03ac \u03bc\u03ad\u03c3\u03bf\u03c5 \u03c4\u03c9\u03bd \u03b5\u03c0\u03b9\u03c7\u03b5\u03b9\u03c1\u03b7\u03c3\u03b9\u03b1\u03ba\u03ce\u03bd \u03b4\u03b9\u03b1\u03b4\u03b9\u03ba\u03b1\u03c3\u03b9\u03ce\u03bd \u03c0\u03bf\u03c5 \u03c5\u03c0\u03bf\u03c3\u03c4\u03b7\u03c1\u03af\u03b6\u03bf\u03c5\u03bd, \u03bc\u03b5 \u03b1\u03be\u03b9\u03bf\u03c0\u03bf\u03af\u03b7\u03c3\u03b7 \u03c4\u03c9\u03bd \u03bf\u03b9\u03ba\u03b5\u03af\u03c9\u03bd&hellip;","_links":{"self":[{"href":"https:\/\/opengovai4d.ellak.gr\/de\/wp-json\/wp\/v2\/pages\/344","targetHints":{"allow":["GET"]}}],"collection":[{"href":"https:\/\/opengovai4d.ellak.gr\/de\/wp-json\/wp\/v2\/pages"}],"about":[{"href":"https:\/\/opengovai4d.ellak.gr\/de\/wp-json\/wp\/v2\/types\/page"}],"author":[{"embeddable":true,"href":"https:\/\/opengovai4d.ellak.gr\/de\/wp-json\/wp\/v2\/users\/1"}],"replies":[{"embeddable":true,"href":"https:\/\/opengovai4d.ellak.gr\/de\/wp-json\/wp\/v2\/comments?post=344"}],"version-history":[{"count":3,"href":"https:\/\/opengovai4d.ellak.gr\/de\/wp-json\/wp\/v2\/pages\/344\/revisions"}],"predecessor-version":[{"id":367,"href":"https:\/\/opengovai4d.ellak.gr\/de\/wp-json\/wp\/v2\/pages\/344\/revisions\/367"}],"wp:attachment":[{"href":"https:\/\/opengovai4d.ellak.gr\/de\/wp-json\/wp\/v2\/media?parent=344"}],"curies":[{"name":"wp","href":"https:\/\/api.w.org\/{rel}","templated":true}]}}