{"id":340,"date":"2024-10-10T06:51:26","date_gmt":"2024-10-10T06:51:26","guid":{"rendered":"https:\/\/dev-greekmosaico.pantheonsite.io\/?page_id=340"},"modified":"2024-11-07T21:59:27","modified_gmt":"2024-11-07T21:59:27","slug":"artificial-intelligence","status":"publish","type":"page","link":"https:\/\/opengovai4d.ellak.gr\/de\/artificial-intelligence\/","title":{"rendered":"Artificial Intelligence"},"content":{"rendered":"<div class=\"wp-block-group alignfull has-global-padding is-layout-constrained wp-container-core-group-is-layout-e1df7a91 wp-block-group-is-layout-constrained\" style=\"padding-top:var(--wp--preset--spacing--20);padding-bottom:var(--wp--preset--spacing--20)\">\n<div class=\"wp-block-group alignwide is-layout-flow wp-block-group-is-layout-flow\">\n<h2 class=\"wp-block-heading\" style=\"font-style:normal;font-weight:500\">K\u00fcnstliche Intelligenz<\/h2>\n<\/div>\n\n\n\n<div class=\"wp-block-group alignwide is-layout-flow wp-block-group-is-layout-flow\">\n<h3 class=\"wp-block-heading\" style=\"font-style:normal;font-weight:500\">Definition<\/h3>\n\n\n\n<p><em>(siehe <a href=\"https:\/\/digitalstrategy.gov.gr\/website\/static\/website\/assets\/uploads\/digital_strategy.pdf\">Papier \u00fcber den digitalen Wandel 2020\u20132025<\/a> S. 158)<\/em><\/p>\n\n\n\n<p>K\u00fcnstliche Intelligenz (KI) ist definiert als eine Sammlung von Technologien, die durch die Kombination von Daten, Algorithmen und erh\u00f6hter Rechenleistung in der Lage sind, zu lernen und Entscheidungen zu treffen, die bis vor kurzem ausschlie\u00dflich vom Menschen getroffen wurden, mit dem Ziel, definierte Ziele zu erreichen. Entwicklungen in der Computational Science, fortschrittliche Computational Architecture und die zunehmende Verf\u00fcgbarkeit von Daten sind wichtige Treiber, aber auch Voraussetzungen f\u00fcr die aktuelle Entwicklung im Bereich der K\u00fcnstlichen Intelligenz.<\/p>\n<\/div>\n\n\n\n<div class=\"wp-block-group alignwide is-layout-flow wp-block-group-is-layout-flow\">\n<h3 class=\"wp-block-heading\" style=\"font-style:normal;font-weight:500\">Vorteile der Verwendung<\/h3>\n\n\n\n<p>Im Rahmen der Governance kann k\u00fcnstliche Intelligenz (KI) erhebliche Auswirkungen auf die Politik und die Erbringung \u00f6ffentlicher Dienstleistungen haben. Weitere Vorteile sind (siehe <a href=\"https:\/\/mosaico.gov.pt\/areas-tecnicas\/inteligencia-artificial\">Mosaik<\/a>)):&nbsp;<\/p>\n\n\n\n<ul class=\"wp-block-list\">\n<li>Es l\u00f6st Probleme, die bisher herk\u00f6mmliche Rechenmethoden nicht erlaubt haben.<\/li>\n\n\n\n<li>Es reduziert die Zeit, die Menschen ben\u00f6tigen, um Aufgaben auszuf\u00fchren, so dass h\u00f6herwertige Aufgaben ausgef\u00fchrt werden k\u00f6nnen.&nbsp;<\/li>\n\n\n\n<li>Es erh\u00f6ht die Produktivit\u00e4t und Effizienz im Handeln und erreicht eine gr\u00f6\u00dfere Konsistenz von den Menschen.<\/li>\n\n\n\n<li>Es verbessert die F\u00e4higkeit, gro\u00dfe Datenmengen zu interpretieren und zu verarbeiten, indem Muster identifiziert und korreliert werden.&nbsp;<\/li>\n\n\n\n<li>Sie f\u00f6rdert bessere und nachhaltigere Politiken und Entscheidungen.<\/li>\n\n\n\n<li>Es vereinfacht die Kommunikation und B\u00fcrgerbeteiligung.<\/li>\n\n\n\n<li>Dadurch wird die Qualit\u00e4t der \u00f6ffentlichen Dienstleistungen effektiver und effizienter.<\/li>\n\n\n\n<li>Es erh\u00f6ht das Angebot an qualifizierten Arbeitspl\u00e4tzen.<\/li>\n\n\n\n<li>KI-Systeme arbeiten 24 Stunden am Tag ohne Unterbrechung, m\u00f6glicherweise ohne Fehler.<\/li>\n<\/ul>\n<\/div>\n\n\n\n<div class=\"wp-block-group alignwide is-layout-flow wp-block-group-is-layout-flow\">\n<h3 class=\"wp-block-heading\" style=\"font-style:normal;font-weight:500\">Institutioneller Rahmen<\/h3>\n\n\n\n<ul class=\"wp-block-list\">\n<li style=\"margin-top:var(--wp--preset--spacing--10);margin-bottom:var(--wp--preset--spacing--10)\">Europ\u00e4isches Gesetz \u00fcber k\u00fcnstliche Intelligenz (KI-Gesetz)<br><strong>Beschreibung<\/strong>: Das KI-Gesetz (Verordnung (EU) 2024\/1689) ist der wichtigste EU-Rechtsrahmen f\u00fcr KI. Sie f\u00fchrt Risikoeinstufungen sowie Transparenz- und Sicherheitsanforderungen ein, die die Entwicklung, Nutzung und Governance von KI abdecken. Sein Inkrafttreten wird f\u00fcr 2026 erwartet. <br><br>Siehe <a href=\"https:\/\/eur-lex.europa.eu\/legal-content\/EL\/TXT\/HTML\/?uri=OJ:L_202401689\">KI-Gesetz<\/a><br><\/li>\n\n\n\n<li style=\"padding-top:var(--wp--preset--spacing--20);padding-bottom:var(--wp--preset--spacing--20)\">Gesetz 4961\/2022 \u00fcber digitale Governance und Innovation<br><strong>Beschreibung<\/strong>: Sie regelt die Entwicklung neuer Technologien, einschlie\u00dflich KI, und f\u00f6rdert digitale Innovationen. Sie betrifft die \u00f6ffentliche Verwaltung und den Einsatz von Technologien zur Verbesserung der Dienstleistungen.&nbsp;<span id=\"docs-internal-guid-77e0a68b-7fff-6f40-0525-5a89d4427018\"><div><span style=\"font-size: 11pt; font-family: Calibri, sans-serif; color: rgb(0, 0, 0); background-color: transparent; font-variant-numeric: normal; font-variant-east-asian: normal; font-variant-alternates: normal; font-variant-position: normal; vertical-align: baseline;\"><\/span><\/div><\/span><br>Siehe <a href=\"https:\/\/mindigital.gr\/wp-content\/uploads\/2022\/12\/nomos_4961_2022.pdf\">Gesetz 4961\/2022 <\/a>der Regierungsanzeiger<\/li>\n\n\n\n<li style=\"padding-top:var(--wp--preset--spacing--10);padding-bottom:var(--wp--preset--spacing--10)\">Papier zur digitalen Transformation (2020-2025)<br><strong>Beschreibung<\/strong>: Griechenlands strategischer Plan f\u00fcr den digitalen Wandel, einschlie\u00dflich Leitlinien f\u00fcr die Entwicklung und den Einsatz von KI im \u00f6ffentlichen und privaten Sektor.<br><br>Siehe <a href=\"https:\/\/digitalstrategy.gov.gr\/website\/static\/website\/assets\/uploads\/digital_strategy.pdf\">der Digital Transformation Bible<\/a><\/li>\n\n\n\n<li>Datenschutz-Grundverordnung (DSGVO)<br><strong>Beschreibung<\/strong>: Die DSGVO legt Vorschriften f\u00fcr die Verarbeitung personenbezogener Daten fest, insbesondere f\u00fcr KI-Systeme, die sensible Daten verwenden, um den Schutz der Privatsph\u00e4re zu gew\u00e4hrleisten.&nbsp;<br><br>Siehe <a href=\"https:\/\/eur-lex.europa.eu\/legal-content\/EL\/TXT\/HTML\/?uri=CELEX:32016R0679\">DSGVO \u2013 Amtsblatt der Europ\u00e4ischen Union<\/a><br><\/li>\n<\/ul>\n<\/div>\n\n\n\n<div class=\"wp-block-group alignwide is-layout-flow wp-block-group-is-layout-flow\">\n<h3 class=\"wp-block-heading\" style=\"font-style:normal;font-weight:500\">Bew\u00e4hrte Verfahren<\/h3>\n\n\n\n<p>Es wird aus dem Mosaik genommen werden.<\/p>\n<\/div>\n\n\n\n<div class=\"wp-block-group alignwide is-layout-flow wp-block-group-is-layout-flow\">\n<h3 class=\"wp-block-heading\" style=\"font-style:normal;font-weight:500\">Werkzeuge<\/h3>\n\n\n\n<p>Es wird aus dem Mosaik genommen werden.<\/p>\n<\/div>\n<\/div>","protected":false},"excerpt":{"rendered":"<p>\u03a4\u03b5\u03c7\u03bd\u03b7\u03c4\u03ae \u03bd\u03bf\u03b7\u03bc\u03bf\u03c3\u03cd\u03bd\u03b7 \u039f\u03c1\u03b9\u03c3\u03bc\u03cc\u03c2 (\u03b2\u03bb\u03ad\u03c0\u03b5 \u0392\u03af\u03b2\u03bb\u03bf\u03c2 \u03a8\u03b7\u03c6\u03b9\u03b1\u03ba\u03bf\u03cd \u039c\u03b5\u03c4\u03b1\u03c3\u03c7\u03b7\u03bc\u03b1\u03c4\u03b9\u03c3\u03bc\u03bf\u03cd 2020\u20132025 \u03c3\u03b5\u03bb 158) \u0397 \u03a4\u03b5\u03c7\u03bd\u03b7\u03c4\u03ae \u039d\u03bf\u03b7\u03bc\u03bf\u03c3\u03cd\u03bd\u03b7 (\u03a4\u039d) \u03bf\u03c1\u03af\u03b6\u03b5\u03c4\u03b1\u03b9 \u03c9\u03c2 \u03bc\u03b9\u03b1 \u03c3\u03c5\u03bb\u03bb\u03bf\u03b3\u03ae \u03c4\u03b5\u03c7\u03bd\u03bf\u03bb\u03bf\u03b3\u03b9\u03ce\u03bd \u03c0\u03bf\u03c5, \u03c3\u03c5\u03bd\u03b4\u03c5\u03ac\u03b6\u03bf\u03bd\u03c4\u03b1\u03c2 \u03b4\u03b5\u03b4\u03bf\u03bc\u03ad\u03bd\u03b1, \u03b1\u03bb\u03b3\u03cc\u03c1\u03b9\u03b8\u03bc\u03bf\u03c5\u03c2 \u03ba\u03b1\u03b9 \u03b1\u03c5\u03be\u03b7\u03bc\u03ad\u03bd\u03b7 \u03c5\u03c0\u03bf\u03bb\u03bf\u03b3\u03b9\u03c3\u03c4\u03b9\u03ba\u03ae \u03b9\u03c3\u03c7\u03cd, \u03b5\u03af\u03bd\u03b1\u03b9 \u03c3\u03b5 \u03b8\u03ad\u03c3\u03b7 \u03bd\u03b1 \u03bc\u03b1\u03b8\u03b1\u03af\u03bd\u03b5\u03b9 \u03ba\u03b1\u03b9 \u03bd\u03b1 \u03bb\u03b1\u03bc\u03b2\u03ac\u03bd\u03b5\u03b9 \u03b1\u03c0\u03bf\u03c6\u03ac\u03c3\u03b5\u03b9\u03c2 \u03c0\u03bf\u03c5 \u03bc\u03ad\u03c7\u03c1\u03b9 \u03c0\u03c1\u03cc\u03c3\u03c6\u03b1\u03c4\u03b1 \u03bb\u03b1\u03bc\u03b2\u03ac\u03bd\u03bf\u03bd\u03c4\u03b1\u03bd \u03b1\u03c0\u03bf\u03ba\u03bb\u03b5\u03b9\u03c3\u03c4\u03b9\u03ba\u03ac \u03b1\u03c0\u03cc \u03b1\u03bd\u03b8\u03c1\u03ce\u03c0\u03bf\u03c5\u03c2, \u03bc\u03b5 \u03c3\u03c4\u03cc\u03c7\u03bf \u03c4\u03b7\u03bd \u03b5\u03c0\u03af\u03c4\u03b5\u03c5\u03be\u03b7 \u03ba\u03b1\u03b8\u03bf\u03c1\u03b9\u03c3\u03bc\u03ad\u03bd\u03c9\u03bd \u03c3\u03c4\u03cc\u03c7\u03c9\u03bd. \u039f\u03b9 \u03b5\u03be\u03b5\u03bb\u03af\u03be\u03b5\u03b9\u03c2 \u03c3\u03c4\u03b7\u03bd \u03c5\u03c0\u03bf\u03bb\u03bf\u03b3\u03b9\u03c3\u03c4\u03b9\u03ba\u03ae \u03b5\u03c0\u03b9\u03c3\u03c4\u03ae\u03bc\u03b7, \u03b7 [&hellip;]<\/p>","protected":false},"author":1,"featured_media":0,"parent":0,"menu_order":0,"comment_status":"closed","ping_status":"closed","template":"wp-custom-template-different-header","meta":{"_uag_custom_page_level_css":"","footnotes":""},"class_list":["post-340","page","type-page","status-publish","hentry"],"uagb_featured_image_src":{"full":false,"thumbnail":false,"medium":false,"medium_large":false,"large":false,"1536x1536":false,"2048x2048":false,"etm-custom-language-flag":false,"gamipress-points":false,"gamipress-achievement":false,"gamipress-rank":false},"uagb_author_info":{"display_name":"admin","author_link":"https:\/\/opengovai4d.ellak.gr\/de\/author\/admin\/"},"uagb_comment_info":0,"uagb_excerpt":"\u03a4\u03b5\u03c7\u03bd\u03b7\u03c4\u03ae \u03bd\u03bf\u03b7\u03bc\u03bf\u03c3\u03cd\u03bd\u03b7 \u039f\u03c1\u03b9\u03c3\u03bc\u03cc\u03c2 (\u03b2\u03bb\u03ad\u03c0\u03b5 \u0392\u03af\u03b2\u03bb\u03bf\u03c2 \u03a8\u03b7\u03c6\u03b9\u03b1\u03ba\u03bf\u03cd \u039c\u03b5\u03c4\u03b1\u03c3\u03c7\u03b7\u03bc\u03b1\u03c4\u03b9\u03c3\u03bc\u03bf\u03cd 2020\u20132025 \u03c3\u03b5\u03bb 158) \u0397 \u03a4\u03b5\u03c7\u03bd\u03b7\u03c4\u03ae \u039d\u03bf\u03b7\u03bc\u03bf\u03c3\u03cd\u03bd\u03b7 (\u03a4\u039d) \u03bf\u03c1\u03af\u03b6\u03b5\u03c4\u03b1\u03b9 \u03c9\u03c2 \u03bc\u03b9\u03b1 \u03c3\u03c5\u03bb\u03bb\u03bf\u03b3\u03ae \u03c4\u03b5\u03c7\u03bd\u03bf\u03bb\u03bf\u03b3\u03b9\u03ce\u03bd \u03c0\u03bf\u03c5, \u03c3\u03c5\u03bd\u03b4\u03c5\u03ac\u03b6\u03bf\u03bd\u03c4\u03b1\u03c2 \u03b4\u03b5\u03b4\u03bf\u03bc\u03ad\u03bd\u03b1, \u03b1\u03bb\u03b3\u03cc\u03c1\u03b9\u03b8\u03bc\u03bf\u03c5\u03c2 \u03ba\u03b1\u03b9 \u03b1\u03c5\u03be\u03b7\u03bc\u03ad\u03bd\u03b7 \u03c5\u03c0\u03bf\u03bb\u03bf\u03b3\u03b9\u03c3\u03c4\u03b9\u03ba\u03ae \u03b9\u03c3\u03c7\u03cd, \u03b5\u03af\u03bd\u03b1\u03b9 \u03c3\u03b5 \u03b8\u03ad\u03c3\u03b7 \u03bd\u03b1 \u03bc\u03b1\u03b8\u03b1\u03af\u03bd\u03b5\u03b9 \u03ba\u03b1\u03b9 \u03bd\u03b1 \u03bb\u03b1\u03bc\u03b2\u03ac\u03bd\u03b5\u03b9 \u03b1\u03c0\u03bf\u03c6\u03ac\u03c3\u03b5\u03b9\u03c2 \u03c0\u03bf\u03c5 \u03bc\u03ad\u03c7\u03c1\u03b9 \u03c0\u03c1\u03cc\u03c3\u03c6\u03b1\u03c4\u03b1 \u03bb\u03b1\u03bc\u03b2\u03ac\u03bd\u03bf\u03bd\u03c4\u03b1\u03bd \u03b1\u03c0\u03bf\u03ba\u03bb\u03b5\u03b9\u03c3\u03c4\u03b9\u03ba\u03ac \u03b1\u03c0\u03cc \u03b1\u03bd\u03b8\u03c1\u03ce\u03c0\u03bf\u03c5\u03c2, \u03bc\u03b5 \u03c3\u03c4\u03cc\u03c7\u03bf \u03c4\u03b7\u03bd \u03b5\u03c0\u03af\u03c4\u03b5\u03c5\u03be\u03b7 \u03ba\u03b1\u03b8\u03bf\u03c1\u03b9\u03c3\u03bc\u03ad\u03bd\u03c9\u03bd \u03c3\u03c4\u03cc\u03c7\u03c9\u03bd. \u039f\u03b9 \u03b5\u03be\u03b5\u03bb\u03af\u03be\u03b5\u03b9\u03c2 \u03c3\u03c4\u03b7\u03bd \u03c5\u03c0\u03bf\u03bb\u03bf\u03b3\u03b9\u03c3\u03c4\u03b9\u03ba\u03ae \u03b5\u03c0\u03b9\u03c3\u03c4\u03ae\u03bc\u03b7, \u03b7&hellip;","_links":{"self":[{"href":"https:\/\/opengovai4d.ellak.gr\/de\/wp-json\/wp\/v2\/pages\/340","targetHints":{"allow":["GET"]}}],"collection":[{"href":"https:\/\/opengovai4d.ellak.gr\/de\/wp-json\/wp\/v2\/pages"}],"about":[{"href":"https:\/\/opengovai4d.ellak.gr\/de\/wp-json\/wp\/v2\/types\/page"}],"author":[{"embeddable":true,"href":"https:\/\/opengovai4d.ellak.gr\/de\/wp-json\/wp\/v2\/users\/1"}],"replies":[{"embeddable":true,"href":"https:\/\/opengovai4d.ellak.gr\/de\/wp-json\/wp\/v2\/comments?post=340"}],"version-history":[{"count":4,"href":"https:\/\/opengovai4d.ellak.gr\/de\/wp-json\/wp\/v2\/pages\/340\/revisions"}],"predecessor-version":[{"id":369,"href":"https:\/\/opengovai4d.ellak.gr\/de\/wp-json\/wp\/v2\/pages\/340\/revisions\/369"}],"wp:attachment":[{"href":"https:\/\/opengovai4d.ellak.gr\/de\/wp-json\/wp\/v2\/media?parent=340"}],"curies":[{"name":"wp","href":"https:\/\/api.w.org\/{rel}","templated":true}]}}