{"id":336,"date":"2024-10-10T06:44:56","date_gmt":"2024-10-10T06:44:56","guid":{"rendered":"https:\/\/dev-greekmosaico.pantheonsite.io\/?page_id=336"},"modified":"2024-11-07T21:59:23","modified_gmt":"2024-11-07T21:59:23","slug":"agile-methods","status":"publish","type":"page","link":"https:\/\/opengovai4d.ellak.gr\/de\/agile-methods\/","title":{"rendered":"agile methods"},"content":{"rendered":"<div class=\"wp-block-group alignfull has-global-padding is-layout-constrained wp-container-core-group-is-layout-e1df7a91 wp-block-group-is-layout-constrained\" style=\"padding-top:var(--wp--preset--spacing--20);padding-bottom:var(--wp--preset--spacing--20)\">\n<div class=\"wp-block-group alignwide is-layout-flow wp-block-group-is-layout-flow\">\n<h2 class=\"wp-block-heading\" style=\"font-style:normal;font-weight:500\">Flexible Methoden<\/h2>\n<\/div>\n\n\n\n<div class=\"wp-block-group alignwide is-layout-flow wp-block-group-is-layout-flow\">\n<h3 class=\"wp-block-heading\" style=\"font-style:normal;font-weight:500\">Definition<\/h3>\n\n\n\n<p><em>(siehe <a href=\"https:\/\/digitalstrategy.gov.gr\/website\/static\/website\/assets\/uploads\/digital_strategy.pdf\">Papier \u00fcber den digitalen Wandel 2020\u20132025<\/a> S. 56-58)<\/em><\/p>\n\n\n\n<p>Die rasche Entwicklung des Potenzials der Informations- und Kommunikationstechnologien und die Komplexit\u00e4t der zu l\u00f6senden Probleme, die sich bei der Entwicklung digitaler \u00f6ffentlicher Dienste ergeben, erlauben es nicht, die potenziell verf\u00fcgbaren L\u00f6sungen von Anfang an zu analysieren, zu verstehen und zu bewerten. Dies macht es schwierig oder in einigen F\u00e4llen unm\u00f6glich, die Anforderungen an die Umsetzung digitaler Dienste im Voraus klar zu erkennen. Auch die Annahme von Modellen der sequenziellen Umsetzung der Phasen eines Projekts, wie Initialisierung, Design, Implementierung, Bewertung und Kontrolle, f\u00f6rdert keine direkte Kommunikation und effektive Zusammenarbeit der beteiligten Parteien.<\/p>\n\n\n\n<p>Nach M\u00f6glichkeit wird daher vorgeschlagen, bei der Projektdurchf\u00fchrung einen flexiblen Ansatz zu verfolgen. Die Umsetzung erfolgt in iterativen Zyklen, wobei jeder von ihnen darauf abzielt, die wichtigsten noch offenen Anforderungen innerhalb eines bestimmten Zeitrahmens (z. B. einige Wochen) abzudecken. Au\u00dferdem gibt es in jedem Zyklus eine \u00dcberpr\u00fcfung und R\u00fcckmeldung zu den Ergebnissen der beteiligten Gruppen. Der Prozess der Zwischenkontrollen in jedem Zyklus gew\u00e4hrleistet die rechtzeitige Erkennung von Problemen, die Planung von Korrekturma\u00dfnahmen, die Neugewichtung von Anforderungen auf der Grundlage der Entwicklung der Umsetzung und die Ermittlung von Restanforderungen, was sich auf die anf\u00e4ngliche Planung und Planung der Projektdurchf\u00fchrung auswirkt. Zu Beginn jedes Zyklus einigen sich die beteiligten Gruppen auf den Umfang, der im n\u00e4chsten Zyklus umgesetzt werden soll, bis nach Wiederholungen alle wichtigen Anforderungen ausreichend erf\u00fcllt sind. Dieser Prozess erleichtert die Integration von \u00c4nderungen aufgrund des sich ver\u00e4ndernden externen Umfelds, ein besseres Verst\u00e4ndnis und eine bessere Analyse des zu l\u00f6senden Problems und eine systematische Zusammenarbeit zwischen den Interessentr\u00e4gern. Basierend auf diesem Ansatz besteht die endg\u00fcltige L\u00f6sung aus einzelnen Funktionsteilen, die jeweils eine Teilmenge der betrieblichen Anforderungen abdecken.<br><\/p>\n<\/div>\n\n\n\n<div class=\"wp-block-group alignwide is-layout-flow wp-block-group-is-layout-flow\">\n<h3 class=\"wp-block-heading\" style=\"font-style:normal;font-weight:500\">Vorteile der Verwendung<\/h3>\n\n\n\n<p><em>(siehe <a href=\"https:\/\/mosaico.gov.pt\/areas-tecnicas\/metodologias-ageis\">Mosaik<\/a>)<\/em><\/p>\n\n\n\n<ul class=\"wp-block-list\">\n<li>Es \u00fcberwindet Nachteile im Zusammenhang mit traditionellen Projektmanagementmethoden wie der Wasserfallmethodik.<\/li>\n\n\n\n<li>Es reduziert die Komplexit\u00e4t des Projekts, indem es in inkrementelle Iterationen mit genau definierten Ergebnissen unterteilt wird, so dass das Team gezieltes Feedback zu jeder \u00c4nderung erhalten und es in zuk\u00fcnftige Pl\u00e4ne integrieren kann.<\/li>\n\n\n\n<li>Damit k\u00f6nnen kurz- und mittelfristig klare Priorit\u00e4ten gesetzt werden.<\/li>\n\n\n\n<li>Sie f\u00f6rdert die Anpassung und kontinuierliche Verbesserung von Verfahren und Arbeitsmethoden.<\/li>\n\n\n\n<li>Es legt kurze Zeitr\u00e4ume f\u00fcr jede Lieferung fest und f\u00f6rdert die rechtzeitige und kontinuierliche Bereitstellung von Software, die von den Stakeholdern bewertet werden kann.<\/li>\n\n\n\n<li>Es gew\u00e4hrleistet die fr\u00fchzeitige Erkennung von Fehlern im Entwicklungsprozess und deren schnelle L\u00f6sung bei geringerem Risiko und geringeren Kosten.<\/li>\n\n\n\n<li>Es verbessert die Kommunikation und maximiert die Zusammenarbeit zwischen allen Beteiligten.<\/li>\n<\/ul>\n<\/div>\n\n\n\n<div class=\"wp-block-group alignwide is-layout-flow wp-block-group-is-layout-flow\">\n<h3 class=\"wp-block-heading\" style=\"font-style:normal;font-weight:500\">Institutioneller Rahmen<\/h3>\n\n\n\n<p>&#8211;<\/p>\n<\/div>\n\n\n\n<div class=\"wp-block-group alignwide is-layout-flow wp-block-group-is-layout-flow\">\n<h3 class=\"wp-block-heading\" style=\"font-style:normal;font-weight:500\">Bew\u00e4hrte Verfahren<\/h3>\n\n\n\n<p>Es wird aus dem Mosaik genommen werden.<\/p>\n<\/div>\n\n\n\n<div class=\"wp-block-group alignwide is-layout-flow wp-block-group-is-layout-flow\">\n<h3 class=\"wp-block-heading\" style=\"font-style:normal;font-weight:500\">Werkzeuge<\/h3>\n\n\n\n<p>Es wird aus dem Mosaik genommen werden.<\/p>\n<\/div>\n<\/div>","protected":false},"excerpt":{"rendered":"<p>\u0395\u03c5\u03ad\u03bb\u03b9\u03ba\u03c4\u03b5\u03c2 \u039c\u03b5\u03b8\u03cc\u03b4\u03bf\u03c5\u03c2 \u039f\u03c1\u03b9\u03c3\u03bc\u03cc\u03c2 (\u03b2\u03bb\u03ad\u03c0\u03b5 \u0392\u03af\u03b2\u03bb\u03bf\u03c2 \u03a8\u03b7\u03c6\u03b9\u03b1\u03ba\u03bf\u03cd \u039c\u03b5\u03c4\u03b1\u03c3\u03c7\u03b7\u03bc\u03b1\u03c4\u03b9\u03c3\u03bc\u03bf\u03cd 2020\u20132025 \u03c3\u03b5\u03bb 56-58) \u0397 \u03c4\u03b1\u03c7\u03b5\u03af\u03b1 \u03b5\u03be\u03ad\u03bb\u03b9\u03be\u03b7 \u03c4\u03c9\u03bd \u03b4\u03c5\u03bd\u03b1\u03c4\u03bf\u03c4\u03ae\u03c4\u03c9\u03bd \u03c4\u03c9\u03bd \u03c4\u03b5\u03c7\u03bd\u03bf\u03bb\u03bf\u03b3\u03b9\u03ce\u03bd \u03c0\u03bb\u03b7\u03c1\u03bf\u03c6\u03bf\u03c1\u03b9\u03ba\u03ae\u03c2 \u03ba\u03b1\u03b9 \u03b5\u03c0\u03b9\u03ba\u03bf\u03b9\u03bd\u03c9\u03bd\u03b9\u03ce\u03bd \u03b1\u03bb\u03bb\u03ac \u03ba\u03b1\u03b9 \u03b7 \u03c0\u03bf\u03bb\u03c5\u03c0\u03bb\u03bf\u03ba\u03cc\u03c4\u03b7\u03c4\u03b1 \u03c4\u03c9\u03bd \u03c0\u03c1\u03bf\u03c2 \u03b5\u03c0\u03af\u03bb\u03c5\u03c3\u03b7 \u03b6\u03b7\u03c4\u03b7\u03bc\u03ac\u03c4\u03c9\u03bd, \u03c0\u03bf\u03c5 \u03c0\u03c1\u03bf\u03ba\u03cd\u03c0\u03c4\u03bf\u03c5\u03bd \u03ba\u03b1\u03c4\u03ac \u03c4\u03b7\u03bd \u03b1\u03bd\u03ac\u03c0\u03c4\u03c5\u03be\u03b7 \u03c8\u03b7\u03c6\u03b9\u03b1\u03ba\u03ce\u03bd \u03b4\u03b7\u03bc\u03cc\u03c3\u03b9\u03c9\u03bd \u03c5\u03c0\u03b7\u03c1\u03b5\u03c3\u03b9\u03ce\u03bd, \u03b4\u03b5\u03bd \u03b5\u03c0\u03b9\u03c4\u03c1\u03ad\u03c0\u03bf\u03c5\u03bd \u03c4\u03b7\u03bd \u03b5\u03be\u03b1\u03c1\u03c7\u03ae\u03c2 \u03b1\u03bd\u03ac\u03bb\u03c5\u03c3\u03b7, \u03ba\u03b1\u03c4\u03b1\u03bd\u03cc\u03b7\u03c3\u03b7 \u03ba\u03b1\u03b9 \u03b1\u03be\u03b9\u03bf\u03bb\u03cc\u03b3\u03b7\u03c3\u03b7 \u03c4\u03c9\u03bd \u03b4\u03c5\u03bd\u03b7\u03c4\u03b9\u03ba\u03ac \u03b4\u03b9\u03b1\u03b8\u03ad\u03c3\u03b9\u03bc\u03c9\u03bd \u03bb\u03cd\u03c3\u03b5\u03c9\u03bd. \u0391\u03c5\u03c4\u03cc \u03ba\u03b1\u03b8\u03b9\u03c3\u03c4\u03ac \u03b4\u03cd\u03c3\u03ba\u03bf\u03bb\u03bf, \u03ae \u03c3\u03b5 \u03ba\u03ac\u03c0\u03bf\u03b9\u03b5\u03c2 \u03c0\u03b5\u03c1\u03b9\u03c0\u03c4\u03ce\u03c3\u03b5\u03b9\u03c2 [&hellip;]<\/p>","protected":false},"author":1,"featured_media":0,"parent":0,"menu_order":0,"comment_status":"closed","ping_status":"closed","template":"wp-custom-template-different-header","meta":{"_uag_custom_page_level_css":"","footnotes":""},"class_list":["post-336","page","type-page","status-publish","hentry"],"uagb_featured_image_src":{"full":false,"thumbnail":false,"medium":false,"medium_large":false,"large":false,"1536x1536":false,"2048x2048":false,"etm-custom-language-flag":false,"gamipress-points":false,"gamipress-achievement":false,"gamipress-rank":false},"uagb_author_info":{"display_name":"admin","author_link":"https:\/\/opengovai4d.ellak.gr\/de\/author\/admin\/"},"uagb_comment_info":0,"uagb_excerpt":"\u0395\u03c5\u03ad\u03bb\u03b9\u03ba\u03c4\u03b5\u03c2 \u039c\u03b5\u03b8\u03cc\u03b4\u03bf\u03c5\u03c2 \u039f\u03c1\u03b9\u03c3\u03bc\u03cc\u03c2 (\u03b2\u03bb\u03ad\u03c0\u03b5 \u0392\u03af\u03b2\u03bb\u03bf\u03c2 \u03a8\u03b7\u03c6\u03b9\u03b1\u03ba\u03bf\u03cd \u039c\u03b5\u03c4\u03b1\u03c3\u03c7\u03b7\u03bc\u03b1\u03c4\u03b9\u03c3\u03bc\u03bf\u03cd 2020\u20132025 \u03c3\u03b5\u03bb 56-58) \u0397 \u03c4\u03b1\u03c7\u03b5\u03af\u03b1 \u03b5\u03be\u03ad\u03bb\u03b9\u03be\u03b7 \u03c4\u03c9\u03bd \u03b4\u03c5\u03bd\u03b1\u03c4\u03bf\u03c4\u03ae\u03c4\u03c9\u03bd \u03c4\u03c9\u03bd \u03c4\u03b5\u03c7\u03bd\u03bf\u03bb\u03bf\u03b3\u03b9\u03ce\u03bd \u03c0\u03bb\u03b7\u03c1\u03bf\u03c6\u03bf\u03c1\u03b9\u03ba\u03ae\u03c2 \u03ba\u03b1\u03b9 \u03b5\u03c0\u03b9\u03ba\u03bf\u03b9\u03bd\u03c9\u03bd\u03b9\u03ce\u03bd \u03b1\u03bb\u03bb\u03ac \u03ba\u03b1\u03b9 \u03b7 \u03c0\u03bf\u03bb\u03c5\u03c0\u03bb\u03bf\u03ba\u03cc\u03c4\u03b7\u03c4\u03b1 \u03c4\u03c9\u03bd \u03c0\u03c1\u03bf\u03c2 \u03b5\u03c0\u03af\u03bb\u03c5\u03c3\u03b7 \u03b6\u03b7\u03c4\u03b7\u03bc\u03ac\u03c4\u03c9\u03bd, \u03c0\u03bf\u03c5 \u03c0\u03c1\u03bf\u03ba\u03cd\u03c0\u03c4\u03bf\u03c5\u03bd \u03ba\u03b1\u03c4\u03ac \u03c4\u03b7\u03bd \u03b1\u03bd\u03ac\u03c0\u03c4\u03c5\u03be\u03b7 \u03c8\u03b7\u03c6\u03b9\u03b1\u03ba\u03ce\u03bd \u03b4\u03b7\u03bc\u03cc\u03c3\u03b9\u03c9\u03bd \u03c5\u03c0\u03b7\u03c1\u03b5\u03c3\u03b9\u03ce\u03bd, \u03b4\u03b5\u03bd \u03b5\u03c0\u03b9\u03c4\u03c1\u03ad\u03c0\u03bf\u03c5\u03bd \u03c4\u03b7\u03bd \u03b5\u03be\u03b1\u03c1\u03c7\u03ae\u03c2 \u03b1\u03bd\u03ac\u03bb\u03c5\u03c3\u03b7, \u03ba\u03b1\u03c4\u03b1\u03bd\u03cc\u03b7\u03c3\u03b7 \u03ba\u03b1\u03b9 \u03b1\u03be\u03b9\u03bf\u03bb\u03cc\u03b3\u03b7\u03c3\u03b7 \u03c4\u03c9\u03bd \u03b4\u03c5\u03bd\u03b7\u03c4\u03b9\u03ba\u03ac \u03b4\u03b9\u03b1\u03b8\u03ad\u03c3\u03b9\u03bc\u03c9\u03bd \u03bb\u03cd\u03c3\u03b5\u03c9\u03bd. \u0391\u03c5\u03c4\u03cc \u03ba\u03b1\u03b8\u03b9\u03c3\u03c4\u03ac \u03b4\u03cd\u03c3\u03ba\u03bf\u03bb\u03bf, \u03ae \u03c3\u03b5 \u03ba\u03ac\u03c0\u03bf\u03b9\u03b5\u03c2 \u03c0\u03b5\u03c1\u03b9\u03c0\u03c4\u03ce\u03c3\u03b5\u03b9\u03c2&hellip;","_links":{"self":[{"href":"https:\/\/opengovai4d.ellak.gr\/de\/wp-json\/wp\/v2\/pages\/336","targetHints":{"allow":["GET"]}}],"collection":[{"href":"https:\/\/opengovai4d.ellak.gr\/de\/wp-json\/wp\/v2\/pages"}],"about":[{"href":"https:\/\/opengovai4d.ellak.gr\/de\/wp-json\/wp\/v2\/types\/page"}],"author":[{"embeddable":true,"href":"https:\/\/opengovai4d.ellak.gr\/de\/wp-json\/wp\/v2\/users\/1"}],"replies":[{"embeddable":true,"href":"https:\/\/opengovai4d.ellak.gr\/de\/wp-json\/wp\/v2\/comments?post=336"}],"version-history":[{"count":4,"href":"https:\/\/opengovai4d.ellak.gr\/de\/wp-json\/wp\/v2\/pages\/336\/revisions"}],"predecessor-version":[{"id":368,"href":"https:\/\/opengovai4d.ellak.gr\/de\/wp-json\/wp\/v2\/pages\/336\/revisions\/368"}],"wp:attachment":[{"href":"https:\/\/opengovai4d.ellak.gr\/de\/wp-json\/wp\/v2\/media?parent=336"}],"curies":[{"name":"wp","href":"https:\/\/api.w.org\/{rel}","templated":true}]}}