{"id":331,"date":"2024-10-10T06:38:48","date_gmt":"2024-10-10T06:38:48","guid":{"rendered":"https:\/\/dev-greekmosaico.pantheonsite.io\/?page_id=331"},"modified":"2024-11-14T08:37:16","modified_gmt":"2024-11-14T08:37:16","slug":"accessibility","status":"publish","type":"page","link":"https:\/\/opengovai4d.ellak.gr\/de\/accessibility\/","title":{"rendered":"Accessibility"},"content":{"rendered":"<div class=\"wp-block-group alignfull has-global-padding is-layout-constrained wp-block-group-is-layout-constrained\">\n<div class=\"wp-block-group alignfull has-global-padding is-layout-constrained wp-container-core-group-is-layout-e1df7a91 wp-block-group-is-layout-constrained\" style=\"padding-top:var(--wp--preset--spacing--20);padding-bottom:var(--wp--preset--spacing--20)\">\n<div class=\"wp-block-group alignwide is-layout-flow wp-block-group-is-layout-flow\">\n<h2 class=\"wp-block-heading\" style=\"font-style:normal;font-weight:500\">Barrierefreiheit<\/h2>\n<\/div>\n\n\n\n<div class=\"wp-block-group alignwide is-layout-flow wp-block-group-is-layout-flow\">\n<h3 class=\"wp-block-heading\" style=\"font-style:normal;font-weight:500\">Definition<\/h3>\n\n\n\n<p><em>(siehe <a href=\"https:\/\/mosaico.gov.pt\/areas-tecnicas\/acessibilidade\">Mosaik<\/a>)<\/em><\/p>\n\n\n\n<p>Barrierefreiheit im weitesten Sinne ist die Qualit\u00e4t, dass etwas von jedem genutzt werden kann, auch von Menschen mit Behinderungen. Was das Internet betrifft, so \u00e4ndert sich an seiner Definition nicht viel. Web Accessibility ist die Praxis, Websites f\u00fcr so viele Menschen wie m\u00f6glich nutzbar zu machen. Das hei\u00dft, durch Design, Entwicklung und Inhalte m\u00f6chten wir jedem ein hervorragendes Erlebnis bieten, unabh\u00e4ngig von seinen Ressourcen oder der Art und Weise, wie die Ger\u00e4te verwendet werden.<\/p>\n\n\n\n<p>Tim Berners-Lee, Direktor der <a href=\"https:\/\/www.w3.org\/mission\/accessibility\/\">World Wide Web Consortium<\/a> (W3C) und Erfinder des WWW, die Macht des Webs liegt in seiner Universalit\u00e4t: Der Zugang f\u00fcr alle, unabh\u00e4ngig von einer Behinderung, ist ein wesentlicher Aspekt.<\/p>\n\n\n\n<p>Etwa jeder siebte Mensch hat eine Behinderung, die sich auf die Art und Weise auswirkt, wie er mit der Welt und seinen Ger\u00e4ten interagiert. Menschen k\u00f6nnen Behinderungen in jedem Alter, f\u00fcr jede Dauer und in verschiedenen Schweregraden erleben. So k\u00f6nnen gelegentliche Sch\u00e4den \u2013 wie Verletzungen des Handgelenks durch Sturz oder Verlust der Stimme durch \u00dcberbeanspruchung \u2013 die Art und Weise beeinflussen, wie Ger\u00e4te zu verschiedenen Zeiten interagieren.<\/p>\n\n\n\n<p>In der Europ\u00e4ischen Union ist die Norm, die die Barrierefreiheitsanforderungen f\u00fcr Web- und mobile Anwendungen enth\u00e4lt, die Norm <a href=\"https:\/\/www.etsi.org\/deliver\/etsi_en\/301500_301599\/301549\/02.01.02_60\/en_301549v020102p.pdf\">EN301549<\/a>, Kopie des Compliance-Standards <a href=\"https:\/\/www.w3.org\/WAI\/standards-guidelines\/wcag\/\">WCAG 2.1<\/a> \u201eAA\u201c. In Griechenland sind diese Anforderungen in der <a href=\"https:\/\/www.secdigital.gov.gr\/wp-content\/uploads\/2023\/05\/Accessibility_Guide.pdf\">Leitfaden f\u00fcr digitale Barrierefreiheit<\/a>.<\/p>\n<\/div>\n\n\n\n<div class=\"wp-block-group alignwide is-layout-flow wp-block-group-is-layout-flow\">\n<h3 class=\"wp-block-heading\" style=\"font-style:normal;font-weight:500\">Vorteile der Verwendung<\/h3>\n\n\n\n<p><em>(siehe <a href=\"https:\/\/mosaico.gov.pt\/areas-tecnicas\/acessibilidade\">Mosaik<\/a>)<\/em><\/p>\n\n\n\n<ul class=\"wp-block-list\">\n<li>Vereinfachung der Codesprache (HTML-Semantik).<\/li>\n\n\n\n<li>M\u00f6glichkeit, mehr Nutzer zu erreichen.<\/li>\n\n\n\n<li>Erh\u00f6hte F\u00e4higkeit und der Grad der Unabh\u00e4ngigkeit des Benutzers und folglich eine Verk\u00fcrzung der Zeit der Ausf\u00fchrung einer Aufgabe.<\/li>\n\n\n\n<li>Reduzierung der pers\u00f6nlichen Servicekosten und m\u00f6gliche Freigabe von Ressourcen f\u00fcr andere Aufgaben.<\/li>\n\n\n\n<li>Suchmaschinenoptimierung (SEO).<\/li>\n\n\n\n<li>Einfachere Wartung, Aktualisierung und Neugestaltung von Websites.<\/li>\n\n\n\n<li>Gr\u00f6\u00dfere und bessere Kompatibilit\u00e4t mit anderen elektronischen Ger\u00e4ten.<\/li>\n<\/ul>\n<\/div>\n\n\n\n<div class=\"wp-block-group alignwide is-layout-flow wp-block-group-is-layout-flow\">\n<h3 class=\"wp-block-heading\" style=\"font-style:normal;font-weight:500\">Institutioneller Rahmen<\/h3>\n\n\n\n<ul class=\"wp-block-list\">\n<li style=\"margin-top:var(--wp--preset--spacing--10);margin-bottom:var(--wp--preset--spacing--10)\">Europ\u00e4ische Richtlinie \u00fcber Barrierefreiheitsanforderungen <br>Angleichung der Rechts- und Verwaltungsvorschriften der Mitgliedstaaten \u00fcber die Barrierefreiheitsanforderungen f\u00fcr Websites und mobile Anwendungen \u00f6ffentlicher Stellen, damit diese Websites und mobilen Anwendungen f\u00fcr Nutzer, insbesondere Menschen mit Behinderungen, leichter zug\u00e4nglich sind.<br><br>Siehe <a href=\"https:\/\/eur-lex.europa.eu\/legal-content\/EL\/TXT\/PDF\/?uri=CELEX:32016L2102\">Richtlinie (EU) 2016\/2102<\/a> \u00fcber den barrierefreien Zugang zu den Websites und mobilen Anwendungen \u00f6ffentlicher Stellen<br><\/li>\n\n\n\n<li style=\"padding-top:var(--wp--preset--spacing--20);padding-bottom:var(--wp--preset--spacing--20)\">Umsetzung der Richtlinie (EU) 2016\/2102 in griechisches Recht<br><br>Siehe \u201e<a href=\"https:\/\/mindigital.gr\/wp-content\/uploads\/2024\/02\/%CE%9D%CE%BF%CC%81%CE%BC%CE%BF%CF%82-4727_2020_%CE%A8%CE%B7%CF%86%CE%B9%CE%B1%CE%BA%CE%B7%CC%81-%CE%94%CE%B9%CE%B1%CE%BA%CF%85%CE%B2%CE%B5%CC%81%CF%81%CE%BD%CE%B7%CF%83%CE%B7.pdf\">NOMOS-Nr. 4727<\/a>\u201c<br><\/li>\n\n\n\n<li style=\"padding-top:var(--wp--preset--spacing--10);padding-bottom:var(--wp--preset--spacing--10)\">Europ\u00e4isches Recht zur Barrierefreiheit<br>Umsetzung der Richtlinie (EU) 2019\/882 \u00fcber Barrierefreiheitsanforderungen f\u00fcr Produkte und Dienstleistungen<br><br>Siehe <a href=\"https:\/\/eur-lex.europa.eu\/legal-content\/EL\/TXT\/HTML\/?uri=CELEX:32019L0882\">Richtlinie (EU) 2019\/882<\/a> zu den Barrierefreiheitsanforderungen f\u00fcr Produkte und Dienstleistungen<\/li>\n<\/ul>\n<\/div>\n\n\n\n<div class=\"wp-block-group alignwide is-layout-flow wp-block-group-is-layout-flow\">\n<h3 class=\"wp-block-heading\" style=\"font-style:normal;font-weight:500\">Bew\u00e4hrte Verfahren<\/h3>\n\n\n\n<p>Es wird aus dem Mosaik genommen werden.<\/p>\n<\/div>\n\n\n\n<div class=\"wp-block-group alignwide is-layout-flow wp-block-group-is-layout-flow\">\n<h3 class=\"wp-block-heading\" style=\"font-style:normal;font-weight:500\">Werkzeuge<\/h3>\n\n\n\n<p>Es wird aus dem Mosaik genommen werden.<\/p>\n<\/div>\n<\/div>\n<\/div>","protected":false},"excerpt":{"rendered":"<p>\u03a0\u03c1\u03bf\u03c3\u03b2\u03b1\u03c3\u03b9\u03bc\u03cc\u03c4\u03b7\u03c4\u03b1 \u039f\u03c1\u03b9\u03c3\u03bc\u03cc\u03c2 (\u03b2\u03bb\u03ad\u03c0\u03b5 mosaico) \u0397 \u03c0\u03c1\u03bf\u03c3\u03b2\u03b1\u03c3\u03b9\u03bc\u03cc\u03c4\u03b7\u03c4\u03b1, \u03bc\u03b5 \u03c4\u03b7\u03bd \u03b5\u03c5\u03c1\u03b5\u03af\u03b1 \u03c4\u03b7\u03c2 \u03ad\u03bd\u03bd\u03bf\u03b9\u03b1, \u03b5\u03af\u03bd\u03b1\u03b9 \u03b7 \u03c0\u03bf\u03b9\u03cc\u03c4\u03b7\u03c4\u03b1 \u03cc\u03c4\u03b9 \u03ba\u03ac\u03c4\u03b9 \u03bc\u03c0\u03bf\u03c1\u03b5\u03af \u03bd\u03b1 \u03c7\u03c1\u03b7\u03c3\u03b9\u03bc\u03bf\u03c0\u03bf\u03b9\u03b7\u03b8\u03b5\u03af \u03b1\u03c0\u03cc \u03cc\u03bb\u03bf\u03c5\u03c2, \u03c3\u03c5\u03bc\u03c0\u03b5\u03c1\u03b9\u03bb\u03b1\u03bc\u03b2\u03b1\u03bd\u03bf\u03bc\u03ad\u03bd\u03c9\u03bd \u03c4\u03c9\u03bd \u03b1\u03c4\u03cc\u03bc\u03c9\u03bd \u03bc\u03b5 \u03b1\u03bd\u03b1\u03c0\u03b7\u03c1\u03af\u03b1. \u038c\u03c3\u03bf\u03bd \u03b1\u03c6\u03bf\u03c1\u03ac \u03c4\u03bf \u03b4\u03b9\u03b1\u03b4\u03af\u03ba\u03c4\u03c5\u03bf, \u03bf \u03bf\u03c1\u03b9\u03c3\u03bc\u03cc\u03c2 \u03c4\u03bf\u03c5 \u03b4\u03b5\u03bd \u03b1\u03bb\u03bb\u03ac\u03b6\u03b5\u03b9 \u03c0\u03bf\u03bb\u03cd. \u0397 \u03c0\u03c1\u03bf\u03c3\u03b2\u03b1\u03c3\u03b9\u03bc\u03cc\u03c4\u03b7\u03c4\u03b1 \u03c3\u03c4\u03bf \u03b4\u03b9\u03b1\u03b4\u03af\u03ba\u03c4\u03c5\u03bf \u03b5\u03af\u03bd\u03b1\u03b9 \u03b7 \u03c0\u03c1\u03b1\u03ba\u03c4\u03b9\u03ba\u03ae \u03bd\u03b1 \u03ba\u03b1\u03b8\u03af\u03c3\u03c4\u03b1\u03bd\u03c4\u03b1\u03b9 \u03bf\u03b9 \u03b9\u03c3\u03c4\u03cc\u03c4\u03bf\u03c0\u03bf\u03b9 \u03c7\u03c1\u03b7\u03c3\u03c4\u03b9\u03ba\u03bf\u03af \u03b1\u03c0\u03cc \u03cc\u03c3\u03bf \u03c4\u03bf \u03b4\u03c5\u03bd\u03b1\u03c4\u03cc\u03bd \u03c0\u03b5\u03c1\u03b9\u03c3\u03c3\u03cc\u03c4\u03b5\u03c1\u03b1 \u03ac\u03c4\u03bf\u03bc\u03b1. \u0394\u03b7\u03bb\u03b1\u03b4\u03ae, [&hellip;]<\/p>","protected":false},"author":1,"featured_media":0,"parent":0,"menu_order":0,"comment_status":"closed","ping_status":"closed","template":"wp-custom-template-different-header","meta":{"_uag_custom_page_level_css":"","footnotes":""},"class_list":["post-331","page","type-page","status-publish","hentry"],"uagb_featured_image_src":{"full":false,"thumbnail":false,"medium":false,"medium_large":false,"large":false,"1536x1536":false,"2048x2048":false,"etm-custom-language-flag":false,"gamipress-points":false,"gamipress-achievement":false,"gamipress-rank":false},"uagb_author_info":{"display_name":"admin","author_link":"https:\/\/opengovai4d.ellak.gr\/de\/author\/admin\/"},"uagb_comment_info":0,"uagb_excerpt":"\u03a0\u03c1\u03bf\u03c3\u03b2\u03b1\u03c3\u03b9\u03bc\u03cc\u03c4\u03b7\u03c4\u03b1 \u039f\u03c1\u03b9\u03c3\u03bc\u03cc\u03c2 (\u03b2\u03bb\u03ad\u03c0\u03b5 mosaico) \u0397 \u03c0\u03c1\u03bf\u03c3\u03b2\u03b1\u03c3\u03b9\u03bc\u03cc\u03c4\u03b7\u03c4\u03b1, \u03bc\u03b5 \u03c4\u03b7\u03bd \u03b5\u03c5\u03c1\u03b5\u03af\u03b1 \u03c4\u03b7\u03c2 \u03ad\u03bd\u03bd\u03bf\u03b9\u03b1, \u03b5\u03af\u03bd\u03b1\u03b9 \u03b7 \u03c0\u03bf\u03b9\u03cc\u03c4\u03b7\u03c4\u03b1 \u03cc\u03c4\u03b9 \u03ba\u03ac\u03c4\u03b9 \u03bc\u03c0\u03bf\u03c1\u03b5\u03af \u03bd\u03b1 \u03c7\u03c1\u03b7\u03c3\u03b9\u03bc\u03bf\u03c0\u03bf\u03b9\u03b7\u03b8\u03b5\u03af \u03b1\u03c0\u03cc \u03cc\u03bb\u03bf\u03c5\u03c2, \u03c3\u03c5\u03bc\u03c0\u03b5\u03c1\u03b9\u03bb\u03b1\u03bc\u03b2\u03b1\u03bd\u03bf\u03bc\u03ad\u03bd\u03c9\u03bd \u03c4\u03c9\u03bd \u03b1\u03c4\u03cc\u03bc\u03c9\u03bd \u03bc\u03b5 \u03b1\u03bd\u03b1\u03c0\u03b7\u03c1\u03af\u03b1. \u038c\u03c3\u03bf\u03bd \u03b1\u03c6\u03bf\u03c1\u03ac \u03c4\u03bf \u03b4\u03b9\u03b1\u03b4\u03af\u03ba\u03c4\u03c5\u03bf, \u03bf \u03bf\u03c1\u03b9\u03c3\u03bc\u03cc\u03c2 \u03c4\u03bf\u03c5 \u03b4\u03b5\u03bd \u03b1\u03bb\u03bb\u03ac\u03b6\u03b5\u03b9 \u03c0\u03bf\u03bb\u03cd. \u0397 \u03c0\u03c1\u03bf\u03c3\u03b2\u03b1\u03c3\u03b9\u03bc\u03cc\u03c4\u03b7\u03c4\u03b1 \u03c3\u03c4\u03bf \u03b4\u03b9\u03b1\u03b4\u03af\u03ba\u03c4\u03c5\u03bf \u03b5\u03af\u03bd\u03b1\u03b9 \u03b7 \u03c0\u03c1\u03b1\u03ba\u03c4\u03b9\u03ba\u03ae \u03bd\u03b1 \u03ba\u03b1\u03b8\u03af\u03c3\u03c4\u03b1\u03bd\u03c4\u03b1\u03b9 \u03bf\u03b9 \u03b9\u03c3\u03c4\u03cc\u03c4\u03bf\u03c0\u03bf\u03b9 \u03c7\u03c1\u03b7\u03c3\u03c4\u03b9\u03ba\u03bf\u03af \u03b1\u03c0\u03cc \u03cc\u03c3\u03bf \u03c4\u03bf \u03b4\u03c5\u03bd\u03b1\u03c4\u03cc\u03bd \u03c0\u03b5\u03c1\u03b9\u03c3\u03c3\u03cc\u03c4\u03b5\u03c1\u03b1 \u03ac\u03c4\u03bf\u03bc\u03b1. \u0394\u03b7\u03bb\u03b1\u03b4\u03ae,&hellip;","_links":{"self":[{"href":"https:\/\/opengovai4d.ellak.gr\/de\/wp-json\/wp\/v2\/pages\/331","targetHints":{"allow":["GET"]}}],"collection":[{"href":"https:\/\/opengovai4d.ellak.gr\/de\/wp-json\/wp\/v2\/pages"}],"about":[{"href":"https:\/\/opengovai4d.ellak.gr\/de\/wp-json\/wp\/v2\/types\/page"}],"author":[{"embeddable":true,"href":"https:\/\/opengovai4d.ellak.gr\/de\/wp-json\/wp\/v2\/users\/1"}],"replies":[{"embeddable":true,"href":"https:\/\/opengovai4d.ellak.gr\/de\/wp-json\/wp\/v2\/comments?post=331"}],"version-history":[{"count":10,"href":"https:\/\/opengovai4d.ellak.gr\/de\/wp-json\/wp\/v2\/pages\/331\/revisions"}],"predecessor-version":[{"id":1372,"href":"https:\/\/opengovai4d.ellak.gr\/de\/wp-json\/wp\/v2\/pages\/331\/revisions\/1372"}],"wp:attachment":[{"href":"https:\/\/opengovai4d.ellak.gr\/de\/wp-json\/wp\/v2\/media?parent=331"}],"curies":[{"name":"wp","href":"https:\/\/api.w.org\/{rel}","templated":true}]}}