{"id":321,"date":"2024-10-08T16:33:41","date_gmt":"2024-10-08T16:33:41","guid":{"rendered":"http:\/\/localhost:8000\/?page_id=321"},"modified":"2024-11-07T21:59:16","modified_gmt":"2024-11-07T21:59:16","slug":"adoption-of-flexible-models","status":"publish","type":"page","link":"https:\/\/opengovai4d.ellak.gr\/de\/adoption-of-flexible-models\/","title":{"rendered":"Adoption of flexible models"},"content":{"rendered":"<div class=\"wp-block-group alignfull has-global-padding is-layout-constrained wp-container-core-group-is-layout-e1df7a91 wp-block-group-is-layout-constrained\" style=\"padding-top:var(--wp--preset--spacing--20);padding-bottom:var(--wp--preset--spacing--20)\">\n<div class=\"wp-block-group alignwide is-layout-flow wp-block-group-is-layout-flow\">\n<h2 class=\"wp-block-heading\" style=\"font-style:normal;font-weight:500\">\u00dcbernahme flexibler Modelle f\u00fcr die Konzeption, Umsetzung und Beschaffung von Projekten und Dienstleistungen<\/h2>\n<\/div>\n\n\n\n<div class=\"wp-block-group alignwide is-layout-flow wp-block-group-is-layout-flow\">\n<h3 class=\"wp-block-heading\" style=\"font-style:normal;font-weight:500\">Definition<\/h3>\n\n\n\n<p>Es sollten flexible Modelle f\u00fcr die Festlegung, Planung, Umsetzung und \u00dcberwachung von Anforderungen umgesetzt werden, um die Ma\u00dfnahmen zur Umsetzung des digitalen Wandels nahtlos, zeitnah und qualitativ umzusetzen. Es muss auch versucht werden, in F\u00e4llen, in denen dies als hilfreich erachtet wird, Ausschreibungsverfahren einzuf\u00fchren, die auf der Philosophie und den Praktiken der Agilit\u00e4t beruhen, auf aufeinanderfolgenden kleinen Entwicklungsschritten und der Zusammenarbeit zwischen dem Implementierungsteam und den Interessentr\u00e4gern beruhen, um die Komplexit\u00e4t effizienter zu bew\u00e4ltigen.<\/p>\n<\/div>\n\n\n\n<div class=\"wp-block-group alignwide is-layout-flow wp-block-group-is-layout-flow\">\n<h3 class=\"wp-block-heading\" style=\"font-style:normal;font-weight:500\">Vorteile seiner Umsetzung<\/h3>\n\n\n\n<p>Sie werden aus Mosaico und den oben genannten Texten, wo sie existieren, gezogen.<\/p>\n<\/div>\n\n\n\n<div class=\"wp-block-group alignwide is-layout-flow wp-block-group-is-layout-flow\">\n<h3 class=\"wp-block-heading\" style=\"font-style:normal;font-weight:500\">Sachlicher institutioneller Rahmen <\/h3>\n\n\n\n<p><\/p>\n<\/div>\n\n\n\n<div class=\"wp-block-group alignwide is-layout-flow wp-block-group-is-layout-flow\">\n<h3 class=\"wp-block-heading\" style=\"font-style:normal;font-weight:500\">Bew\u00e4hrte Verfahren<\/h3>\n\n\n\n<p><\/p>\n<\/div>\n<\/div>","protected":false},"excerpt":{"rendered":"<p>\u03a5\u03b9\u03bf\u03b8\u03ad\u03c4\u03b7\u03c3\u03b7 \u03b5\u03c5\u03ad\u03bb\u03b9\u03ba\u03c4\u03c9\u03bd \u03bc\u03bf\u03bd\u03c4\u03ad\u03bb\u03c9\u03bd \u03b3\u03b9\u03b1 \u03c4\u03bf \u03c3\u03c7\u03b5\u03b4\u03b9\u03b1\u03c3\u03bc\u03cc, \u03c4\u03b7\u03bd \u03c5\u03bb\u03bf\u03c0\u03bf\u03af\u03b7\u03c3\u03b7 \u03ba\u03b1\u03b9 \u03c4\u03b7\u03bd \u03c0\u03c1\u03bf\u03bc\u03ae\u03b8\u03b5\u03b9\u03b1 \u03ad\u03c1\u03b3\u03c9\u03bd \u03ba\u03b1\u03b9 \u03c5\u03c0\u03b7\u03c1\u03b5\u03c3\u03b9\u03ce\u03bd \u039f\u03c1\u03b9\u03c3\u03bc\u03cc\u03c2 \u0398\u03b1 \u03c0\u03c1\u03ad\u03c0\u03b5\u03b9 \u03bd\u03b1 \u03b5\u03c6\u03b1\u03c1\u03bc\u03bf\u03c3\u03c4\u03bf\u03cd\u03bd \u03b5\u03c5\u03ad\u03bb\u03b9\u03ba\u03c4\u03b1 \u03bc\u03bf\u03bd\u03c4\u03ad\u03bb\u03b1 \u03ba\u03b1\u03b8\u03bf\u03c1\u03b9\u03c3\u03bc\u03bf\u03cd \u03b1\u03c0\u03b1\u03b9\u03c4\u03ae\u03c3\u03b5\u03c9\u03bd, \u03c3\u03c7\u03b5\u03b4\u03b9\u03b1\u03c3\u03bc\u03bf\u03cd, \u03c5\u03bb\u03bf\u03c0\u03bf\u03af\u03b7\u03c3\u03b7\u03c2 \u03ba\u03b1\u03b8\u03ce\u03c2 \u03ba\u03b1\u03b9 \u03c0\u03b1\u03c1\u03b1\u03ba\u03bf\u03bb\u03bf\u03cd\u03b8\u03b7\u03c3\u03b7\u03c2, \u03b3\u03b9\u03b1 \u03c4\u03b7\u03bd \u03b1\u03c0\u03c1\u03cc\u03c3\u03ba\u03bf\u03c0\u03c4\u03b7, \u03ad\u03b3\u03ba\u03b1\u03b9\u03c1\u03b7 \u03ba\u03b1\u03b9 \u03c0\u03bf\u03b9\u03bf\u03c4\u03b9\u03ba\u03ae \u03c0\u03b1\u03c1\u03ac\u03b4\u03bf\u03c3\u03b7 \u03c4\u03c9\u03bd \u03b4\u03c1\u03ac\u03c3\u03b5\u03c9\u03bd \u03c0\u03bf\u03c5 \u03c5\u03bb\u03bf\u03c0\u03bf\u03b9\u03bf\u03cd\u03bd \u03c4\u03bf\u03bd \u03c8\u03b7\u03c6\u03b9\u03b1\u03ba\u03cc \u03bc\u03b5\u03c4\u03b1\u03c3\u03c7\u03b7\u03bc\u03b1\u03c4\u03b9\u03c3\u03bc\u03cc. \u0395\u03c0\u03af\u03c3\u03b7\u03c2, \u03ba\u03c1\u03af\u03bd\u03b5\u03c4\u03b1\u03b9 \u03b1\u03c0\u03b1\u03c1\u03b1\u03af\u03c4\u03b7\u03c4\u03b7 \u03b7 \u03c0\u03c1\u03bf\u03c3\u03c0\u03ac\u03b8\u03b5\u03b9\u03b1 \u03c5\u03b9\u03bf\u03b8\u03ad\u03c4\u03b7\u03c3\u03b7\u03c2, \u03c3\u03b5 \u03c0\u03b5\u03c1\u03b9\u03c0\u03c4\u03ce\u03c3\u03b5\u03b9\u03c2 \u03c0\u03bf\u03c5 \u03ba\u03c1\u03af\u03bd\u03b5\u03c4\u03b1\u03b9 \u03cc\u03c4\u03b9 \u03b1\u03c5\u03c4\u03cc \u03b8\u03b1 [&hellip;]<\/p>","protected":false},"author":1,"featured_media":0,"parent":0,"menu_order":0,"comment_status":"closed","ping_status":"closed","template":"wp-custom-template-different-header","meta":{"_uag_custom_page_level_css":"","footnotes":""},"class_list":["post-321","page","type-page","status-publish","hentry"],"uagb_featured_image_src":{"full":false,"thumbnail":false,"medium":false,"medium_large":false,"large":false,"1536x1536":false,"2048x2048":false,"etm-custom-language-flag":false,"gamipress-points":false,"gamipress-achievement":false,"gamipress-rank":false},"uagb_author_info":{"display_name":"admin","author_link":"https:\/\/opengovai4d.ellak.gr\/de\/author\/admin\/"},"uagb_comment_info":0,"uagb_excerpt":"\u03a5\u03b9\u03bf\u03b8\u03ad\u03c4\u03b7\u03c3\u03b7 \u03b5\u03c5\u03ad\u03bb\u03b9\u03ba\u03c4\u03c9\u03bd \u03bc\u03bf\u03bd\u03c4\u03ad\u03bb\u03c9\u03bd \u03b3\u03b9\u03b1 \u03c4\u03bf \u03c3\u03c7\u03b5\u03b4\u03b9\u03b1\u03c3\u03bc\u03cc, \u03c4\u03b7\u03bd \u03c5\u03bb\u03bf\u03c0\u03bf\u03af\u03b7\u03c3\u03b7 \u03ba\u03b1\u03b9 \u03c4\u03b7\u03bd \u03c0\u03c1\u03bf\u03bc\u03ae\u03b8\u03b5\u03b9\u03b1 \u03ad\u03c1\u03b3\u03c9\u03bd \u03ba\u03b1\u03b9 \u03c5\u03c0\u03b7\u03c1\u03b5\u03c3\u03b9\u03ce\u03bd \u039f\u03c1\u03b9\u03c3\u03bc\u03cc\u03c2 \u0398\u03b1 \u03c0\u03c1\u03ad\u03c0\u03b5\u03b9 \u03bd\u03b1 \u03b5\u03c6\u03b1\u03c1\u03bc\u03bf\u03c3\u03c4\u03bf\u03cd\u03bd \u03b5\u03c5\u03ad\u03bb\u03b9\u03ba\u03c4\u03b1 \u03bc\u03bf\u03bd\u03c4\u03ad\u03bb\u03b1 \u03ba\u03b1\u03b8\u03bf\u03c1\u03b9\u03c3\u03bc\u03bf\u03cd \u03b1\u03c0\u03b1\u03b9\u03c4\u03ae\u03c3\u03b5\u03c9\u03bd, \u03c3\u03c7\u03b5\u03b4\u03b9\u03b1\u03c3\u03bc\u03bf\u03cd, \u03c5\u03bb\u03bf\u03c0\u03bf\u03af\u03b7\u03c3\u03b7\u03c2 \u03ba\u03b1\u03b8\u03ce\u03c2 \u03ba\u03b1\u03b9 \u03c0\u03b1\u03c1\u03b1\u03ba\u03bf\u03bb\u03bf\u03cd\u03b8\u03b7\u03c3\u03b7\u03c2, \u03b3\u03b9\u03b1 \u03c4\u03b7\u03bd \u03b1\u03c0\u03c1\u03cc\u03c3\u03ba\u03bf\u03c0\u03c4\u03b7, \u03ad\u03b3\u03ba\u03b1\u03b9\u03c1\u03b7 \u03ba\u03b1\u03b9 \u03c0\u03bf\u03b9\u03bf\u03c4\u03b9\u03ba\u03ae \u03c0\u03b1\u03c1\u03ac\u03b4\u03bf\u03c3\u03b7 \u03c4\u03c9\u03bd \u03b4\u03c1\u03ac\u03c3\u03b5\u03c9\u03bd \u03c0\u03bf\u03c5 \u03c5\u03bb\u03bf\u03c0\u03bf\u03b9\u03bf\u03cd\u03bd \u03c4\u03bf\u03bd \u03c8\u03b7\u03c6\u03b9\u03b1\u03ba\u03cc \u03bc\u03b5\u03c4\u03b1\u03c3\u03c7\u03b7\u03bc\u03b1\u03c4\u03b9\u03c3\u03bc\u03cc. \u0395\u03c0\u03af\u03c3\u03b7\u03c2, \u03ba\u03c1\u03af\u03bd\u03b5\u03c4\u03b1\u03b9 \u03b1\u03c0\u03b1\u03c1\u03b1\u03af\u03c4\u03b7\u03c4\u03b7 \u03b7 \u03c0\u03c1\u03bf\u03c3\u03c0\u03ac\u03b8\u03b5\u03b9\u03b1 \u03c5\u03b9\u03bf\u03b8\u03ad\u03c4\u03b7\u03c3\u03b7\u03c2, \u03c3\u03b5 \u03c0\u03b5\u03c1\u03b9\u03c0\u03c4\u03ce\u03c3\u03b5\u03b9\u03c2 \u03c0\u03bf\u03c5 \u03ba\u03c1\u03af\u03bd\u03b5\u03c4\u03b1\u03b9 \u03cc\u03c4\u03b9 \u03b1\u03c5\u03c4\u03cc \u03b8\u03b1&hellip;","_links":{"self":[{"href":"https:\/\/opengovai4d.ellak.gr\/de\/wp-json\/wp\/v2\/pages\/321","targetHints":{"allow":["GET"]}}],"collection":[{"href":"https:\/\/opengovai4d.ellak.gr\/de\/wp-json\/wp\/v2\/pages"}],"about":[{"href":"https:\/\/opengovai4d.ellak.gr\/de\/wp-json\/wp\/v2\/types\/page"}],"author":[{"embeddable":true,"href":"https:\/\/opengovai4d.ellak.gr\/de\/wp-json\/wp\/v2\/users\/1"}],"replies":[{"embeddable":true,"href":"https:\/\/opengovai4d.ellak.gr\/de\/wp-json\/wp\/v2\/comments?post=321"}],"version-history":[{"count":2,"href":"https:\/\/opengovai4d.ellak.gr\/de\/wp-json\/wp\/v2\/pages\/321\/revisions"}],"predecessor-version":[{"id":404,"href":"https:\/\/opengovai4d.ellak.gr\/de\/wp-json\/wp\/v2\/pages\/321\/revisions\/404"}],"wp:attachment":[{"href":"https:\/\/opengovai4d.ellak.gr\/de\/wp-json\/wp\/v2\/media?parent=321"}],"curies":[{"name":"wp","href":"https:\/\/api.w.org\/{rel}","templated":true}]}}