{"id":307,"date":"2024-10-08T16:24:17","date_gmt":"2024-10-08T16:24:17","guid":{"rendered":"http:\/\/localhost:8000\/?page_id=307"},"modified":"2024-11-07T21:58:47","modified_gmt":"2024-11-07T21:58:47","slug":"reuse-of-building-blocks","status":"publish","type":"page","link":"https:\/\/opengovai4d.ellak.gr\/de\/reuse-of-building-blocks\/","title":{"rendered":"Reuse of building blocks"},"content":{"rendered":"<div class=\"wp-block-group alignfull has-global-padding is-layout-constrained wp-container-core-group-is-layout-e1df7a91 wp-block-group-is-layout-constrained\" style=\"padding-top:var(--wp--preset--spacing--20);padding-bottom:var(--wp--preset--spacing--20)\">\n<div class=\"wp-block-group alignwide is-layout-flow wp-block-group-is-layout-flow\">\n<h2 class=\"wp-block-heading\" style=\"font-style:normal;font-weight:500\">Wiederverwendung von Komponenten und L\u00f6sungen<\/h2>\n<\/div>\n\n\n\n<div class=\"wp-block-group alignwide is-layout-flow wp-block-group-is-layout-flow\">\n<h3 class=\"wp-block-heading\" style=\"font-style:normal;font-weight:500\">Definition<\/h3>\n\n\n\n<p>Die Entwicklung digitaler Dienste sollte auf der Nutzung vorgefertigter Bausteine und L\u00f6sungen sowohl aus dem griechischen als auch aus dem europ\u00e4ischen Programm beruhen, wie etwa dem Programm Interoperabilit\u00e4tsl\u00f6sungen f\u00fcr \u00f6ffentliche Verwaltungen, Unternehmen und B\u00fcrger-ISA unter Verwendung von Open-Source-Software.<\/p>\n<\/div>\n\n\n\n<div class=\"wp-block-group alignwide is-layout-flow wp-block-group-is-layout-flow\">\n<h3 class=\"wp-block-heading\" style=\"font-style:normal;font-weight:500\">Vorteile seiner Umsetzung<\/h3>\n\n\n\n<p>Sie werden aus Mosaico und den oben genannten Texten, wo sie existieren, gezogen.<\/p>\n<\/div>\n\n\n\n<div class=\"wp-block-group alignwide is-layout-flow wp-block-group-is-layout-flow\">\n<h3 class=\"wp-block-heading\" style=\"font-style:normal;font-weight:500\">Sachlicher institutioneller Rahmen<\/h3>\n\n\n\n<p><\/p>\n<\/div>\n\n\n\n<div class=\"wp-block-group alignwide is-layout-flow wp-block-group-is-layout-flow\">\n<h3 class=\"wp-block-heading\" style=\"font-style:normal;font-weight:500\">Bew\u00e4hrte Verfahren<\/h3>\n\n\n\n<p><\/p>\n<\/div>\n<\/div>","protected":false},"excerpt":{"rendered":"<p>E\u03c0\u03b1\u03bd\u03b1\u03c7\u03c1\u03b7\u03c3\u03b9\u03bc\u03bf\u03c0\u03bf\u03af\u03b7\u03c3\u03b7 \u03b4\u03bf\u03bc\u03b9\u03ba\u03ce\u03bd \u03c3\u03c4\u03bf\u03b9\u03c7\u03b5\u03af\u03c9\u03bd \u03ba\u03b1\u03b9 \u03bb\u03cd\u03c3\u03b5\u03c9\u03bd \u039f\u03c1\u03b9\u03c3\u03bc\u03cc\u03c2 \u0397 \u03b1\u03bd\u03ac\u03c0\u03c4\u03c5\u03be\u03b7 \u03c4\u03c9\u03bd \u03c8\u03b7\u03c6\u03b9\u03b1\u03ba\u03ce\u03bd \u03c5\u03c0\u03b7\u03c1\u03b5\u03c3\u03b9\u03ce\u03bd \u03c0\u03c1\u03ad\u03c0\u03b5\u03b9 \u03bd\u03b1 \u03b2\u03b1\u03c3\u03af\u03b6\u03b5\u03c4\u03b1\u03b9 \u03c3\u03c4\u03b7\u03bd \u03b1\u03be\u03b9\u03bf\u03c0\u03bf\u03af\u03b7\u03c3\u03b7 \u03ad\u03c4\u03bf\u03b9\u03bc\u03c9\u03bd \u03b4\u03bf\u03bc\u03b9\u03ba\u03ce\u03bd \u03c3\u03c4\u03bf\u03b9\u03c7\u03b5\u03af\u03c9\u03bd \u03ba\u03b1\u03b9 \u03bb\u03cd\u03c3\u03b5\u03c9\u03bd \u03c4\u03cc\u03c3\u03bf \u03b1\u03c0\u03cc \u03c4\u03bf\u03bd \u03b5\u03bb\u03bb\u03b7\u03bd\u03b9\u03ba\u03cc \u03c7\u03ce\u03c1\u03bf \u03cc\u03c3\u03bf \u03ba\u03b1\u03b9 \u03b1\u03c0\u03cc \u03b5\u03c5\u03c1\u03c9\u03c0\u03b1\u03ca\u03ba\u03ac \u03c0\u03c1\u03bf\u03b3\u03c1\u03ac\u03bc\u03bc\u03b1\u03c4\u03b1, \u03cc\u03c0\u03c9\u03c2 \u03c4\u03bf \u03c0\u03c1\u03cc\u03b3\u03c1\u03b1\u03bc\u03bc\u03b1 Interoperability solutions for public administrations, businesses and citizens-ISA&nbsp; \u03bc\u03b5 \u03c7\u03c1\u03ae\u03c3\u03b7 \u03bb\u03bf\u03b3\u03b9\u03c3\u03bc\u03b9\u03ba\u03bf\u03cd \u03b1\u03bd\u03bf\u03b9\u03ba\u03c4\u03bf\u03cd \u03ba\u03ce\u03b4\u03b9\u03ba\u03b1. \u039f\u03c6\u03ad\u03bb\u03b7 \u03b1\u03c0\u03cc \u03c4\u03b7\u03bd \u03c5\u03bb\u03bf\u03c0\u03bf\u03af\u03b7\u03c3\u03b7 \u03c4\u03b7\u03c2 \u03b8\u03b1 \u03b1\u03bd\u03c4\u03bb\u03b7\u03b8\u03bf\u03cd\u03bd \u03b1\u03c0\u03cc [&hellip;]<\/p>","protected":false},"author":1,"featured_media":0,"parent":0,"menu_order":0,"comment_status":"closed","ping_status":"closed","template":"wp-custom-template-different-header","meta":{"_uag_custom_page_level_css":"","footnotes":""},"class_list":["post-307","page","type-page","status-publish","hentry"],"uagb_featured_image_src":{"full":false,"thumbnail":false,"medium":false,"medium_large":false,"large":false,"1536x1536":false,"2048x2048":false,"etm-custom-language-flag":false,"gamipress-points":false,"gamipress-achievement":false,"gamipress-rank":false},"uagb_author_info":{"display_name":"admin","author_link":"https:\/\/opengovai4d.ellak.gr\/de\/author\/admin\/"},"uagb_comment_info":0,"uagb_excerpt":"E\u03c0\u03b1\u03bd\u03b1\u03c7\u03c1\u03b7\u03c3\u03b9\u03bc\u03bf\u03c0\u03bf\u03af\u03b7\u03c3\u03b7 \u03b4\u03bf\u03bc\u03b9\u03ba\u03ce\u03bd \u03c3\u03c4\u03bf\u03b9\u03c7\u03b5\u03af\u03c9\u03bd \u03ba\u03b1\u03b9 \u03bb\u03cd\u03c3\u03b5\u03c9\u03bd \u039f\u03c1\u03b9\u03c3\u03bc\u03cc\u03c2 \u0397 \u03b1\u03bd\u03ac\u03c0\u03c4\u03c5\u03be\u03b7 \u03c4\u03c9\u03bd \u03c8\u03b7\u03c6\u03b9\u03b1\u03ba\u03ce\u03bd \u03c5\u03c0\u03b7\u03c1\u03b5\u03c3\u03b9\u03ce\u03bd \u03c0\u03c1\u03ad\u03c0\u03b5\u03b9 \u03bd\u03b1 \u03b2\u03b1\u03c3\u03af\u03b6\u03b5\u03c4\u03b1\u03b9 \u03c3\u03c4\u03b7\u03bd \u03b1\u03be\u03b9\u03bf\u03c0\u03bf\u03af\u03b7\u03c3\u03b7 \u03ad\u03c4\u03bf\u03b9\u03bc\u03c9\u03bd \u03b4\u03bf\u03bc\u03b9\u03ba\u03ce\u03bd \u03c3\u03c4\u03bf\u03b9\u03c7\u03b5\u03af\u03c9\u03bd \u03ba\u03b1\u03b9 \u03bb\u03cd\u03c3\u03b5\u03c9\u03bd \u03c4\u03cc\u03c3\u03bf \u03b1\u03c0\u03cc \u03c4\u03bf\u03bd \u03b5\u03bb\u03bb\u03b7\u03bd\u03b9\u03ba\u03cc \u03c7\u03ce\u03c1\u03bf \u03cc\u03c3\u03bf \u03ba\u03b1\u03b9 \u03b1\u03c0\u03cc \u03b5\u03c5\u03c1\u03c9\u03c0\u03b1\u03ca\u03ba\u03ac \u03c0\u03c1\u03bf\u03b3\u03c1\u03ac\u03bc\u03bc\u03b1\u03c4\u03b1, \u03cc\u03c0\u03c9\u03c2 \u03c4\u03bf \u03c0\u03c1\u03cc\u03b3\u03c1\u03b1\u03bc\u03bc\u03b1 Interoperability solutions for public administrations, businesses and citizens-ISA&nbsp; \u03bc\u03b5 \u03c7\u03c1\u03ae\u03c3\u03b7 \u03bb\u03bf\u03b3\u03b9\u03c3\u03bc\u03b9\u03ba\u03bf\u03cd \u03b1\u03bd\u03bf\u03b9\u03ba\u03c4\u03bf\u03cd \u03ba\u03ce\u03b4\u03b9\u03ba\u03b1. \u039f\u03c6\u03ad\u03bb\u03b7 \u03b1\u03c0\u03cc \u03c4\u03b7\u03bd \u03c5\u03bb\u03bf\u03c0\u03bf\u03af\u03b7\u03c3\u03b7 \u03c4\u03b7\u03c2 \u03b8\u03b1 \u03b1\u03bd\u03c4\u03bb\u03b7\u03b8\u03bf\u03cd\u03bd \u03b1\u03c0\u03cc&hellip;","_links":{"self":[{"href":"https:\/\/opengovai4d.ellak.gr\/de\/wp-json\/wp\/v2\/pages\/307","targetHints":{"allow":["GET"]}}],"collection":[{"href":"https:\/\/opengovai4d.ellak.gr\/de\/wp-json\/wp\/v2\/pages"}],"about":[{"href":"https:\/\/opengovai4d.ellak.gr\/de\/wp-json\/wp\/v2\/types\/page"}],"author":[{"embeddable":true,"href":"https:\/\/opengovai4d.ellak.gr\/de\/wp-json\/wp\/v2\/users\/1"}],"replies":[{"embeddable":true,"href":"https:\/\/opengovai4d.ellak.gr\/de\/wp-json\/wp\/v2\/comments?post=307"}],"version-history":[{"count":2,"href":"https:\/\/opengovai4d.ellak.gr\/de\/wp-json\/wp\/v2\/pages\/307\/revisions"}],"predecessor-version":[{"id":397,"href":"https:\/\/opengovai4d.ellak.gr\/de\/wp-json\/wp\/v2\/pages\/307\/revisions\/397"}],"wp:attachment":[{"href":"https:\/\/opengovai4d.ellak.gr\/de\/wp-json\/wp\/v2\/media?parent=307"}],"curies":[{"name":"wp","href":"https:\/\/api.w.org\/{rel}","templated":true}]}}