{"id":297,"date":"2024-10-08T16:14:47","date_gmt":"2024-10-08T16:14:47","guid":{"rendered":"http:\/\/localhost:8000\/?page_id=297"},"modified":"2024-11-07T21:59:54","modified_gmt":"2024-11-07T21:59:54","slug":"digital-by-default","status":"publish","type":"page","link":"https:\/\/opengovai4d.ellak.gr\/de\/digital-by-default\/","title":{"rendered":"Digital by default"},"content":{"rendered":"<div class=\"wp-block-group alignfull has-global-padding is-layout-constrained wp-container-core-group-is-layout-e1df7a91 wp-block-group-is-layout-constrained\" style=\"padding-top:var(--wp--preset--spacing--20);padding-bottom:var(--wp--preset--spacing--20)\">\n<div class=\"wp-block-group alignwide is-layout-flow wp-block-group-is-layout-flow\">\n<h2 class=\"wp-block-heading\" style=\"font-style:normal;font-weight:500\">Digitale Standarddienste<\/h2>\n<\/div>\n\n\n\n<div class=\"wp-block-group alignwide is-layout-flow wp-block-group-is-layout-flow\">\n<h3 class=\"wp-block-heading\" style=\"font-style:normal;font-weight:500\">Definition<\/h3>\n\n\n\n<p>Als bevorzugte Option sollten Dienste \u00fcber digitale Kan\u00e4le bereitgestellt werden. Dies schlie\u00dft andere Kommunikationskan\u00e4le f\u00fcr B\u00fcrger nicht aus, die keinen Zugang zu digitalen Kan\u00e4len haben oder auf nat\u00fcrliche Weise mit \u00f6ffentlichen Stellen kommunizieren m\u00f6chten.<\/p>\n<\/div>\n\n\n\n<div class=\"wp-block-group alignwide is-layout-flow wp-block-group-is-layout-flow\"><div class=\"wp-block-uagb-faq uagb-faq__outer-wrap uagb-block-f7e9200e uagb-faq-icon-row-reverse uagb-faq-layout-grid uagb-faq-expand-first-true uagb-faq-inactive-other-true uagb-faq__wrap uagb-buttons-layout-wrap uagb-faq-equal-height\" data-faqtoggle=\"true\" role=\"tablist\"><div class=\"wp-block-uagb-faq-child uagb-faq-child__outer-wrap uagb-faq-item uagb-block-83f43dfa\" role=\"tab\" tabindex=\"0\"><div class=\"uagb-faq-questions-button uagb-faq-questions\">\t\t\t<span class=\"uagb-icon uagb-faq-icon-wrap\">\n\t\t\t\t\t\t\t\t<svg xmlns=\"https:\/\/www.w3.org\/2000\/svg\" viewbox= \"0 0 448 512\"><path d=\"M432 256c0 17.69-14.33 32.01-32 32.01H256v144c0 17.69-14.33 31.99-32 31.99s-32-14.3-32-31.99v-144H48c-17.67 0-32-14.32-32-32.01s14.33-31.99 32-31.99H192v-144c0-17.69 14.33-32.01 32-32.01s32 14.32 32 32.01v144h144C417.7 224 432 238.3 432 256z\"><\/path><\/svg>\n\t\t\t\t\t\t\t<\/span>\n\t\t\t\t\t\t<span class=\"uagb-icon-active uagb-faq-icon-wrap\">\n\t\t\t\t\t\t\t\t<svg xmlns=\"https:\/\/www.w3.org\/2000\/svg\" viewbox= \"0 0 448 512\"><path d=\"M400 288h-352c-17.69 0-32-14.32-32-32.01s14.31-31.99 32-31.99h352c17.69 0 32 14.3 32 31.99S417.7 288 400 288z\"><\/path><\/svg>\n\t\t\t\t\t\t\t<\/span>\n\t\t\t<span class=\"uagb-question\">Vorteile seiner Umsetzung<\/span><\/div><div class=\"uagb-faq-content\"><p>Sie werden aus Mosaico und den oben genannten Texten, wo sie existieren, gezogen.<\/p><\/div><\/div><div class=\"wp-block-uagb-faq-child uagb-faq-child__outer-wrap uagb-faq-item uagb-block-1a3be61a\" role=\"tab\" tabindex=\"0\"><div class=\"uagb-faq-questions-button uagb-faq-questions\">\t\t\t<span class=\"uagb-icon uagb-faq-icon-wrap\">\n\t\t\t\t\t\t\t\t<svg xmlns=\"https:\/\/www.w3.org\/2000\/svg\" viewbox= \"0 0 448 512\"><path d=\"M432 256c0 17.69-14.33 32.01-32 32.01H256v144c0 17.69-14.33 31.99-32 31.99s-32-14.3-32-31.99v-144H48c-17.67 0-32-14.32-32-32.01s14.33-31.99 32-31.99H192v-144c0-17.69 14.33-32.01 32-32.01s32 14.32 32 32.01v144h144C417.7 224 432 238.3 432 256z\"><\/path><\/svg>\n\t\t\t\t\t\t\t<\/span>\n\t\t\t\t\t\t<span class=\"uagb-icon-active uagb-faq-icon-wrap\">\n\t\t\t\t\t\t\t\t<svg xmlns=\"https:\/\/www.w3.org\/2000\/svg\" viewbox= \"0 0 448 512\"><path d=\"M400 288h-352c-17.69 0-32-14.32-32-32.01s14.31-31.99 32-31.99h352c17.69 0 32 14.3 32 31.99S417.7 288 400 288z\"><\/path><\/svg>\n\t\t\t\t\t\t\t<\/span>\n\t\t\t<span class=\"uagb-question\">Digitale Standarddienste<\/span><\/div><div class=\"uagb-faq-content\"><p>Indikativ f\u00fcr einige der Vorteile des digitalen Wandels:<br><strong>a)<\/strong> Erh\u00f6hen Sie die Produktivit\u00e4t<br><strong>b)<\/strong> Kosten senken, neue Arbeitspl\u00e4tze schaffen<br><strong>c) <\/strong>Zugang zu neuen M\u00e4rkten<br><strong>d)<\/strong> Schnellere \u00dcbernahme von Innovationen<\/p><\/div><\/div><\/div><\/div>\n\n\n\n<div class=\"wp-block-group alignwide is-layout-flow wp-block-group-is-layout-flow\">\n<h3 class=\"wp-block-heading\" style=\"font-style:normal;font-weight:500\">Sachlicher institutioneller Rahmen<\/h3>\n\n\n\n<p><\/p>\n<\/div>\n\n\n\n<div class=\"wp-block-group alignwide is-layout-flow wp-block-group-is-layout-flow\">\n<h3 class=\"wp-block-heading\" style=\"font-style:normal;font-weight:500\">Bew\u00e4hrte Verfahren<\/h3>\n\n\n\n<p><\/p>\n<\/div>\n<\/div>\n\n\n\n<p><\/p>","protected":false},"excerpt":{"rendered":"<p>\u03a5\u03c0\u03b7\u03c1\u03b5\u03c3\u03af\u03b5\u03c2 \u03c8\u03b7\u03c6\u03b9\u03b1\u03ba\u03ad\u03c2 \u03b5\u03be \u03bf\u03c1\u03b9\u03c3\u03bc\u03bf\u03cd (digital by default) \u039f\u03c1\u03b9\u03c3\u03bc\u03cc\u03c2 \u039f\u03b9 \u03c5\u03c0\u03b7\u03c1\u03b5\u03c3\u03af\u03b5\u03c2 \u03c0\u03c1\u03ad\u03c0\u03b5\u03b9 \u03bd\u03b1 \u03c0\u03b1\u03c1\u03ad\u03c7\u03bf\u03bd\u03c4\u03b1\u03b9 \u03bc\u03ad\u03c3\u03c9 \u03c8\u03b7\u03c6\u03b9\u03b1\u03ba\u03ce\u03bd \u03ba\u03b1\u03bd\u03b1\u03bb\u03b9\u03ce\u03bd \u03c9\u03c2 \u03ba\u03b1\u03c4\u03b5\u03be\u03bf\u03c7\u03ae\u03bd \u03c0\u03c1\u03bf\u03c4\u03b9\u03bc\u03ce\u03bc\u03b5\u03bd\u03b7 \u03b5\u03c0\u03b9\u03bb\u03bf\u03b3\u03ae. \u03a4\u03bf \u03b3\u03b5\u03b3\u03bf\u03bd\u03cc\u03c2 \u03b1\u03c5\u03c4\u03cc \u03b4\u03b5\u03bd \u03b1\u03c0\u03bf\u03ba\u03bb\u03b5\u03af\u03b5\u03b9 \u03bb\u03bf\u03b9\u03c0\u03bf\u03cd\u03c2 \u03b4\u03b9\u03b1\u03cd\u03bb\u03bf\u03c5\u03c2 \u03b5\u03c0\u03b9\u03ba\u03bf\u03b9\u03bd\u03c9\u03bd\u03af\u03b1\u03c2 \u03b3\u03b9\u03b1 \u03c0\u03bf\u03bb\u03af\u03c4\u03b5\u03c2 \u03c0\u03bf\u03c5 \u03b4\u03b5\u03bd \u03b4\u03b9\u03b1\u03b8\u03ad\u03c4\u03bf\u03c5\u03bd \u03c0\u03c1\u03cc\u03c3\u03b2\u03b1\u03c3\u03b7 \u03c3\u03b5 \u03c8\u03b7\u03c6\u03b9\u03b1\u03ba\u03ac \u03ba\u03b1\u03bd\u03ac\u03bb\u03b9\u03b1 \u03ae \u03c0\u03bf\u03c5 \u03b5\u03c0\u03b9\u03b8\u03c5\u03bc\u03bf\u03cd\u03bd \u03bd\u03b1 \u03b5\u03c0\u03b9\u03ba\u03bf\u03b9\u03bd\u03c9\u03bd\u03bf\u03cd\u03bd \u03bc\u03b5 \u03c4\u03bf\u03c5\u03c2 \u03c6\u03bf\u03c1\u03b5\u03af\u03c2 \u03c4\u03bf\u03c5 \u0394\u03b7\u03bc\u03bf\u03c3\u03af\u03bf\u03c5 \u03bc\u03b5 \u03c6\u03c5\u03c3\u03b9\u03ba\u03cc \u03c4\u03c1\u03cc\u03c0\u03bf. \u03a5\u03c0\u03bf\u03ba\u03b5\u03af\u03bc\u03b5\u03bd\u03bf \u03b8\u03b5\u03c3\u03bc\u03b9\u03ba\u03cc \u03c0\u03bb\u03b1\u03af\u03c3\u03b9\u03bf \u039a\u03b1\u03bb\u03ad\u03c2 \u03c0\u03c1\u03b1\u03ba\u03c4\u03b9\u03ba\u03ad\u03c2<\/p>","protected":false},"author":1,"featured_media":0,"parent":0,"menu_order":0,"comment_status":"closed","ping_status":"closed","template":"wp-custom-template-different-header","meta":{"_uag_custom_page_level_css":"","footnotes":""},"class_list":["post-297","page","type-page","status-publish","hentry"],"uagb_featured_image_src":{"full":false,"thumbnail":false,"medium":false,"medium_large":false,"large":false,"1536x1536":false,"2048x2048":false,"etm-custom-language-flag":false,"gamipress-points":false,"gamipress-achievement":false,"gamipress-rank":false},"uagb_author_info":{"display_name":"admin","author_link":"https:\/\/opengovai4d.ellak.gr\/de\/author\/admin\/"},"uagb_comment_info":0,"uagb_excerpt":"\u03a5\u03c0\u03b7\u03c1\u03b5\u03c3\u03af\u03b5\u03c2 \u03c8\u03b7\u03c6\u03b9\u03b1\u03ba\u03ad\u03c2 \u03b5\u03be \u03bf\u03c1\u03b9\u03c3\u03bc\u03bf\u03cd (digital by default) \u039f\u03c1\u03b9\u03c3\u03bc\u03cc\u03c2 \u039f\u03b9 \u03c5\u03c0\u03b7\u03c1\u03b5\u03c3\u03af\u03b5\u03c2 \u03c0\u03c1\u03ad\u03c0\u03b5\u03b9 \u03bd\u03b1 \u03c0\u03b1\u03c1\u03ad\u03c7\u03bf\u03bd\u03c4\u03b1\u03b9 \u03bc\u03ad\u03c3\u03c9 \u03c8\u03b7\u03c6\u03b9\u03b1\u03ba\u03ce\u03bd \u03ba\u03b1\u03bd\u03b1\u03bb\u03b9\u03ce\u03bd \u03c9\u03c2 \u03ba\u03b1\u03c4\u03b5\u03be\u03bf\u03c7\u03ae\u03bd \u03c0\u03c1\u03bf\u03c4\u03b9\u03bc\u03ce\u03bc\u03b5\u03bd\u03b7 \u03b5\u03c0\u03b9\u03bb\u03bf\u03b3\u03ae. \u03a4\u03bf \u03b3\u03b5\u03b3\u03bf\u03bd\u03cc\u03c2 \u03b1\u03c5\u03c4\u03cc \u03b4\u03b5\u03bd \u03b1\u03c0\u03bf\u03ba\u03bb\u03b5\u03af\u03b5\u03b9 \u03bb\u03bf\u03b9\u03c0\u03bf\u03cd\u03c2 \u03b4\u03b9\u03b1\u03cd\u03bb\u03bf\u03c5\u03c2 \u03b5\u03c0\u03b9\u03ba\u03bf\u03b9\u03bd\u03c9\u03bd\u03af\u03b1\u03c2 \u03b3\u03b9\u03b1 \u03c0\u03bf\u03bb\u03af\u03c4\u03b5\u03c2 \u03c0\u03bf\u03c5 \u03b4\u03b5\u03bd \u03b4\u03b9\u03b1\u03b8\u03ad\u03c4\u03bf\u03c5\u03bd \u03c0\u03c1\u03cc\u03c3\u03b2\u03b1\u03c3\u03b7 \u03c3\u03b5 \u03c8\u03b7\u03c6\u03b9\u03b1\u03ba\u03ac \u03ba\u03b1\u03bd\u03ac\u03bb\u03b9\u03b1 \u03ae \u03c0\u03bf\u03c5 \u03b5\u03c0\u03b9\u03b8\u03c5\u03bc\u03bf\u03cd\u03bd \u03bd\u03b1 \u03b5\u03c0\u03b9\u03ba\u03bf\u03b9\u03bd\u03c9\u03bd\u03bf\u03cd\u03bd \u03bc\u03b5 \u03c4\u03bf\u03c5\u03c2 \u03c6\u03bf\u03c1\u03b5\u03af\u03c2 \u03c4\u03bf\u03c5 \u0394\u03b7\u03bc\u03bf\u03c3\u03af\u03bf\u03c5 \u03bc\u03b5 \u03c6\u03c5\u03c3\u03b9\u03ba\u03cc \u03c4\u03c1\u03cc\u03c0\u03bf. \u03a5\u03c0\u03bf\u03ba\u03b5\u03af\u03bc\u03b5\u03bd\u03bf \u03b8\u03b5\u03c3\u03bc\u03b9\u03ba\u03cc \u03c0\u03bb\u03b1\u03af\u03c3\u03b9\u03bf \u039a\u03b1\u03bb\u03ad\u03c2 \u03c0\u03c1\u03b1\u03ba\u03c4\u03b9\u03ba\u03ad\u03c2","_links":{"self":[{"href":"https:\/\/opengovai4d.ellak.gr\/de\/wp-json\/wp\/v2\/pages\/297","targetHints":{"allow":["GET"]}}],"collection":[{"href":"https:\/\/opengovai4d.ellak.gr\/de\/wp-json\/wp\/v2\/pages"}],"about":[{"href":"https:\/\/opengovai4d.ellak.gr\/de\/wp-json\/wp\/v2\/types\/page"}],"author":[{"embeddable":true,"href":"https:\/\/opengovai4d.ellak.gr\/de\/wp-json\/wp\/v2\/users\/1"}],"replies":[{"embeddable":true,"href":"https:\/\/opengovai4d.ellak.gr\/de\/wp-json\/wp\/v2\/comments?post=297"}],"version-history":[{"count":5,"href":"https:\/\/opengovai4d.ellak.gr\/de\/wp-json\/wp\/v2\/pages\/297\/revisions"}],"predecessor-version":[{"id":753,"href":"https:\/\/opengovai4d.ellak.gr\/de\/wp-json\/wp\/v2\/pages\/297\/revisions\/753"}],"wp:attachment":[{"href":"https:\/\/opengovai4d.ellak.gr\/de\/wp-json\/wp\/v2\/media?parent=297"}],"curies":[{"name":"wp","href":"https:\/\/api.w.org\/{rel}","templated":true}]}}