{"id":264,"date":"2024-10-07T12:26:35","date_gmt":"2024-10-07T12:26:35","guid":{"rendered":"http:\/\/localhost:8000\/?page_id=264"},"modified":"2026-04-15T14:28:52","modified_gmt":"2026-04-15T14:28:52","slug":"deliberations","status":"publish","type":"page","link":"https:\/\/opengovai4d.ellak.gr\/de\/deliberations\/","title":{"rendered":"Deliberations"},"content":{"rendered":"<div class=\"wp-block-group alignfull has-global-padding is-layout-constrained wp-container-core-group-is-layout-2ce15999 wp-block-group-is-layout-constrained\" style=\"padding-top:var(--wp--preset--spacing--30);padding-bottom:var(--wp--preset--spacing--30)\">\n<div class=\"wp-block-group alignwide is-layout-flow wp-block-group-is-layout-flow\">\n<h2 class=\"wp-block-heading\" style=\"font-style:normal;font-weight:500\"><strong><mark style=\"background-color:#00b0f0\" class=\"has-inline-color\">Konsultationen<\/mark><\/strong><\/h2>\n\n\n\n<div class=\"wp-block-uagb-container uagb-block-7cd09ea7 alignfull uagb-is-root-container\"><div class=\"uagb-container-inner-blocks-wrap\"><\/div><\/div>\n\n\n\n<div class=\"wp-block-uagb-container uagb-block-4d53b35c alignfull uagb-is-root-container\"><div class=\"uagb-container-inner-blocks-wrap\">\n<div class=\"wp-block-query is-layout-flow wp-block-query-is-layout-flow\"><ul class=\"wp-block-post-template is-layout-flow wp-block-post-template-is-layout-flow\"><li class=\"wp-block-post post-759 post type-post status-publish format-standard has-post-thumbnail hentry category-health-ministry tag-deliberation\">\n\n<div class=\"wp-block-group has-base-2-background-color has-background is-layout-flow wp-block-group-is-layout-flow\" style=\"border-top-left-radius:5px;border-top-right-radius:5px;border-bottom-left-radius:5px;border-bottom-right-radius:5px;padding-top:var(--wp--preset--spacing--10);padding-right:var(--wp--preset--spacing--10);padding-bottom:var(--wp--preset--spacing--10);padding-left:var(--wp--preset--spacing--10)\">\n<div class=\"wp-block-group is-nowrap is-layout-flex wp-container-core-group-is-layout-6c531013 wp-block-group-is-layout-flex\">\n<div class=\"wp-block-group wp-container-content-9cfa9a5a is-nowrap is-layout-flex wp-container-core-group-is-layout-6c531013 wp-block-group-is-layout-flex\"><div style=\"border-right-width:2px;\" class=\"wp-block-post-date wp-container-content-9cfa9a5a\"><time datetime=\"2024-10-21T09:29:49+00:00\">Oktober 21, 2024<\/time><\/div>\n\n<div class=\"wp-block-post-date wp-container-content-9cfa9a5a\"><time datetime=\"2026-04-08T09:24:35.409Z\">8. April 2026<\/time><\/div><\/div>\n\n\n\n<div class=\"wp-block-group has-small-font-size wp-container-content-9cfa9a5a is-nowrap is-layout-flex wp-container-core-group-is-layout-6c531013 wp-block-group-is-layout-flex\">\n<p class=\"has-text-align-right\">Anzahl der Kommentare:<\/p>\n\n\n<span class=\"sbs-count-comments\">0<\/span>\n<\/div>\n<\/div>\n\n\n<h3 class=\"wp-block-post-title\"><a href=\"https:\/\/opengovai4d.ellak.gr\/de\/testing\/\" target=\"_self\" >\u00d6ffentliche Online-Konsultation zu dem Vorschlag zur Einrichtung eines multilateralen Forums f\u00fcr eine offene Regierung (OGP MSF) in Griechenland<\/a><\/h3>\n\n\n<hr class=\"wp-block-separator has-text-color has-custom-primary-color has-alpha-channel-opacity has-custom-primary-background-color has-background is-style-wide\"\/>\n\n\n<div class=\"wp-block-post-excerpt\"><p class=\"wp-block-post-excerpt__excerpt\">EELLAK (Open Technologies Organization \/ GFOSS) startet im Rahmen des europ\u00e4ischen Forschungsprojekts AI4Deliberation (HORIZON Europe, Grant Agreement No. 101178806) eine \u00f6ffentliche Online-Konsultation zum Vorschlag f\u00fcr die Einrichtung des Multilateral Open Government Forum of Greece. Ein Vorschlag wurde dem Ministerium f\u00fcr digitale Governance im Dezember 2025 vorgelegt und wird derzeit in \u2026 er\u00f6rtert. <\/p><\/div><\/div>\n\n<\/li><\/ul>\n\n\n\n<\/div>\n<\/div><\/div>\n<\/div>\n<\/div>","protected":false},"excerpt":{"rendered":"<p>Konsultationen<\/p>","protected":false},"author":1,"featured_media":0,"parent":0,"menu_order":0,"comment_status":"closed","ping_status":"closed","template":"wp-custom-template-different-header","meta":{"_uag_custom_page_level_css":"","footnotes":""},"class_list":["post-264","page","type-page","status-publish","hentry"],"uagb_featured_image_src":{"full":false,"thumbnail":false,"medium":false,"medium_large":false,"large":false,"1536x1536":false,"2048x2048":false,"etm-custom-language-flag":false,"gamipress-points":false,"gamipress-achievement":false,"gamipress-rank":false},"uagb_author_info":{"display_name":"admin","author_link":"https:\/\/opengovai4d.ellak.gr\/de\/author\/admin\/"},"uagb_comment_info":0,"uagb_excerpt":"\u0394\u03b9\u03b1\u03b2\u03bf\u03c5\u03bb\u03b5\u03cd\u03c3\u03b5\u03b9\u03c2","_links":{"self":[{"href":"https:\/\/opengovai4d.ellak.gr\/de\/wp-json\/wp\/v2\/pages\/264","targetHints":{"allow":["GET"]}}],"collection":[{"href":"https:\/\/opengovai4d.ellak.gr\/de\/wp-json\/wp\/v2\/pages"}],"about":[{"href":"https:\/\/opengovai4d.ellak.gr\/de\/wp-json\/wp\/v2\/types\/page"}],"author":[{"embeddable":true,"href":"https:\/\/opengovai4d.ellak.gr\/de\/wp-json\/wp\/v2\/users\/1"}],"replies":[{"embeddable":true,"href":"https:\/\/opengovai4d.ellak.gr\/de\/wp-json\/wp\/v2\/comments?post=264"}],"version-history":[{"count":35,"href":"https:\/\/opengovai4d.ellak.gr\/de\/wp-json\/wp\/v2\/pages\/264\/revisions"}],"predecessor-version":[{"id":1656,"href":"https:\/\/opengovai4d.ellak.gr\/de\/wp-json\/wp\/v2\/pages\/264\/revisions\/1656"}],"wp:attachment":[{"href":"https:\/\/opengovai4d.ellak.gr\/de\/wp-json\/wp\/v2\/media?parent=264"}],"curies":[{"name":"wp","href":"https:\/\/api.w.org\/{rel}","templated":true}]}}