{"id":252,"date":"2024-10-07T09:27:56","date_gmt":"2024-10-07T09:27:56","guid":{"rendered":"http:\/\/localhost:8000\/?page_id=252"},"modified":"2026-04-07T11:32:34","modified_gmt":"2026-04-07T11:32:34","slug":"getting-starting","status":"publish","type":"page","link":"https:\/\/opengovai4d.ellak.gr\/de\/getting-starting\/","title":{"rendered":"Getting starting"},"content":{"rendered":"<div class=\"wp-block-group alignfull has-global-padding is-layout-constrained wp-container-core-group-is-layout-2ce15999 wp-block-group-is-layout-constrained\" style=\"padding-top:var(--wp--preset--spacing--30);padding-bottom:var(--wp--preset--spacing--30)\">\n<div class=\"wp-block-group alignwide is-layout-flow wp-block-group-is-layout-flow\">\n<h2 class=\"wp-block-heading\" style=\"font-style:normal;font-weight:500\">Beginn<\/h2>\n\n\n\n<div class=\"wp-block-group is-layout-flow wp-block-group-is-layout-flow\">\n<p>Um die Massenbetrachtung mit k\u00fcnstlicher Intelligenz zu unterst\u00fctzen, haben wir die folgenden Tools verwendet, die als Plugins implementiert wurden, damit sie f\u00fcr das griechische Pilotdesign in WordPress integriert werden k\u00f6nnen.<\/p>\n\n\n\n<div class=\"wp-block-group is-layout-grid wp-container-core-group-is-layout-a935604d wp-block-group-is-layout-grid\">\n<div class=\"wp-block-group custom-card has-global-padding is-layout-constrained wp-block-group-is-layout-constrained\">\n<h3 class=\"wp-block-heading\"><strong>Zusammenfassung<\/strong><\/h3>\n\n\n\n<p>Das Plugin, mit dem wir eine Zusammenfassung erstellen, sammelt die zu einer Konsultation eingereichten Kommentare und organisiert sie in Form einer Zusammenfassung. Sobald der Prozess abgeschlossen ist, steht die Zusammenfassung f\u00fcr den Systembenutzer zum Herunterladen und Lesen zur Verf\u00fcgung.<\/p>\n<\/div>\n\n\n\n<div class=\"wp-block-group custom-card has-global-padding is-layout-constrained wp-block-group-is-layout-constrained\">\n<h3 class=\"wp-block-heading\"><strong>Informaton-Extraktion<\/strong><\/h3>\n\n\n\n<p>Das Informationsextraktions-Plugin verwendet k\u00fcnstliche Intelligenz, um wichtige Orte zu identifizieren und Aufz\u00e4hlungspunkte aus jedem Kommentar zu erstellen. Am Ende wird ein \u00dcberblick \u00fcber die Konsultation gegeben.<\/p>\n<\/div>\n\n\n\n<div class=\"wp-block-group custom-card has-global-padding is-layout-constrained wp-block-group-is-layout-constrained\">\n<h3 class=\"wp-block-heading\"><strong>Moderation<\/strong><\/h3>\n\n\n\n<p>Dieses Plugin ist nur f\u00fcr den Website-Administrator (Admin) oder Moderator (Moderator) zug\u00e4nglich. Wenn ein Benutzer einen Kommentar einreicht, wird er zur Analyse gesendet. Wenn der Inhalt als sicher gilt, wird er als \u201esauber\u201c gekennzeichnet, andernfalls als \u201egeflaggt\u201c.<\/p>\n<\/div>\n\n\n\n<div class=\"wp-block-group custom-card has-global-padding is-layout-constrained wp-block-group-is-layout-constrained\">\n<h3 class=\"wp-block-heading\"><strong>Gamification<\/strong><\/h3>\n\n\n\n<p>Dieses Plugin verwendet keine k\u00fcnstliche Intelligenz. Es wurde mit dem Ziel geschaffen, die Beteiligung der Nutzer an Konsultationen zu verbessern. Es bietet Funktionen wie Aufgaben, Nivellierungssystem, Upvote \/ Downvote sowie Badges.<\/p>\n<\/div>\n<\/div>\n<\/div>\n<\/div>\n<\/div>\n\n\n\n<p><\/p>","protected":false},"excerpt":{"rendered":"<p>\u039e\u03b5\u03ba\u03b9\u03bd\u03ce\u03bd\u03c4\u03b1\u03c2 \u039c\u03b5 \u03c3\u03ba\u03bf\u03c0\u03cc \u03bd\u03b1 \u03c5\u03c0\u03bf\u03c3\u03c4\u03b7\u03c1\u03af\u03be\u03bf\u03c5\u03bc\u03b5 \u03c4\u03b7 \u03bc\u03b1\u03b6\u03b9\u03ba\u03ae \u03b4\u03b9\u03b1\u03b2\u03bf\u03cd\u03bb\u03b5\u03c5\u03c3\u03b7 (mass deliberation) \u03bc\u03b5 \u03c4\u03b7 \u03c7\u03c1\u03ae\u03c3\u03b7 \u03c4\u03b5\u03c7\u03bd\u03b7\u03c4\u03ae\u03c2 \u03bd\u03bf\u03b7\u03bc\u03bf\u03c3\u03cd\u03bd\u03b7\u03c2, \u03c7\u03c1\u03b7\u03c3\u03b9\u03bc\u03bf\u03c0\u03bf\u03b9\u03ae\u03c3\u03b1\u03bc\u03b5 \u03c4\u03b1 \u03c0\u03b1\u03c1\u03b1\u03ba\u03ac\u03c4\u03c9 \u03b5\u03c1\u03b3\u03b1\u03bb\u03b5\u03af\u03b1, \u03c4\u03b1 \u03bf\u03c0\u03bf\u03af\u03b1 \u03c5\u03bb\u03bf\u03c0\u03bf\u03b9\u03ae\u03b8\u03b7\u03ba\u03b1\u03bd \u03c9\u03c2 \u03c0\u03c1\u03cc\u03c3\u03b8\u03b5\u03c4\u03b1 (plugins) \u03ce\u03c3\u03c4\u03b5 \u03bd\u03b1 \u03bc\u03c0\u03bf\u03c1\u03bf\u03cd\u03bd \u03bd\u03b1 \u03b5\u03bd\u03c3\u03c9\u03bc\u03b1\u03c4\u03c9\u03b8\u03bf\u03cd\u03bd \u03c3\u03c4\u03bf WordPress \u03b3\u03b9\u03b1 \u03c4\u03bf\u03bd \u03b5\u03bb\u03bb\u03b7\u03bd\u03b9\u03ba\u03cc \u03c0\u03b9\u03bb\u03bf\u03c4\u03b9\u03ba\u03cc \u03c3\u03c7\u03b5\u03b4\u03b9\u03b1\u03c3\u03bc\u03cc. Summary \u03a4\u03bf plugin \u03c0\u03bf\u03c5 \u03c7\u03c1\u03b7\u03c3\u03b9\u03bc\u03bf\u03c0\u03bf\u03b9\u03bf\u03cd\u03bc\u03b5 \u03b3\u03b9\u03b1 \u03c4\u03b7 \u03b4\u03b7\u03bc\u03b9\u03bf\u03c5\u03c1\u03b3\u03af\u03b1 \u03c0\u03b5\u03c1\u03af\u03bb\u03b7\u03c8\u03b7\u03c2 \u03c3\u03c5\u03bb\u03bb\u03ad\u03b3\u03b5\u03b9 \u03c4\u03b1 \u03c3\u03c7\u03cc\u03bb\u03b9\u03b1 \u03c0\u03bf\u03c5 \u03c5\u03c0\u03bf\u03b2\u03ac\u03bb\u03bb\u03bf\u03bd\u03c4\u03b1\u03b9 \u03c3\u03b5 \u03bc\u03b9\u03b1 \u03b4\u03b9\u03b1\u03b2\u03bf\u03cd\u03bb\u03b5\u03c5\u03c3\u03b7 \u03ba\u03b1\u03b9 [&hellip;]<\/p>","protected":false},"author":1,"featured_media":0,"parent":0,"menu_order":0,"comment_status":"closed","ping_status":"closed","template":"wp-custom-template-different-header","meta":{"_uag_custom_page_level_css":"","footnotes":""},"class_list":["post-252","page","type-page","status-publish","hentry"],"uagb_featured_image_src":{"full":false,"thumbnail":false,"medium":false,"medium_large":false,"large":false,"1536x1536":false,"2048x2048":false,"etm-custom-language-flag":false,"gamipress-points":false,"gamipress-achievement":false,"gamipress-rank":false},"uagb_author_info":{"display_name":"admin","author_link":"https:\/\/opengovai4d.ellak.gr\/de\/author\/admin\/"},"uagb_comment_info":0,"uagb_excerpt":"\u039e\u03b5\u03ba\u03b9\u03bd\u03ce\u03bd\u03c4\u03b1\u03c2 \u039c\u03b5 \u03c3\u03ba\u03bf\u03c0\u03cc \u03bd\u03b1 \u03c5\u03c0\u03bf\u03c3\u03c4\u03b7\u03c1\u03af\u03be\u03bf\u03c5\u03bc\u03b5 \u03c4\u03b7 \u03bc\u03b1\u03b6\u03b9\u03ba\u03ae \u03b4\u03b9\u03b1\u03b2\u03bf\u03cd\u03bb\u03b5\u03c5\u03c3\u03b7 (mass deliberation) \u03bc\u03b5 \u03c4\u03b7 \u03c7\u03c1\u03ae\u03c3\u03b7 \u03c4\u03b5\u03c7\u03bd\u03b7\u03c4\u03ae\u03c2 \u03bd\u03bf\u03b7\u03bc\u03bf\u03c3\u03cd\u03bd\u03b7\u03c2, \u03c7\u03c1\u03b7\u03c3\u03b9\u03bc\u03bf\u03c0\u03bf\u03b9\u03ae\u03c3\u03b1\u03bc\u03b5 \u03c4\u03b1 \u03c0\u03b1\u03c1\u03b1\u03ba\u03ac\u03c4\u03c9 \u03b5\u03c1\u03b3\u03b1\u03bb\u03b5\u03af\u03b1, \u03c4\u03b1 \u03bf\u03c0\u03bf\u03af\u03b1 \u03c5\u03bb\u03bf\u03c0\u03bf\u03b9\u03ae\u03b8\u03b7\u03ba\u03b1\u03bd \u03c9\u03c2 \u03c0\u03c1\u03cc\u03c3\u03b8\u03b5\u03c4\u03b1 (plugins) \u03ce\u03c3\u03c4\u03b5 \u03bd\u03b1 \u03bc\u03c0\u03bf\u03c1\u03bf\u03cd\u03bd \u03bd\u03b1 \u03b5\u03bd\u03c3\u03c9\u03bc\u03b1\u03c4\u03c9\u03b8\u03bf\u03cd\u03bd \u03c3\u03c4\u03bf WordPress \u03b3\u03b9\u03b1 \u03c4\u03bf\u03bd \u03b5\u03bb\u03bb\u03b7\u03bd\u03b9\u03ba\u03cc \u03c0\u03b9\u03bb\u03bf\u03c4\u03b9\u03ba\u03cc \u03c3\u03c7\u03b5\u03b4\u03b9\u03b1\u03c3\u03bc\u03cc. Summary \u03a4\u03bf plugin \u03c0\u03bf\u03c5 \u03c7\u03c1\u03b7\u03c3\u03b9\u03bc\u03bf\u03c0\u03bf\u03b9\u03bf\u03cd\u03bc\u03b5 \u03b3\u03b9\u03b1 \u03c4\u03b7 \u03b4\u03b7\u03bc\u03b9\u03bf\u03c5\u03c1\u03b3\u03af\u03b1 \u03c0\u03b5\u03c1\u03af\u03bb\u03b7\u03c8\u03b7\u03c2 \u03c3\u03c5\u03bb\u03bb\u03ad\u03b3\u03b5\u03b9 \u03c4\u03b1 \u03c3\u03c7\u03cc\u03bb\u03b9\u03b1 \u03c0\u03bf\u03c5 \u03c5\u03c0\u03bf\u03b2\u03ac\u03bb\u03bb\u03bf\u03bd\u03c4\u03b1\u03b9 \u03c3\u03b5 \u03bc\u03b9\u03b1 \u03b4\u03b9\u03b1\u03b2\u03bf\u03cd\u03bb\u03b5\u03c5\u03c3\u03b7 \u03ba\u03b1\u03b9&hellip;","_links":{"self":[{"href":"https:\/\/opengovai4d.ellak.gr\/de\/wp-json\/wp\/v2\/pages\/252","targetHints":{"allow":["GET"]}}],"collection":[{"href":"https:\/\/opengovai4d.ellak.gr\/de\/wp-json\/wp\/v2\/pages"}],"about":[{"href":"https:\/\/opengovai4d.ellak.gr\/de\/wp-json\/wp\/v2\/types\/page"}],"author":[{"embeddable":true,"href":"https:\/\/opengovai4d.ellak.gr\/de\/wp-json\/wp\/v2\/users\/1"}],"replies":[{"embeddable":true,"href":"https:\/\/opengovai4d.ellak.gr\/de\/wp-json\/wp\/v2\/comments?post=252"}],"version-history":[{"count":40,"href":"https:\/\/opengovai4d.ellak.gr\/de\/wp-json\/wp\/v2\/pages\/252\/revisions"}],"predecessor-version":[{"id":1408,"href":"https:\/\/opengovai4d.ellak.gr\/de\/wp-json\/wp\/v2\/pages\/252\/revisions\/1408"}],"wp:attachment":[{"href":"https:\/\/opengovai4d.ellak.gr\/de\/wp-json\/wp\/v2\/media?parent=252"}],"curies":[{"name":"wp","href":"https:\/\/api.w.org\/{rel}","templated":true}]}}