{"id":247,"date":"2024-10-07T09:09:10","date_gmt":"2024-10-07T09:09:10","guid":{"rendered":"http:\/\/localhost:8000\/?page_id=247"},"modified":"2026-04-07T11:01:29","modified_gmt":"2026-04-07T11:01:29","slug":"discover-our-vision","status":"publish","type":"page","link":"https:\/\/opengovai4d.ellak.gr\/de\/discover-our-vision\/","title":{"rendered":"Discover our vision"},"content":{"rendered":"<div class=\"wp-block-group alignfull is-layout-flow wp-container-core-group-is-layout-9c724723 wp-block-group-is-layout-flow\" style=\"padding-top:var(--wp--preset--spacing--60);padding-right:var(--wp--preset--spacing--60);padding-bottom:var(--wp--preset--spacing--60);padding-left:var(--wp--preset--spacing--60)\">\n<div class=\"wp-block-group alignwide is-layout-flow wp-block-group-is-layout-flow\">\n<h2 class=\"wp-block-heading\" style=\"font-style:normal;font-weight:500\">Entdecken Sie unsere Vision<\/h2>\n<\/div>\n\n\n\n<div class=\"wp-block-group alignwide is-layout-flow wp-block-group-is-layout-flow\">\n<p>Diese Website ist eine Demo, die im Rahmen des AI4Deliberation-Projekts erstellt wurde. Und es zielt darauf ab, einige Tools\/Plugins zu testen, die k\u00fcnstliche Intelligenz bei Konsultationen verwenden.<\/p>\n<\/div>\n\n\n\n<h2 class=\"wp-block-heading\" style=\"font-style:normal;font-weight:500\">Ein paar Worte zu AI4Deliberation<\/h2>\n\n\n\n<p>Das AI4Deliberation-Programm zielt darauf ab, zuverl\u00e4ssige und ethische KI-Instrumente sowie detaillierte Leitlinien bereitzustellen, um Regierungen bei der Institutionalisierung, Umsetzung und Bewertung multimodaler, gamifizierter und gro\u00df angelegter Konsultationen zu unterst\u00fctzen. Die Vision des Projekts ist es, Regierungen mit einer fundierten und empirisch validierten Reihe von Konsultationspraktiken zu bef\u00e4higen, die auf k\u00fcnstlicher Intelligenz basieren. Dazu geh\u00f6ren ein umfassender Rahmen mit praktischen Leitlinien und eine Reihe von Instrumenten der k\u00fcnstlichen Intelligenz, die Regierungen dabei helfen sollen, transparente, ethische und inklusive multimodale Konsultationen mit Spielelementen zu erstellen, einzurichten, zu verwalten und zu bewerten.<\/p>\n<\/div>\n\n\n\n<p><\/p>","protected":false},"excerpt":{"rendered":"<p>\u0391\u03bd\u03b1\u03ba\u03b1\u03bb\u03cd\u03c8\u03c4\u03b5 \u03c4\u03bf \u03cc\u03c1\u03b1\u03bc\u03b1 \u03bc\u03b1\u03c2 \u03a4\u03bf \u03c0\u03b1\u03c1\u03cc\u03bd site \u03b1\u03c0\u03bf\u03c4\u03b5\u03bb\u03b5\u03af \u03ad\u03bd\u03b1 demo \u03c4\u03bf \u03bf\u03c0\u03bf\u03af\u03bf \u03b4\u03b7\u03bc\u03b9\u03bf\u03c5\u03c1\u03b3\u03ae\u03b8\u03b7\u03ba\u03b5 \u03c3\u03c4\u03b1 \u03c0\u03bb\u03b1\u03af\u03c3\u03b9\u03b1 \u03c4\u03bf\u03c5 \u03ad\u03c1\u03b3\u03bf\u03c5 AI4Deliberation. \u039a\u03b1\u03b9 \u03ad\u03c7\u03b5\u03b9 \u03c9\u03c2 \u03c3\u03ba\u03bf\u03c0\u03cc \u03bd\u03b1 \u03b4\u03bf\u03ba\u03b9\u03bc\u03ac\u03c3\u03b5\u03b9 \u03ba\u03ac\u03c0\u03bf\u03b9\u03b1 \u03b5\u03c1\u03b3\u03b1\u03bb\u03b5\u03af\u03b1\/ Plugins \u03c4\u03b1 \u03bf\u03c0\u03bf\u03af\u03b1 \u03c7\u03c1\u03b7\u03c3\u03b9\u03bc\u03bf\u03c0\u03bf\u03b9\u03bf\u03cd\u03bd \u03c4\u03b5\u03c7\u03bd\u03b9\u03c4\u03ae \u03bd\u03bf\u03b7\u03bc\u03bf\u03c3\u03cd\u03bd\u03b7 \u03c0\u03ac\u03bd\u03c9 \u03c3\u03b5 \u03b4\u03b9\u03b1\u03b2\u03bf\u03c5\u03bb\u03b5\u03cd\u03c3\u03b5\u03b9\u03c2. \u039b\u03af\u03b3\u03b1 \u03bb\u03cc\u03b3\u03b9\u03b1 \u03b3\u03b9\u03b1 \u03c4\u03bf AI4Deliberation \u03a4\u03bf \u03c0\u03c1\u03cc\u03b3\u03c1\u03b1\u03bc\u03bc\u03b1 AI4Deliberation \u03ad\u03c7\u03b5\u03b9 \u03c9\u03c2 \u03c3\u03c4\u03cc\u03c7\u03bf \u03bd\u03b1 \u03c0\u03c1\u03bf\u03c3\u03c6\u03ad\u03c1\u03b5\u03b9 \u03b1\u03be\u03b9\u03cc\u03c0\u03b9\u03c3\u03c4\u03b1 \u03ba\u03b1\u03b9 \u03b7\u03b8\u03b9\u03ba\u03ac \u03b5\u03c1\u03b3\u03b1\u03bb\u03b5\u03af\u03b1 \u03c4\u03b5\u03c7\u03bd\u03b7\u03c4\u03ae\u03c2 \u03bd\u03bf\u03b7\u03bc\u03bf\u03c3\u03cd\u03bd\u03b7\u03c2, \u03ba\u03b1\u03b8\u03ce\u03c2 [&hellip;]<\/p>","protected":false},"author":1,"featured_media":0,"parent":0,"menu_order":0,"comment_status":"closed","ping_status":"closed","template":"wp-custom-template-different-header","meta":{"_uag_custom_page_level_css":"","footnotes":""},"class_list":["post-247","page","type-page","status-publish","hentry"],"uagb_featured_image_src":{"full":false,"thumbnail":false,"medium":false,"medium_large":false,"large":false,"1536x1536":false,"2048x2048":false,"etm-custom-language-flag":false,"gamipress-points":false,"gamipress-achievement":false,"gamipress-rank":false},"uagb_author_info":{"display_name":"admin","author_link":"https:\/\/opengovai4d.ellak.gr\/de\/author\/admin\/"},"uagb_comment_info":0,"uagb_excerpt":"\u0391\u03bd\u03b1\u03ba\u03b1\u03bb\u03cd\u03c8\u03c4\u03b5 \u03c4\u03bf \u03cc\u03c1\u03b1\u03bc\u03b1 \u03bc\u03b1\u03c2 \u03a4\u03bf \u03c0\u03b1\u03c1\u03cc\u03bd site \u03b1\u03c0\u03bf\u03c4\u03b5\u03bb\u03b5\u03af \u03ad\u03bd\u03b1 demo \u03c4\u03bf \u03bf\u03c0\u03bf\u03af\u03bf \u03b4\u03b7\u03bc\u03b9\u03bf\u03c5\u03c1\u03b3\u03ae\u03b8\u03b7\u03ba\u03b5 \u03c3\u03c4\u03b1 \u03c0\u03bb\u03b1\u03af\u03c3\u03b9\u03b1 \u03c4\u03bf\u03c5 \u03ad\u03c1\u03b3\u03bf\u03c5 AI4Deliberation. \u039a\u03b1\u03b9 \u03ad\u03c7\u03b5\u03b9 \u03c9\u03c2 \u03c3\u03ba\u03bf\u03c0\u03cc \u03bd\u03b1 \u03b4\u03bf\u03ba\u03b9\u03bc\u03ac\u03c3\u03b5\u03b9 \u03ba\u03ac\u03c0\u03bf\u03b9\u03b1 \u03b5\u03c1\u03b3\u03b1\u03bb\u03b5\u03af\u03b1\/ Plugins \u03c4\u03b1 \u03bf\u03c0\u03bf\u03af\u03b1 \u03c7\u03c1\u03b7\u03c3\u03b9\u03bc\u03bf\u03c0\u03bf\u03b9\u03bf\u03cd\u03bd \u03c4\u03b5\u03c7\u03bd\u03b9\u03c4\u03ae \u03bd\u03bf\u03b7\u03bc\u03bf\u03c3\u03cd\u03bd\u03b7 \u03c0\u03ac\u03bd\u03c9 \u03c3\u03b5 \u03b4\u03b9\u03b1\u03b2\u03bf\u03c5\u03bb\u03b5\u03cd\u03c3\u03b5\u03b9\u03c2. \u039b\u03af\u03b3\u03b1 \u03bb\u03cc\u03b3\u03b9\u03b1 \u03b3\u03b9\u03b1 \u03c4\u03bf AI4Deliberation \u03a4\u03bf \u03c0\u03c1\u03cc\u03b3\u03c1\u03b1\u03bc\u03bc\u03b1 AI4Deliberation \u03ad\u03c7\u03b5\u03b9 \u03c9\u03c2 \u03c3\u03c4\u03cc\u03c7\u03bf \u03bd\u03b1 \u03c0\u03c1\u03bf\u03c3\u03c6\u03ad\u03c1\u03b5\u03b9 \u03b1\u03be\u03b9\u03cc\u03c0\u03b9\u03c3\u03c4\u03b1 \u03ba\u03b1\u03b9 \u03b7\u03b8\u03b9\u03ba\u03ac \u03b5\u03c1\u03b3\u03b1\u03bb\u03b5\u03af\u03b1 \u03c4\u03b5\u03c7\u03bd\u03b7\u03c4\u03ae\u03c2 \u03bd\u03bf\u03b7\u03bc\u03bf\u03c3\u03cd\u03bd\u03b7\u03c2, \u03ba\u03b1\u03b8\u03ce\u03c2&hellip;","_links":{"self":[{"href":"https:\/\/opengovai4d.ellak.gr\/de\/wp-json\/wp\/v2\/pages\/247","targetHints":{"allow":["GET"]}}],"collection":[{"href":"https:\/\/opengovai4d.ellak.gr\/de\/wp-json\/wp\/v2\/pages"}],"about":[{"href":"https:\/\/opengovai4d.ellak.gr\/de\/wp-json\/wp\/v2\/types\/page"}],"author":[{"embeddable":true,"href":"https:\/\/opengovai4d.ellak.gr\/de\/wp-json\/wp\/v2\/users\/1"}],"replies":[{"embeddable":true,"href":"https:\/\/opengovai4d.ellak.gr\/de\/wp-json\/wp\/v2\/comments?post=247"}],"version-history":[{"count":8,"href":"https:\/\/opengovai4d.ellak.gr\/de\/wp-json\/wp\/v2\/pages\/247\/revisions"}],"predecessor-version":[{"id":1403,"href":"https:\/\/opengovai4d.ellak.gr\/de\/wp-json\/wp\/v2\/pages\/247\/revisions\/1403"}],"wp:attachment":[{"href":"https:\/\/opengovai4d.ellak.gr\/de\/wp-json\/wp\/v2\/media?parent=247"}],"curies":[{"name":"wp","href":"https:\/\/api.w.org\/{rel}","templated":true}]}}