{"id":243,"date":"2024-10-07T09:03:58","date_gmt":"2024-10-07T09:03:58","guid":{"rendered":"http:\/\/localhost:8000\/?page_id=243"},"modified":"2024-11-07T21:56:42","modified_gmt":"2024-11-07T21:56:42","slug":"mosaico","status":"publish","type":"page","link":"https:\/\/opengovai4d.ellak.gr\/de\/mosaico\/","title":{"rendered":"\u03ba\u03bf\u03b9\u03bd\u03cc \u03c0\u03bb\u03b1\u03af\u03c3\u03b9\u03bf \u03c5\u03c0\u03b7\u03c1\u03b5\u03c3\u03b9\u03ce\u03bd"},"content":{"rendered":"<div class=\"wp-block-group alignfull has-global-padding is-layout-constrained wp-container-core-group-is-layout-6b9a723e wp-block-group-is-layout-constrained\" style=\"padding-top:var(--wp--preset--spacing--60);padding-bottom:var(--wp--preset--spacing--60)\">\n<div class=\"wp-block-group alignwide is-layout-flow wp-block-group-is-layout-flow\">\n<h2 class=\"wp-block-heading\" style=\"font-style:normal;font-weight:500\">Zum gemeinsamen Rahmen f\u00fcr Dienstleistungen<\/h2>\n<\/div>\n\n\n\n<div class=\"wp-block-group alignwide is-layout-flow wp-block-group-is-layout-flow\">\n<p>Der \u201eGemeinsame Dienstleistungsrahmen\u201c ist ein Rahmen der griechischen \u00f6ffentlichen Verwaltung, der das \u00d6kosystem darstellt, in dem digitale \u00f6ffentliche Dienste konzipiert und entwickelt werden. Insbesondere erfasst und spezifiziert es die beteiligten Personen und Organisationen, die implementierten Prozesse, die leitenden Prinzipien und die eingesetzte Technologie.\u00a0<br><br>Unsere Vision ist es, dass der \u201eGemeinsame Dienstleistungsrahmen\u201c das allgemein anerkannte Pilotprojekt f\u00fcr die Gestaltung und Umsetzung digitaler \u00f6ffentlicher Dienste ist. Es wird erwartet, dass seine Annahme und Nutzung durch alle griechischen \u00f6ffentlichen Einrichtungen zur Schaffung eines einheitlichen Images der griechischen \u00f6ffentlichen Verwaltung und zur Bereitstellung hochwertiger Dienstleistungen f\u00fcr B\u00fcrger und Unternehmen beitragen wird.<\/p>\n<\/div>\n<\/div>","protected":false},"excerpt":{"rendered":"<p>\u03a3\u03c7\u03b5\u03c4\u03b9\u03ba\u03ac \u03bc\u03b5 \u03c4\u03bf \u03ba\u03bf\u03b9\u03bd\u03cc \u03c0\u03bb\u03b1\u03af\u03c3\u03b9\u03bf \u03c5\u03c0\u03b7\u03c1\u03b5\u03c3\u03b9\u03ce\u03bd To \u201c\u039a\u03bf\u03b9\u03bd\u03cc \u03a0\u03bb\u03b1\u03af\u03c3\u03b9\u03bf \u03a5\u03c0\u03b7\u03c1\u03b5\u03c3\u03b9\u03ce\u03bd\u201d \u03b1\u03c0\u03bf\u03c4\u03b5\u03bb\u03b5\u03af \u03c0\u03bb\u03b1\u03af\u03c3\u03b9\u03bf \u03c4\u03b7\u03c2 \u03b5\u03bb\u03bb\u03b7\u03bd\u03b9\u03ba\u03ae\u03c2 \u0394\u03b7\u03bc\u03cc\u03c3\u03b9\u03b1\u03c2 \u0394\u03b9\u03bf\u03af\u03ba\u03b7\u03c3\u03b7\u03c2, \u03c0\u03bf\u03c5 \u03b1\u03bd\u03b1\u03c0\u03b1\u03c1\u03b9\u03c3\u03c4\u03ac \u03c4\u03bf \u03bf\u03b9\u03ba\u03bf\u03c3\u03cd\u03c3\u03c4\u03b7\u03bc\u03b1, \u03b5\u03bd\u03c4\u03cc\u03c2 \u03c4\u03bf\u03c5 \u03bf\u03c0\u03bf\u03af\u03bf\u03c5 \u03c3\u03c7\u03b5\u03b4\u03b9\u03ac\u03b6\u03bf\u03bd\u03c4\u03b1\u03b9 \u03ba\u03b1\u03b9 \u03b1\u03bd\u03b1\u03c0\u03c4\u03cd\u03c3\u03c3\u03bf\u03bd\u03c4\u03b1\u03b9 \u03bf\u03b9 \u03c8\u03b7\u03c6\u03b9\u03b1\u03ba\u03ad\u03c2 \u03b4\u03b7\u03bc\u03cc\u03c3\u03b9\u03b5\u03c2 \u03c5\u03c0\u03b7\u03c1\u03b5\u03c3\u03af\u03b5\u03c2. \u0395\u03b9\u03b4\u03b9\u03ba\u03cc\u03c4\u03b5\u03c1\u03b1, \u03b1\u03c0\u03bf\u03c4\u03c5\u03c0\u03ce\u03bd\u03b5\u03b9 \u03ba\u03b1\u03b9 \u03c0\u03c1\u03bf\u03b4\u03b9\u03b1\u03b3\u03c1\u03ac\u03c6\u03b5\u03b9 \u03c4\u03bf\u03c5\u03c2 \u03b5\u03bc\u03c0\u03bb\u03b5\u03ba\u03cc\u03bc\u03b5\u03bd\u03bf\u03c5\u03c2 \u03b1\u03bd\u03b8\u03c1\u03ce\u03c0\u03bf\u03c5\u03c2 \u03ba\u03b1\u03b9 \u03bf\u03c1\u03b3\u03b1\u03bd\u03b9\u03c3\u03bc\u03bf\u03cd\u03c2, \u03c4\u03b9\u03c2 \u03c5\u03bb\u03bf\u03c0\u03bf\u03b9\u03bf\u03cd\u03bc\u03b5\u03bd\u03b5\u03c2 \u03b4\u03b9\u03b1\u03b4\u03b9\u03ba\u03b1\u03c3\u03af\u03b5\u03c2, \u03c4\u03b9\u03c2 \u03b4\u03b9\u03ae\u03ba\u03bf\u03c5\u03c3\u03b5\u03c2 \u03b1\u03c1\u03c7\u03ad\u03c2 \u03ba\u03b1\u03b9 \u03c4\u03b7\u03bd \u03c7\u03c1\u03b7\u03c3\u03b9\u03bc\u03bf\u03c0\u03bf\u03b9\u03bf\u03cd\u03bc\u03b5\u03bd\u03b7 \u03c4\u03b5\u03c7\u03bd\u03bf\u03bb\u03bf\u03b3\u03af\u03b1.\u00a0 \u038c\u03c1\u03b1\u03bc\u03ac \u03bc\u03b1\u03c2 \u03b5\u03af\u03bd\u03b1\u03b9 \u03bd\u03b1 \u03b1\u03c0\u03bf\u03c4\u03b5\u03bb\u03ad\u03c3\u03b5\u03b9 \u03c4\u03bf [&hellip;]<\/p>","protected":false},"author":1,"featured_media":0,"parent":0,"menu_order":0,"comment_status":"closed","ping_status":"closed","template":"wp-custom-template-different-header","meta":{"_uag_custom_page_level_css":"","footnotes":""},"class_list":["post-243","page","type-page","status-publish","hentry"],"uagb_featured_image_src":{"full":false,"thumbnail":false,"medium":false,"medium_large":false,"large":false,"1536x1536":false,"2048x2048":false,"etm-custom-language-flag":false,"gamipress-points":false,"gamipress-achievement":false,"gamipress-rank":false},"uagb_author_info":{"display_name":"admin","author_link":"https:\/\/opengovai4d.ellak.gr\/de\/author\/admin\/"},"uagb_comment_info":0,"uagb_excerpt":"\u03a3\u03c7\u03b5\u03c4\u03b9\u03ba\u03ac \u03bc\u03b5 \u03c4\u03bf \u03ba\u03bf\u03b9\u03bd\u03cc \u03c0\u03bb\u03b1\u03af\u03c3\u03b9\u03bf \u03c5\u03c0\u03b7\u03c1\u03b5\u03c3\u03b9\u03ce\u03bd To \u201c\u039a\u03bf\u03b9\u03bd\u03cc \u03a0\u03bb\u03b1\u03af\u03c3\u03b9\u03bf \u03a5\u03c0\u03b7\u03c1\u03b5\u03c3\u03b9\u03ce\u03bd\u201d \u03b1\u03c0\u03bf\u03c4\u03b5\u03bb\u03b5\u03af \u03c0\u03bb\u03b1\u03af\u03c3\u03b9\u03bf \u03c4\u03b7\u03c2 \u03b5\u03bb\u03bb\u03b7\u03bd\u03b9\u03ba\u03ae\u03c2 \u0394\u03b7\u03bc\u03cc\u03c3\u03b9\u03b1\u03c2 \u0394\u03b9\u03bf\u03af\u03ba\u03b7\u03c3\u03b7\u03c2, \u03c0\u03bf\u03c5 \u03b1\u03bd\u03b1\u03c0\u03b1\u03c1\u03b9\u03c3\u03c4\u03ac \u03c4\u03bf \u03bf\u03b9\u03ba\u03bf\u03c3\u03cd\u03c3\u03c4\u03b7\u03bc\u03b1, \u03b5\u03bd\u03c4\u03cc\u03c2 \u03c4\u03bf\u03c5 \u03bf\u03c0\u03bf\u03af\u03bf\u03c5 \u03c3\u03c7\u03b5\u03b4\u03b9\u03ac\u03b6\u03bf\u03bd\u03c4\u03b1\u03b9 \u03ba\u03b1\u03b9 \u03b1\u03bd\u03b1\u03c0\u03c4\u03cd\u03c3\u03c3\u03bf\u03bd\u03c4\u03b1\u03b9 \u03bf\u03b9 \u03c8\u03b7\u03c6\u03b9\u03b1\u03ba\u03ad\u03c2 \u03b4\u03b7\u03bc\u03cc\u03c3\u03b9\u03b5\u03c2 \u03c5\u03c0\u03b7\u03c1\u03b5\u03c3\u03af\u03b5\u03c2. \u0395\u03b9\u03b4\u03b9\u03ba\u03cc\u03c4\u03b5\u03c1\u03b1, \u03b1\u03c0\u03bf\u03c4\u03c5\u03c0\u03ce\u03bd\u03b5\u03b9 \u03ba\u03b1\u03b9 \u03c0\u03c1\u03bf\u03b4\u03b9\u03b1\u03b3\u03c1\u03ac\u03c6\u03b5\u03b9 \u03c4\u03bf\u03c5\u03c2 \u03b5\u03bc\u03c0\u03bb\u03b5\u03ba\u03cc\u03bc\u03b5\u03bd\u03bf\u03c5\u03c2 \u03b1\u03bd\u03b8\u03c1\u03ce\u03c0\u03bf\u03c5\u03c2 \u03ba\u03b1\u03b9 \u03bf\u03c1\u03b3\u03b1\u03bd\u03b9\u03c3\u03bc\u03bf\u03cd\u03c2, \u03c4\u03b9\u03c2 \u03c5\u03bb\u03bf\u03c0\u03bf\u03b9\u03bf\u03cd\u03bc\u03b5\u03bd\u03b5\u03c2 \u03b4\u03b9\u03b1\u03b4\u03b9\u03ba\u03b1\u03c3\u03af\u03b5\u03c2, \u03c4\u03b9\u03c2 \u03b4\u03b9\u03ae\u03ba\u03bf\u03c5\u03c3\u03b5\u03c2 \u03b1\u03c1\u03c7\u03ad\u03c2 \u03ba\u03b1\u03b9 \u03c4\u03b7\u03bd \u03c7\u03c1\u03b7\u03c3\u03b9\u03bc\u03bf\u03c0\u03bf\u03b9\u03bf\u03cd\u03bc\u03b5\u03bd\u03b7 \u03c4\u03b5\u03c7\u03bd\u03bf\u03bb\u03bf\u03b3\u03af\u03b1.\u00a0 \u038c\u03c1\u03b1\u03bc\u03ac \u03bc\u03b1\u03c2 \u03b5\u03af\u03bd\u03b1\u03b9 \u03bd\u03b1 \u03b1\u03c0\u03bf\u03c4\u03b5\u03bb\u03ad\u03c3\u03b5\u03b9 \u03c4\u03bf&hellip;","_links":{"self":[{"href":"https:\/\/opengovai4d.ellak.gr\/de\/wp-json\/wp\/v2\/pages\/243","targetHints":{"allow":["GET"]}}],"collection":[{"href":"https:\/\/opengovai4d.ellak.gr\/de\/wp-json\/wp\/v2\/pages"}],"about":[{"href":"https:\/\/opengovai4d.ellak.gr\/de\/wp-json\/wp\/v2\/types\/page"}],"author":[{"embeddable":true,"href":"https:\/\/opengovai4d.ellak.gr\/de\/wp-json\/wp\/v2\/users\/1"}],"replies":[{"embeddable":true,"href":"https:\/\/opengovai4d.ellak.gr\/de\/wp-json\/wp\/v2\/comments?post=243"}],"version-history":[{"count":8,"href":"https:\/\/opengovai4d.ellak.gr\/de\/wp-json\/wp\/v2\/pages\/243\/revisions"}],"predecessor-version":[{"id":843,"href":"https:\/\/opengovai4d.ellak.gr\/de\/wp-json\/wp\/v2\/pages\/243\/revisions\/843"}],"wp:attachment":[{"href":"https:\/\/opengovai4d.ellak.gr\/de\/wp-json\/wp\/v2\/media?parent=243"}],"curies":[{"name":"wp","href":"https:\/\/api.w.org\/{rel}","templated":true}]}}