{"id":2,"date":"2024-10-05T06:07:03","date_gmt":"2024-10-05T06:07:03","guid":{"rendered":"http:\/\/localhost:8000\/?page_id=2"},"modified":"2024-11-07T21:58:51","modified_gmt":"2024-11-07T21:58:51","slug":"sample-page","status":"publish","type":"page","link":"https:\/\/opengovai4d.ellak.gr\/de\/sample-page\/","title":{"rendered":"Sample Page"},"content":{"rendered":"<p>Dies ist eine Beispielseite. Es unterscheidet sich von einem Blogbeitrag, da er an einem Ort bleibt und in der Navigation Ihrer Website (in den meisten Themen) angezeigt wird. Die meisten Leute beginnen mit einer About-Seite, die sie potenziellen Website-Besuchern vorstellt. Es k\u00f6nnte so etwas sagen:<\/p>\n\n\n\n<blockquote class=\"wp-block-quote is-layout-flow wp-block-quote-is-layout-flow\"><p>Hallo da! Ich bin ein Fahrradkurier bei Tag, ein aufstrebender Schauspieler bei Nacht, und das ist meine Website. Ich lebe in Los Angeles, habe einen tollen Hund namens Jack und ich mag Pi\u00f1a Coladas. (Und gettin\u2019 im Regen gefangen.)<\/p><\/blockquote>\n\n\n\n<p>\u2026 oder so \u00e4hnlich:<\/p>\n\n\n\n<blockquote class=\"wp-block-quote is-layout-flow wp-block-quote-is-layout-flow\"><p>Die XYZ Doohickey Company wurde 1971 gegr\u00fcndet und bietet seitdem qualitativ hochwertige Doohickeys f\u00fcr die \u00d6ffentlichkeit an. XYZ befindet sich in Gotham City und besch\u00e4ftigt \u00fcber 2.000 Mitarbeiter und erledigt alle m\u00f6glichen gro\u00dfartigen Dinge f\u00fcr die Gotham Community.<\/p><\/blockquote>\n\n\n\n<p>Als neuer WordPress-Benutzer sollten Sie <a href=\"https:\/\/opengovai4d.ellak.gr\/wp-admin\/\">Ihr Dashboard<\/a> L\u00f6schen Sie diese Seite und erstellen Sie neue Seiten f\u00fcr Ihre Inhalte. Viel Spa\u00df!<\/p>","protected":false},"excerpt":{"rendered":"<p>This is an example page. It&#8217;s different from a blog post because it will stay in one place and will show up in your site navigation (in most themes). Most people start with an About page that introduces them to potential site visitors. It might say something like this: Hi there! I&#8217;m a bike messenger [&hellip;]<\/p>","protected":false},"author":1,"featured_media":0,"parent":0,"menu_order":0,"comment_status":"closed","ping_status":"closed","template":"wp-custom-template-different-header","meta":{"_uag_custom_page_level_css":"","footnotes":""},"class_list":["post-2","page","type-page","status-publish","hentry"],"uagb_featured_image_src":{"full":false,"thumbnail":false,"medium":false,"medium_large":false,"large":false,"1536x1536":false,"2048x2048":false,"etm-custom-language-flag":false,"gamipress-points":false,"gamipress-achievement":false,"gamipress-rank":false},"uagb_author_info":{"display_name":"admin","author_link":"https:\/\/opengovai4d.ellak.gr\/de\/author\/admin\/"},"uagb_comment_info":0,"uagb_excerpt":"This is an example page. It&#8217;s different from a blog post because it will stay in one place and will show up in your site navigation (in most themes). Most people start with an About page that introduces them to potential site visitors. It might say something like this: Hi there! I&#8217;m a bike messenger&hellip;","_links":{"self":[{"href":"https:\/\/opengovai4d.ellak.gr\/de\/wp-json\/wp\/v2\/pages\/2","targetHints":{"allow":["GET"]}}],"collection":[{"href":"https:\/\/opengovai4d.ellak.gr\/de\/wp-json\/wp\/v2\/pages"}],"about":[{"href":"https:\/\/opengovai4d.ellak.gr\/de\/wp-json\/wp\/v2\/types\/page"}],"author":[{"embeddable":true,"href":"https:\/\/opengovai4d.ellak.gr\/de\/wp-json\/wp\/v2\/users\/1"}],"replies":[{"embeddable":true,"href":"https:\/\/opengovai4d.ellak.gr\/de\/wp-json\/wp\/v2\/comments?post=2"}],"version-history":[{"count":1,"href":"https:\/\/opengovai4d.ellak.gr\/de\/wp-json\/wp\/v2\/pages\/2\/revisions"}],"predecessor-version":[{"id":1007,"href":"https:\/\/opengovai4d.ellak.gr\/de\/wp-json\/wp\/v2\/pages\/2\/revisions\/1007"}],"wp:attachment":[{"href":"https:\/\/opengovai4d.ellak.gr\/de\/wp-json\/wp\/v2\/media?parent=2"}],"curies":[{"name":"wp","href":"https:\/\/api.w.org\/{rel}","templated":true}]}}