{"id":1650,"date":"2026-04-15T14:19:30","date_gmt":"2026-04-15T14:19:30","guid":{"rendered":"https:\/\/ai4d-demo.infinityfree.me\/?page_id=1650"},"modified":"2026-04-15T14:20:52","modified_gmt":"2026-04-15T14:20:52","slug":"impact-analysis","status":"publish","type":"page","link":"https:\/\/opengovai4d.ellak.gr\/de\/impact-analysis\/","title":{"rendered":"FOLGEANALYSE"},"content":{"rendered":"<div class=\"wp-block-uagb-container uagb-block-29dba77c alignfull uagb-is-root-container\">\n<div class=\"wp-block-uagb-advanced-heading uagb-block-d497f5eb\"><h2 class=\"uagb-heading-text\"><strong>FOLGEANALYSE<\/strong><\/h2><\/div>\n\n\n\n<h3 class=\"wp-block-heading\"><strong>1. Auf welche Frage geht der Vorschlag ein?<\/strong><\/h3>\n\n\n\n<p>Griechenland nimmt an der Open Government Partnership (OGP) teil, ohne \u00fcber ein institutionalisiertes Multi-Stakeholder-Forum (MSF) zu verf\u00fcgen, wie es die OGP Participation &amp; Co-Creation Standards 2022 vorschreiben. Diese Abwesenheit f\u00fchrt zu: die Unf\u00e4higkeit, die nationalen Aktionspl\u00e4ne wirksam mitzugestalten, der Mangel an institutionellem Raum f\u00fcr die Zusammenarbeit zwischen Staat und Zivilgesellschaft und die Verfahrens\u00fcberpr\u00fcfung, der das Land bereits unterzogen wurde.<\/p>\n\n\n\n<h3 class=\"wp-block-heading\"><strong>2. Warum ist es ein Problem?<\/strong><\/h3>\n\n\n\n<p>Griechenlands zeitlose Erfahrung mit OGP stellt eine wiederkehrende \"Umsetzungsl\u00fccke\" zwischen Verpflichtungen und Ergebnissen dar. Das Fehlen eines st\u00e4ndigen Dialogmechanismus behindert die \u00dcberwachung der Umsetzung, schw\u00e4cht die Rechenschaftspflicht und untergr\u00e4bt das Vertrauen zwischen Staat und B\u00fcrgern. Ohne MSF werden nationale Aktionspl\u00e4ne einseitig konzipiert und bauen nicht auf der kollektiven Intelligenz der Zivilgesellschaft auf.<\/p>\n\n\n\n<h3 class=\"wp-block-heading\"><strong>3. F\u00fcr wen ist es?<\/strong><\/h3>\n\n\n\n<p>Der Vorschlag betrifft das Ministerium f\u00fcr digitale Governance (nationaler Vertreter Griechenlands im OGP), andere Ministerien und \u00f6ffentliche Einrichtungen, Nichtregierungsorganisationen, die sich f\u00fcr Fragen der offenen Governance engagieren oder daran interessiert sind, akademische Einrichtungen und Forschungseinrichtungen, journalistische Vereinigungen, technologische Gemeinschaften, Jugendorganisationen und schutzbed\u00fcrftige Gruppen sowie alle B\u00fcrgerinnen und B\u00fcrger.<\/p>\n\n\n\n<h3 class=\"wp-block-heading\"><strong>4. Internationale Erfahrung<\/strong><\/h3>\n\n\n\n<p>Der Vorschlag st\u00fctzt sich auf evidenzbasierte internationale Praktiken: das italienische Modell (22 MSF-Mitglieder, institutionalisiert seit 2022), den finnischen Ansatz (\u00fcber 100 Mitglieder Netzwerkmodell) und die estnische digitale F\u00fchrungsrolle.<\/p>\n\n\n\n<h3 class=\"wp-block-heading\"><strong>5. Erwartete Ergebnisse<\/strong><\/h3>\n\n\n\n<p>Es wird erwartet, dass die Einrichtung des MSF den Anforderungen der OGP entspricht und die verfahrenstechnische Bewertung aufhebt, eine st\u00e4ndige Institution der Zusammenarbeit zwischen Staat und Zivilgesellschaft schafft, die Qualit\u00e4t der nationalen Aktionspl\u00e4ne durch gemeinsame Gestaltung verbessert und schlie\u00dflich die Rechenschaftspflicht und das Vertrauen der B\u00fcrgerstaaten st\u00e4rkt.<\/p>\n\n\n\n<h3 class=\"wp-block-heading\"><strong>6. Rechtlicher und institutioneller Rahmen<\/strong><\/h3>\n\n\n\n<p><strong>Griechische Rechtsvorschriften:<\/strong><\/p>\n\n\n\n<ul class=\"wp-block-list\">\n<li>Gesetz 4727\/2020 \u00fcber die digitale Governance (Regierungsanzeiger, Reihe I, Nr. 184\/23.9.2020)<\/li>\n\n\n\n<li>Gesetz 4622\/2019 \u2013 Exekutivstaat: Organisation, Arbeitsweise und Transparenz der Regierung (Government Gazette, Series I, No 133, 7.8.2019) \u2013 regelt unter anderem die \u00f6ffentliche Konsultation \u00fcber opengov.gr<\/li>\n\n\n\n<li>Gesetz 4624\/2019 - Schutz personenbezogener Daten (DSGVO-Anwendung)<\/li>\n\n\n\n<li>Gesetz 3861\/2010 \u2014 Programm \u201eDiavgeia\u201c<\/li>\n\n\n\n<li>Gesetz 4305\/2014 \u2013 Offene Verf\u00fcgbarkeit \u00f6ffentlicher Daten<\/li>\n<\/ul>\n\n\n\n<p><strong>Europ\u00e4ischer Rahmen:<\/strong><\/p>\n\n\n\n<ul class=\"wp-block-list\">\n<li>Verordnung (EU) 2016\/679 \u2013 Datenschutz-Grundverordnung (DSGVO)<\/li>\n\n\n\n<li>Verordnung (EU) 2024\/1689 \u2013 Gesetz \u00fcber k\u00fcnstliche Intelligenz<\/li>\n\n\n\n<li>Richtlinie (EU) 2019\/1024 \u2013 Offene Daten<\/li>\n\n\n\n<li>OECD-Empfehlung zu Open Governance (2017)<\/li>\n<\/ul>\n\n\n\n<p><strong>OGP-Standard:<\/strong><\/p>\n\n\n\n<ul class=\"wp-block-list\">\n<li>OGP Partizipation undamp; Co-Creation Standards (2022)<\/li>\n\n\n\n<li>OGP Multi-Stakeholder Forum Handbuch<\/li>\n\n\n\n<li>Leitlinien des Nationalen Aktionsplans der OGP<\/li>\n<\/ul>\n\n\n\n<p>Dieser Vorschlag erfordert keine Rechtsvorschriften. Das multilaterale Forum kann im Einklang mit der internationalen Praxis durch einen Ministerbeschluss oder ein Ministerratsgesetz eingerichtet werden (z. B. Italien: MSF-Verordnung Juli 2022, Spanien: Ministerbeschluss HFP\/134\/2018, Australien: Leistungsbeschreibung 2024).<\/p>\n\n\n\n<hr class=\"wp-block-separator has-alpha-channel-opacity\"\/>\n\n\n\n<h3 class=\"wp-block-heading\"><strong>7. Vergleich internationaler Modelle<\/strong><\/h3>\n\n\n\n<figure class=\"wp-block-table\"><table class=\"has-fixed-layout\"><tbody><tr><td><strong>Land<\/strong><\/td><td><strong>Gr\u00f6\u00dfe von MSF<\/strong><\/td><td><strong>Institutionelle Grundlagen<\/strong><\/td><td><strong>IRM-Bewertung<\/strong><\/td><td><strong>Wichtigste Innovation<\/strong><\/td><\/tr><tr><td><strong>Italien<\/strong><\/td><td>22 (11+11)<\/td><td>Verordnung 2022<\/td><td>Positiv<\/td><td>Breitere Gemeinschaft von mehr als 100 Mitgliedern<\/td><\/tr><tr><td><strong>Australien<\/strong><\/td><td>18 (9+9)<\/td><td>Leistungsbeschreibung<\/td><td>Positiv<\/td><td>Chatham House Regel in geschlossenen Sitzungen<\/td><\/tr><tr><td><strong>Finnland<\/strong><\/td><td>Netzwerk 100+<\/td><td>Nationale Strategie<\/td><td>Positiv<\/td><td>Dual-Struktur-Modell, Open Government Academy<\/td><\/tr><tr><td><strong>Estland<\/strong><\/td><td>Variable<\/td><td>E-Governance-Rahmen<\/td><td>Positiv<\/td><td>Vollst\u00e4ndige digitale Integration<\/td><\/tr><tr><td><strong>Vereinigtes K\u00f6nigreich<\/strong><\/td><td>~20<\/td><td>Strukturierter MSF<\/td><td>M\u00e4\u00dfig<\/td><td>Viertelj\u00e4hrliche Hybrid-Sitzungen<\/td><\/tr><tr><td><strong>Spanien<\/strong><\/td><td>~30<\/td><td>Finanzministerium Beschluss 2018<\/td><td>M\u00e4\u00dfig<\/td><td>Integration auf mehreren Ebenen (national\/regional\/lokal)<\/td><\/tr><\/tbody><\/table><\/figure>\n\n\n\n<p><strong>Wichtige Lektionen f\u00fcr Griechenland:<\/strong><\/p>\n\n\n\n<ul class=\"wp-block-list\">\n<li>Ausgewogene Darstellung (50-50) ist ein gemeinsamer Nenner in allen erfolgreichen Modellen<\/li>\n\n\n\n<li>Schrittweise Skalierung (klein \u2192 gro\u00df) ist machbar und empfehlenswert<\/li>\n\n\n\n<li>Regelm\u00e4\u00dfige Anwesenheit von Regierungsvertretern ist kritisch (Australische Lektion)<\/li>\n\n\n\n<li>Die Existenz eines gemischten Sekretariats st\u00e4rkt das institutionelle Ged\u00e4chtnis<\/li>\n<\/ul>\n\n\n\n<hr class=\"wp-block-separator has-alpha-channel-opacity\"\/>\n\n\n\n<h3 class=\"wp-block-heading\"><strong>8. Folgenabsch\u00e4tzung<\/strong><\/h3>\n\n\n\n<p><strong>Positive Auswirkungen:<\/strong><\/p>\n\n\n\n<ul class=\"wp-block-list\">\n<li>Reaktion auf OGP-Verpflichtungen und m\u00f6gliche Aufhebung der Verfahrensbewertung<\/li>\n\n\n\n<li>Schaffung eines dauerhaften institutionellen Raums f\u00fcr den Dialog zwischen Staat und Zivilgesellschaft<\/li>\n\n\n\n<li>Verbesserung der Qualit\u00e4t der nationalen Aktionspl\u00e4ne durch gemeinsame Gestaltung<\/li>\n\n\n\n<li>St\u00e4rkung des institutionellen Ged\u00e4chtnisses und der Kontinuit\u00e4t der Politik der offenen Regierung<\/li>\n<\/ul>\n\n\n\n<p><strong>Durchf\u00fchrungskosten:<\/strong><\/p>\n\n\n\n<ul class=\"wp-block-list\">\n<li>Minimale direkte Kosten: Das Vorhaben beruht auf freiwilliger Beteiligung und bestehender Infrastruktur.<\/li>\n\n\n\n<li>Zeit der Beamten: gesch\u00e4tzte Mittelbindung ~2-4 Stunden\/Monat pro Mitglied<\/li>\n\n\n\n<li>Sekretariatsunterst\u00fctzung: gesch\u00e4tzter Bedarf an 0,5-1 Vollzeitstellen<\/li>\n<\/ul>\n\n\n\n<p><strong>Risiken:<\/strong><\/p>\n\n\n\n<ul class=\"wp-block-list\">\n<li>Nichtbeantwortung von Regierungsstellen auf Sitzungen (gemessen anhand von Abgeordneten und politischer Pr\u00e4senz)<\/li>\n\n\n\n<li>Mittelfristiger Mangel an Sekretariatsmitteln (gemindert durch schrittweise Eskalation und freiwillige Unterst\u00fctzung)<\/li>\n\n\n\n<li>Typische Funktion ohne wesentlichen Einfluss (gemessen durch \u00f6ffentliche Fortschrittsberichte und IRM-Bewertung)<\/li>\n<\/ul>\n<\/div>","protected":false},"excerpt":{"rendered":"<p>\u0391\u039d\u0391\u039b\u03a5\u03a3\u0397 \u03a3\u03a5\u039d\u0395\u03a0\u0395\u0399\u03a9\u039d 1. \u03a0\u03bf\u03b9\u03bf \u03b6\u03ae\u03c4\u03b7\u03bc\u03b1 \u03b1\u03bd\u03c4\u03b9\u03bc\u03b5\u03c4\u03c9\u03c0\u03af\u03b6\u03b5\u03b9 \u03b7 \u03c0\u03c1\u03cc\u03c4\u03b1\u03c3\u03b7; \u0397 \u0395\u03bb\u03bb\u03ac\u03b4\u03b1 \u03c3\u03c5\u03bc\u03bc\u03b5\u03c4\u03ad\u03c7\u03b5\u03b9 \u03c3\u03c4\u03b7\u03bd \u03a3\u03cd\u03bc\u03c0\u03c1\u03b1\u03be\u03b7 \u03b3\u03b9\u03b1 \u03c4\u03b7\u03bd \u0391\u03bd\u03bf\u03b9\u03c7\u03c4\u03ae \u0394\u03b9\u03b1\u03ba\u03c5\u03b2\u03ad\u03c1\u03bd\u03b7\u03c3\u03b7 (OGP) \u03c7\u03c9\u03c1\u03af\u03c2 \u03bd\u03b1 \u03b4\u03b9\u03b1\u03b8\u03ad\u03c4\u03b5\u03b9 \u03b8\u03b5\u03c3\u03bc\u03bf\u03b8\u03b5\u03c4\u03b7\u03bc\u03ad\u03bd\u03bf \u03a0\u03bf\u03bb\u03c5\u03bc\u03b5\u03c1\u03ad\u03c2 \u03a6\u03cc\u03c1\u03bf\u03c5\u03bc (Multistakeholder Forum \u2014 MSF), \u03cc\u03c0\u03c9\u03c2 \u03b1\u03c0\u03b1\u03b9\u03c4\u03b5\u03af\u03c4\u03b1\u03b9 \u03b1\u03c0\u03cc \u03c4\u03b1 \u03c0\u03c1\u03cc\u03c4\u03c5\u03c0\u03b1 \u03c3\u03c5\u03bc\u03bc\u03b5\u03c4\u03bf\u03c7\u03ae\u03c2 \u03ba\u03b1\u03b9 \u03c3\u03c5\u03bd-\u03b4\u03b7\u03bc\u03b9\u03bf\u03c5\u03c1\u03b3\u03af\u03b1\u03c2 \u03c4\u03bf\u03c5 OGP (OGP Participation &amp; Co-Creation Standards 2022). \u0397 \u03b1\u03c0\u03bf\u03c5\u03c3\u03af\u03b1 \u03b1\u03c5\u03c4\u03ae \u03ad\u03c7\u03b5\u03b9 \u03c9\u03c2 \u03b1\u03c0\u03bf\u03c4\u03ad\u03bb\u03b5\u03c3\u03bc\u03b1: \u03c4\u03b7\u03bd \u03b1\u03b4\u03c5\u03bd\u03b1\u03bc\u03af\u03b1 \u03bf\u03c5\u03c3\u03b9\u03b1\u03c3\u03c4\u03b9\u03ba\u03ae\u03c2 \u03c3\u03c5\u03bd-\u03b4\u03b7\u03bc\u03b9\u03bf\u03c5\u03c1\u03b3\u03af\u03b1\u03c2 \u03c4\u03c9\u03bd [&hellip;]<\/p>","protected":false},"author":1,"featured_media":0,"parent":0,"menu_order":0,"comment_status":"closed","ping_status":"closed","template":"wp-custom-template-different-header","meta":{"_uag_custom_page_level_css":"","footnotes":""},"class_list":["post-1650","page","type-page","status-publish","hentry"],"uagb_featured_image_src":{"full":false,"thumbnail":false,"medium":false,"medium_large":false,"large":false,"1536x1536":false,"2048x2048":false,"etm-custom-language-flag":false,"gamipress-points":false,"gamipress-achievement":false,"gamipress-rank":false},"uagb_author_info":{"display_name":"admin","author_link":"https:\/\/opengovai4d.ellak.gr\/de\/author\/admin\/"},"uagb_comment_info":0,"uagb_excerpt":"\u0391\u039d\u0391\u039b\u03a5\u03a3\u0397 \u03a3\u03a5\u039d\u0395\u03a0\u0395\u0399\u03a9\u039d 1. \u03a0\u03bf\u03b9\u03bf \u03b6\u03ae\u03c4\u03b7\u03bc\u03b1 \u03b1\u03bd\u03c4\u03b9\u03bc\u03b5\u03c4\u03c9\u03c0\u03af\u03b6\u03b5\u03b9 \u03b7 \u03c0\u03c1\u03cc\u03c4\u03b1\u03c3\u03b7; \u0397 \u0395\u03bb\u03bb\u03ac\u03b4\u03b1 \u03c3\u03c5\u03bc\u03bc\u03b5\u03c4\u03ad\u03c7\u03b5\u03b9 \u03c3\u03c4\u03b7\u03bd \u03a3\u03cd\u03bc\u03c0\u03c1\u03b1\u03be\u03b7 \u03b3\u03b9\u03b1 \u03c4\u03b7\u03bd \u0391\u03bd\u03bf\u03b9\u03c7\u03c4\u03ae \u0394\u03b9\u03b1\u03ba\u03c5\u03b2\u03ad\u03c1\u03bd\u03b7\u03c3\u03b7 (OGP) \u03c7\u03c9\u03c1\u03af\u03c2 \u03bd\u03b1 \u03b4\u03b9\u03b1\u03b8\u03ad\u03c4\u03b5\u03b9 \u03b8\u03b5\u03c3\u03bc\u03bf\u03b8\u03b5\u03c4\u03b7\u03bc\u03ad\u03bd\u03bf \u03a0\u03bf\u03bb\u03c5\u03bc\u03b5\u03c1\u03ad\u03c2 \u03a6\u03cc\u03c1\u03bf\u03c5\u03bc (Multistakeholder Forum \u2014 MSF), \u03cc\u03c0\u03c9\u03c2 \u03b1\u03c0\u03b1\u03b9\u03c4\u03b5\u03af\u03c4\u03b1\u03b9 \u03b1\u03c0\u03cc \u03c4\u03b1 \u03c0\u03c1\u03cc\u03c4\u03c5\u03c0\u03b1 \u03c3\u03c5\u03bc\u03bc\u03b5\u03c4\u03bf\u03c7\u03ae\u03c2 \u03ba\u03b1\u03b9 \u03c3\u03c5\u03bd-\u03b4\u03b7\u03bc\u03b9\u03bf\u03c5\u03c1\u03b3\u03af\u03b1\u03c2 \u03c4\u03bf\u03c5 OGP (OGP Participation &amp; Co-Creation Standards 2022). \u0397 \u03b1\u03c0\u03bf\u03c5\u03c3\u03af\u03b1 \u03b1\u03c5\u03c4\u03ae \u03ad\u03c7\u03b5\u03b9 \u03c9\u03c2 \u03b1\u03c0\u03bf\u03c4\u03ad\u03bb\u03b5\u03c3\u03bc\u03b1: \u03c4\u03b7\u03bd \u03b1\u03b4\u03c5\u03bd\u03b1\u03bc\u03af\u03b1 \u03bf\u03c5\u03c3\u03b9\u03b1\u03c3\u03c4\u03b9\u03ba\u03ae\u03c2 \u03c3\u03c5\u03bd-\u03b4\u03b7\u03bc\u03b9\u03bf\u03c5\u03c1\u03b3\u03af\u03b1\u03c2 \u03c4\u03c9\u03bd&hellip;","_links":{"self":[{"href":"https:\/\/opengovai4d.ellak.gr\/de\/wp-json\/wp\/v2\/pages\/1650","targetHints":{"allow":["GET"]}}],"collection":[{"href":"https:\/\/opengovai4d.ellak.gr\/de\/wp-json\/wp\/v2\/pages"}],"about":[{"href":"https:\/\/opengovai4d.ellak.gr\/de\/wp-json\/wp\/v2\/types\/page"}],"author":[{"embeddable":true,"href":"https:\/\/opengovai4d.ellak.gr\/de\/wp-json\/wp\/v2\/users\/1"}],"replies":[{"embeddable":true,"href":"https:\/\/opengovai4d.ellak.gr\/de\/wp-json\/wp\/v2\/comments?post=1650"}],"version-history":[{"count":2,"href":"https:\/\/opengovai4d.ellak.gr\/de\/wp-json\/wp\/v2\/pages\/1650\/revisions"}],"predecessor-version":[{"id":1653,"href":"https:\/\/opengovai4d.ellak.gr\/de\/wp-json\/wp\/v2\/pages\/1650\/revisions\/1653"}],"wp:attachment":[{"href":"https:\/\/opengovai4d.ellak.gr\/de\/wp-json\/wp\/v2\/media?parent=1650"}],"curies":[{"name":"wp","href":"https:\/\/api.w.org\/{rel}","templated":true}]}}